{"id":8,"date":"2016-10-05T20:41:00","date_gmt":"2016-10-05T20:41:00","guid":{"rendered":"http:\/\/efg-hammerbruecke.de\/wordpress\/?page_id=8"},"modified":"2023-04-04T05:23:26","modified_gmt":"2023-04-04T05:23:26","slug":"termine","status":"publish","type":"page","link":"https:\/\/efg-hammerbruecke.de\/wordpress\/?page_id=8","title":{"rendered":"Veranstaltungen"},"content":{"rendered":"<p><strong><u>Sonntag:<\/u><\/strong><\/p>\n<p>9.30 \u00a0\u00a0\u00a0\u00a0\u00a0 Anbetungsstunde (Wir loben Gott und unseren Herrn Jesus Christus f\u00fcr seine Liebe und unsere Errettung.)<\/p>\n<p><strong>10.30 \u00a0\u00a0\u00a0 Gottesdienst<\/strong> (Gemeinsame Lieder, Predigt des Wortes Gottes)<\/p>\n<p>nach gemeinsamem Start: Kinderstunde in 2 Altersgruppen (Vorschulkinder + 1. Klasse; 2.-8. Klasse)<\/p>\n<p><strong><u>Mittwoch:<\/u><\/strong><\/p>\n<p>19.30\u00a0\u00a0\u00a0\u00a0 Bibelgespr\u00e4ch (Wir lesen einen fortlaufenden Bibeltext, indem wir uns austauschen, welchen urspr\u00fcnglichen Sinn dieser hat und was uns das Wort Gottes heute sagen m\u00f6chte.)<\/p>\n<p><strong><u>Freitag:<\/u><\/strong><\/p>\n<p>17.00\u00a0\u00a0\u00a0\u00a0 Jungschar (Jungs und M\u00e4dels von 3.-8. Klasse treffen sich, um zu singen, etwas aus der Bibel zu h\u00f6ren und zu spielen. Zweimal j\u00e4hrlich \u00fcbernachten wir in der Gemeinde oder zelten. Au\u00dferdem gibt es H\u00f6hepunkte, wie Fahrradtour, Gel\u00e4ndespiel und Kinder-Bibel-Tage gemeinsam mit vielen anderen Jungschargruppen.)<\/p>\n<p>19.30\u00a0\u00a0\u00a0\u00a0 3. Freitag im Monat: Gebetsstunde (Wir bringen Gott unsere Anliegen aus dem Alltag.)<\/p>\n<p><strong><u>Samstag:<\/u><\/strong><\/p>\n<p>19.30\u00a0\u00a0\u00a0\u00a0 Jugendstunde (Jugendliche ab 8. Klasse treffen sich, um gemeinsam Zeit zu verbringen, Lieder zu singen und Neues von Gott zu lernen.)<\/p>\n","protected":false},"excerpt":{"rendered":"<p>Sonntag: 9.30 \u00a0\u00a0\u00a0\u00a0\u00a0 Anbetungsstunde (Wir loben Gott und unseren Herrn Jesus Christus f\u00fcr seine Liebe und unsere Errettung.) 10.30 \u00a0\u00a0\u00a0 Gottesdienst (Gemeinsame Lieder, Predigt des Wortes Gottes) nach gemeinsamem Start: Kinderstunde in 2 Altersgruppen (Vorschulkinder + 1. Klasse; 2.-8. Klasse) Mittwoch: 19.30\u00a0\u00a0\u00a0\u00a0 Bibelgespr\u00e4ch (Wir lesen einen fortlaufenden Bibeltext, indem wir uns austauschen, welchen urspr\u00fcnglichen Sinn &hellip; <a href=\"https:\/\/efg-hammerbruecke.de\/wordpress\/?page_id=8\" class=\"more-link\"><span class=\"screen-reader-text\">&#8222;Veranstaltungen&#8220; <\/span>weiterlesen<\/a><\/p>\n","protected":false},"author":3,"featured_media":0,"parent":0,"menu_order":2,"comment_status":"closed","ping_status":"closed","template":"","meta":{"footnotes":""},"class_list":["post-8","page","type-page","status-publish","hentry"],"_links":{"self":[{"href":"https:\/\/efg-hammerbruecke.de\/wordpress\/index.php?rest_route=\/wp\/v2\/pages\/8","targetHints":{"allow":["GET"]}}],"collection":[{"href":"https:\/\/efg-hammerbruecke.de\/wordpress\/index.php?rest_route=\/wp\/v2\/pages"}],"about":[{"href":"https:\/\/efg-hammerbruecke.de\/wordpress\/index.php?rest_route=\/wp\/v2\/types\/page"}],"author":[{"embeddable":true,"href":"https:\/\/efg-hammerbruecke.de\/wordpress\/index.php?rest_route=\/wp\/v2\/users\/3"}],"replies":[{"embeddable":true,"href":"https:\/\/efg-hammerbruecke.de\/wordpress\/index.php?rest_route=%2Fwp%2Fv2%2Fcomments&post=8"}],"version-history":[{"count":12,"href":"https:\/\/efg-hammerbruecke.de\/wordpress\/index.php?rest_route=\/wp\/v2\/pages\/8\/revisions"}],"predecessor-version":[{"id":432,"href":"https:\/\/efg-hammerbruecke.de\/wordpress\/index.php?rest_route=\/wp\/v2\/pages\/8\/revisions\/432"}],"wp:attachment":[{"href":"https:\/\/efg-hammerbruecke.de\/wordpress\/index.php?rest_route=%2Fwp%2Fv2%2Fmedia&parent=8"}],"curies":[{"name":"wp","href":"https:\/\/api.w.org\/{rel}","templated":true}]}}