{"id":640,"date":"2025-02-04T06:33:51","date_gmt":"2025-02-04T06:33:51","guid":{"rendered":"https:\/\/efg-hammerbruecke.de\/wordpress\/?page_id=640"},"modified":"2025-02-04T15:52:47","modified_gmt":"2025-02-04T15:52:47","slug":"2025-01-allianzgebetswoche-2025","status":"publish","type":"page","link":"https:\/\/efg-hammerbruecke.de\/wordpress\/?page_id=640","title":{"rendered":"2025-02 Allianzgebetswoche 2025"},"content":{"rendered":"<p>\u201eMiteinander Hoffnung leben\u201c, so war das Thema unserer diesj\u00e4hrigen Gebetswoche, die<br \/>\ndie Kirchgemeinde, Landeskirchliche Gemeinschaft, Christliche Versammlung und die<br \/>\nEvangelisch-Freikirchliche Gemeinde von Muldenhammer am Anfang Jahres schon seit<br \/>\nJahrzehnten gemeinsam durchf\u00fchren. Dieses Thema greift die aktuelle Hoffnungslosigkeit<br \/>\nauf, mit der wir in unserem Alltag t\u00e4glich konfrontiert werden. Viele Menschen um uns<br \/>\nherum hoffen nichtmehr auf eine positive Ver\u00e4nderung der wirtschaftlichen oder politischen<br \/>\nSituation, obwohl es uns ja noch sehr gut geht. Auch wir Christen sind gef\u00e4hrdet, dass die<br \/>\nallt\u00e4glichen Umst\u00e4nde uns den Blick auf die hoffnungsvolle ewige Zukunft tr\u00fcben. Einige<br \/>\nVerse aus dem 1. Brief des Apostel Paulus an die Christen in Thessaloniki waren die<br \/>\nGrundlage f\u00fcr die verschiedenen Abende.<br \/>\nWir trafen uns in den verschiedenen Gemeinden, im Herrenhaus in Tannenbergsthal und<br \/>\nauch in der Fl\u00f6\u00dferscheune in Muldenberg.<br \/>\nDie Tagesthemen waren:<br \/>\n\u201eHoffnung f\u00fcr die Gemeinde\u201c;<br \/>\n\u201eHoffnung f\u00fcr die Welt &#8211; Haltet Frieden untereinander\u201c;<br \/>\n\u201eHoffnung f\u00fcr den N\u00e4chsten &#8211; Jeden ermutigt\u201c;<br \/>\n\u201eHoffnung verbreiten &#8211; Gutes f\u00f6rdern mit allen Kr\u00e4ften\u201c;<br \/>\n\u201eHoffnung sch\u00f6pfen &#8211; fr\u00f6hlich-dankbar beten\u201c;<br \/>\n\u201eHoffnung bewahren-Pr\u00fcft aber alles und das Gute behaltet\u201c;<br \/>\n\u201eHoffnung bringt ans Ziel &#8211; Betet auch f\u00fcr uns&#8230;\u201c;<br \/>\nHier einige Impulse aus den verschiedenen Themen:<br \/>\n&#8211; Frieden ist eine sehr gef\u00e4hrdete Sache zwischen den Menschen im Alltag genauso wie<br \/>\nzwischen V\u00f6lkern.<br \/>\n&#8211; Jeder Mensch braucht Ermunterung, Trost oder aber auch Ermahnung, nur so ist es<br \/>\nm\u00f6glich, dass wir als einzelne und aber auch als Gemeinschaft wachsen.<br \/>\n&#8211; Gott ist der, der Gutes im Sinn hat und in der Abh\u00e4ngigkeit von ihm k\u00f6nnen auch wir<br \/>\nGutes tun.<br \/>\n&#8211; Als Christen k\u00f6nnen wir fr\u00f6hlich dankbar beten.<br \/>\n&#8211; Wir sind \u00fcberzeugt, nur eine fundierte Hoffnung, also eine Hoffnung die auf dem klaren<br \/>\nFundament der Bibel, der Aussagen Christi gegr\u00fcndet ist, kann tragen, deshalb ist es<br \/>\nwichtig, immer wieder einmal den Check zu machen, ob wir wirklich noch auf dem richtigen<br \/>\nKurs sind.<br \/>\nIn der Spitze trafen sich ca. 120 Leuten zu einer Kurzpredigt, wir haben gemeinsam gesungen<br \/>\nund hatten eine Gebetsgemeinschaft, wo wir Gott lobten und dankten, f\u00fcr die verschiedensten<br \/>\nAnliegen und auch um Vergebung baten, da, wo wir versagt haben in der Vergangenheit.<\/p>\n<p>Im Vertrauen auf unseren gro\u00dfen Gott, der Himmel und Erde erschuf, k\u00f6nnen und wollen wir<br \/>\nnun mit neu gest\u00e4rkter Hoffnung in das Jahr 2025 gehen.<\/p>\n<p>Matthias Krippner<\/p>\n","protected":false},"excerpt":{"rendered":"<p>\u201eMiteinander Hoffnung leben\u201c, so war das Thema unserer diesj\u00e4hrigen Gebetswoche, die die Kirchgemeinde, Landeskirchliche Gemeinschaft, Christliche Versammlung und die Evangelisch-Freikirchliche Gemeinde von Muldenhammer am Anfang Jahres schon seit Jahrzehnten gemeinsam durchf\u00fchren. Dieses Thema greift die aktuelle Hoffnungslosigkeit auf, mit der wir in unserem Alltag t\u00e4glich konfrontiert werden. Viele Menschen um uns herum hoffen nichtmehr auf &hellip; <a href=\"https:\/\/efg-hammerbruecke.de\/wordpress\/?page_id=640\" class=\"more-link\"><span class=\"screen-reader-text\">&#8222;2025-02 Allianzgebetswoche 2025&#8220; <\/span>weiterlesen<\/a><\/p>\n","protected":false},"author":3,"featured_media":0,"parent":0,"menu_order":0,"comment_status":"closed","ping_status":"closed","template":"","meta":{"footnotes":""},"class_list":["post-640","page","type-page","status-publish","hentry"],"_links":{"self":[{"href":"https:\/\/efg-hammerbruecke.de\/wordpress\/index.php?rest_route=\/wp\/v2\/pages\/640","targetHints":{"allow":["GET"]}}],"collection":[{"href":"https:\/\/efg-hammerbruecke.de\/wordpress\/index.php?rest_route=\/wp\/v2\/pages"}],"about":[{"href":"https:\/\/efg-hammerbruecke.de\/wordpress\/index.php?rest_route=\/wp\/v2\/types\/page"}],"author":[{"embeddable":true,"href":"https:\/\/efg-hammerbruecke.de\/wordpress\/index.php?rest_route=\/wp\/v2\/users\/3"}],"replies":[{"embeddable":true,"href":"https:\/\/efg-hammerbruecke.de\/wordpress\/index.php?rest_route=%2Fwp%2Fv2%2Fcomments&post=640"}],"version-history":[{"count":4,"href":"https:\/\/efg-hammerbruecke.de\/wordpress\/index.php?rest_route=\/wp\/v2\/pages\/640\/revisions"}],"predecessor-version":[{"id":645,"href":"https:\/\/efg-hammerbruecke.de\/wordpress\/index.php?rest_route=\/wp\/v2\/pages\/640\/revisions\/645"}],"wp:attachment":[{"href":"https:\/\/efg-hammerbruecke.de\/wordpress\/index.php?rest_route=%2Fwp%2Fv2%2Fmedia&parent=640"}],"curies":[{"name":"wp","href":"https:\/\/api.w.org\/{rel}","templated":true}]}}