{"id":628,"date":"2025-01-16T17:22:17","date_gmt":"2025-01-16T17:22:17","guid":{"rendered":"https:\/\/efg-hammerbruecke.de\/wordpress\/?page_id=628"},"modified":"2025-01-16T17:22:17","modified_gmt":"2025-01-16T17:22:17","slug":"2025-01-opendoors-einladung","status":"publish","type":"page","link":"https:\/\/efg-hammerbruecke.de\/wordpress\/?page_id=628","title":{"rendered":"2025-01 OpenDoors-Einladung"},"content":{"rendered":"<p><strong>Christenverfolgung \u2013 \u201eVerfolgt, aber nicht vergessen\u201c<\/strong><br \/>\n<strong>Einladung zu einem Vortrag in der EFG Hammerbr\u00fccke<\/strong><\/p>\n<p>Wir leben in Deutschland in einem Frieden, der f\u00fcr viele Menschen auf der<br \/>\nWelt kaum vorstellbar ist. Die Freiheit, unseren Glauben offen zu leben, ist ein<br \/>\nkostbares Gut, das Millionen von Christen vielerorts weltweit nicht erfahren.<br \/>\nSie werden diskriminiert, entf\u00fchrt, eingesperrt, gefoltert oder sogar get\u00f6tet.<br \/>\nDennoch zeigt sich inmitten dieser Verfolgung eine unglaubliche Kraft: Der<br \/>\nGlaube an Jesus schenkt Hoffnung, Mut und l\u00e4sst verfolgte Christen zum<br \/>\nZeugnis eines \u201einneren, gottgegebenen Friedens\u201c werden.<br \/>\nWir als EFG Hammerbr\u00fccke haben den Referenten Ricardo Corban von der<br \/>\nOrganisation Open Doors \u2013 einer Organisation, die sich seit Jahrzehnten f\u00fcr<br \/>\nverfolgte Christen einsetzt \u2013 zu Gast und m\u00f6chten Sie dazu herzlich am<br \/>\n12.02.2025 um 19:30 Uhr einladen.<br \/>\nDieser Vortrag ist mehr als eine Informationsveranstaltung. Es sind Geschichten<br \/>\nunersch\u00fctterlichen Glaubens, die inspirieren und zeigen, wie kraftvoll es ist,<br \/>\nwenn Menschen in leidvollen Situationen mit ihren \u00c4ngsten, Schmerzen und<br \/>\nFragen zu Gott gehen und trotz extremer Not an ihrem Glauben festhalten. Ein<br \/>\nVortrag, der von der sp\u00fcrbaren Kraft des Gebets berichtet, durch die Dinge<br \/>\ngeschehen, welche sich anders als durch ein Eingreifen Gottes nicht erkl\u00e4ren<br \/>\nlassen.<br \/>\nErfahren Sie, wie Sie Verfolgung \u00fcberwinden und was es bedeutet, f\u00fcr den<br \/>\nGlauben an Jesus alles zu riskieren. Staunen Sie, wie Gott auch in den<br \/>\ndunkelsten Stunden seine Kirche baut und Hoffnung schenkt.<br \/>\nWir w\u00fcrden uns freuen, Sie bei diesem besonderen Abend begr\u00fc\u00dfen zu d\u00fcrfen!<br \/>\n\u201eDies habe ich mit euch geredet, damit ihr in mir Frieden habt. In der<br \/>\nWelt habt ihr Bedr\u00e4ngnis; aber seid getrost, ich habe die Welt<br \/>\n\u00fcberwunden.\u201c<br \/>\n1. Johannes 16,33<\/p>\n<p>Josias Fickert<\/p>\n<p><img loading=\"lazy\" decoding=\"async\" class=\"alignnone size-full wp-image-629\" src=\"http:\/\/efg-hammerbruecke.de\/wordpress\/wp-content\/uploads\/2025\/01\/Bild5.jpg\" alt=\"\" width=\"945\" height=\"1336\" srcset=\"https:\/\/efg-hammerbruecke.de\/wordpress\/wp-content\/uploads\/2025\/01\/Bild5.jpg 945w, https:\/\/efg-hammerbruecke.de\/wordpress\/wp-content\/uploads\/2025\/01\/Bild5-212x300.jpg 212w, https:\/\/efg-hammerbruecke.de\/wordpress\/wp-content\/uploads\/2025\/01\/Bild5-724x1024.jpg 724w, https:\/\/efg-hammerbruecke.de\/wordpress\/wp-content\/uploads\/2025\/01\/Bild5-768x1086.jpg 768w\" sizes=\"auto, (max-width: 709px) 85vw, (max-width: 909px) 67vw, (max-width: 1362px) 62vw, 840px\" \/><\/p>\n","protected":false},"excerpt":{"rendered":"<p>Christenverfolgung \u2013 \u201eVerfolgt, aber nicht vergessen\u201c Einladung zu einem Vortrag in der EFG Hammerbr\u00fccke Wir leben in Deutschland in einem Frieden, der f\u00fcr viele Menschen auf der Welt kaum vorstellbar ist. Die Freiheit, unseren Glauben offen zu leben, ist ein kostbares Gut, das Millionen von Christen vielerorts weltweit nicht erfahren. Sie werden diskriminiert, entf\u00fchrt, eingesperrt, &hellip; <a href=\"https:\/\/efg-hammerbruecke.de\/wordpress\/?page_id=628\" class=\"more-link\"><span class=\"screen-reader-text\">&#8222;2025-01 OpenDoors-Einladung&#8220; <\/span>weiterlesen<\/a><\/p>\n","protected":false},"author":3,"featured_media":0,"parent":0,"menu_order":0,"comment_status":"closed","ping_status":"closed","template":"","meta":{"footnotes":""},"class_list":["post-628","page","type-page","status-publish","hentry"],"_links":{"self":[{"href":"https:\/\/efg-hammerbruecke.de\/wordpress\/index.php?rest_route=\/wp\/v2\/pages\/628","targetHints":{"allow":["GET"]}}],"collection":[{"href":"https:\/\/efg-hammerbruecke.de\/wordpress\/index.php?rest_route=\/wp\/v2\/pages"}],"about":[{"href":"https:\/\/efg-hammerbruecke.de\/wordpress\/index.php?rest_route=\/wp\/v2\/types\/page"}],"author":[{"embeddable":true,"href":"https:\/\/efg-hammerbruecke.de\/wordpress\/index.php?rest_route=\/wp\/v2\/users\/3"}],"replies":[{"embeddable":true,"href":"https:\/\/efg-hammerbruecke.de\/wordpress\/index.php?rest_route=%2Fwp%2Fv2%2Fcomments&post=628"}],"version-history":[{"count":2,"href":"https:\/\/efg-hammerbruecke.de\/wordpress\/index.php?rest_route=\/wp\/v2\/pages\/628\/revisions"}],"predecessor-version":[{"id":635,"href":"https:\/\/efg-hammerbruecke.de\/wordpress\/index.php?rest_route=\/wp\/v2\/pages\/628\/revisions\/635"}],"wp:attachment":[{"href":"https:\/\/efg-hammerbruecke.de\/wordpress\/index.php?rest_route=%2Fwp%2Fv2%2Fmedia&parent=628"}],"curies":[{"name":"wp","href":"https:\/\/api.w.org\/{rel}","templated":true}]}}