{"id":606,"date":"2025-01-16T17:11:01","date_gmt":"2025-01-16T17:11:01","guid":{"rendered":"https:\/\/efg-hammerbruecke.de\/wordpress\/?page_id=606"},"modified":"2025-01-16T17:13:27","modified_gmt":"2025-01-16T17:13:27","slug":"2024-07-nach-hause-kommen","status":"publish","type":"page","link":"https:\/\/efg-hammerbruecke.de\/wordpress\/?page_id=606","title":{"rendered":"2024-07 Nach Hause kommen (Teil 1)"},"content":{"rendered":"<p>Die Sommerzeit ist Urlaubszeit und nicht wenige arbeiten zuvor einen Monat lang daf\u00fcr, um f\u00fcr 2<br \/>\nWochen in den Urlaub zu fahren. Es ist meistens unser Wunsch, eine Zeit lang aus dem Alltag<br \/>\nherauszukommen, einmal andere Bilder zu sehen und ein bisschen aufzutanken. Im Urlaub kann man<br \/>\ndie Seele baumeln lassen und die meisten Verpflichtungen gedanklich bei Seite schieben. Wir<br \/>\ntauchen ein in andere L\u00e4nder, manchmal andere Kulturen und lernen andere Menschen kennen.<br \/>\nDabei nehmen wir es schon mal in Kauf, dass die Matratze schon durch gelegen ist, es vielleicht viel<br \/>\nzu warm oder zu kalt ist oder v\u00f6llig Unbekannte im n\u00e4chsten Zimmer oder dem n\u00e4chsten Haus leben.<br \/>\nDa ist es anschlie\u00dfend immer wieder etwas Besonderes, nach Hause in die eigenen 4 W\u00e4nde zu<br \/>\nkommen. An den Ort, wo alles seinen gewohnten Platz hat; an den Ort, wo meist Freude und Familie<br \/>\nleben und an den Ort, an dem man sein kann, wie man ist. Zu Hause ist das Meiste nach den eigenen<br \/>\nVorstellungen gestaltet und alles ist an dem Platz, an den es geh\u00f6rt. Das eigene Zuhause vermittelt<br \/>\nuns Geborgenheit, Schutz und l\u00f6st Zufriedenheit aus. Es gibt unserem Leben den Schutzraum, den<br \/>\nwir brauchen, um uns wohlzuf\u00fchlen.<br \/>\n\u00dcbrigens gibt es so ein \u201enach Hause kommen\u201c auch f\u00fcr unsere Seele. Wir nehmen das wahr, wenn<br \/>\nwir eine gute Atmosph\u00e4re erleben \u2013 z.B. bei lieben Menschen, einem guten Konzert oder vielleicht<br \/>\nauch dem Heimspiel des Lieblingsvereins im Stadion. Noch intensiver ist es, wenn wir Kontakt mit<br \/>\nunserem Sch\u00f6pfer haben. Das k\u00f6nnen wir tun, indem wir in seinem Wort, der Bibel, lesen. Wir<br \/>\nk\u00f6nnen auch im Gebet mit ihm reden oder ohne irgendwelche Ablenkung in der Stille Gott die<br \/>\nChance zu geben, zu uns zu reden.<br \/>\nNutzen Sie diese Gelegenheit, dass auch unsere Seele nach Hause kommt!<\/p>\n<p>David Seidel<\/p>\n","protected":false},"excerpt":{"rendered":"<p>Die Sommerzeit ist Urlaubszeit und nicht wenige arbeiten zuvor einen Monat lang daf\u00fcr, um f\u00fcr 2 Wochen in den Urlaub zu fahren. Es ist meistens unser Wunsch, eine Zeit lang aus dem Alltag herauszukommen, einmal andere Bilder zu sehen und ein bisschen aufzutanken. Im Urlaub kann man die Seele baumeln lassen und die meisten Verpflichtungen &hellip; <a href=\"https:\/\/efg-hammerbruecke.de\/wordpress\/?page_id=606\" class=\"more-link\"><span class=\"screen-reader-text\">&#8222;2024-07 Nach Hause kommen (Teil 1)&#8220; <\/span>weiterlesen<\/a><\/p>\n","protected":false},"author":3,"featured_media":0,"parent":0,"menu_order":0,"comment_status":"closed","ping_status":"closed","template":"","meta":{"footnotes":""},"class_list":["post-606","page","type-page","status-publish","hentry"],"_links":{"self":[{"href":"https:\/\/efg-hammerbruecke.de\/wordpress\/index.php?rest_route=\/wp\/v2\/pages\/606","targetHints":{"allow":["GET"]}}],"collection":[{"href":"https:\/\/efg-hammerbruecke.de\/wordpress\/index.php?rest_route=\/wp\/v2\/pages"}],"about":[{"href":"https:\/\/efg-hammerbruecke.de\/wordpress\/index.php?rest_route=\/wp\/v2\/types\/page"}],"author":[{"embeddable":true,"href":"https:\/\/efg-hammerbruecke.de\/wordpress\/index.php?rest_route=\/wp\/v2\/users\/3"}],"replies":[{"embeddable":true,"href":"https:\/\/efg-hammerbruecke.de\/wordpress\/index.php?rest_route=%2Fwp%2Fv2%2Fcomments&post=606"}],"version-history":[{"count":2,"href":"https:\/\/efg-hammerbruecke.de\/wordpress\/index.php?rest_route=\/wp\/v2\/pages\/606\/revisions"}],"predecessor-version":[{"id":612,"href":"https:\/\/efg-hammerbruecke.de\/wordpress\/index.php?rest_route=\/wp\/v2\/pages\/606\/revisions\/612"}],"wp:attachment":[{"href":"https:\/\/efg-hammerbruecke.de\/wordpress\/index.php?rest_route=%2Fwp%2Fv2%2Fmedia&parent=606"}],"curies":[{"name":"wp","href":"https:\/\/api.w.org\/{rel}","templated":true}]}}