{"id":600,"date":"2025-01-15T15:35:35","date_gmt":"2025-01-15T15:35:35","guid":{"rendered":"https:\/\/efg-hammerbruecke.de\/wordpress\/?page_id=600"},"modified":"2025-01-15T15:35:35","modified_gmt":"2025-01-15T15:35:35","slug":"2024-05-ki-kuenstliche-intelligenz-teil-2","status":"publish","type":"page","link":"https:\/\/efg-hammerbruecke.de\/wordpress\/?page_id=600","title":{"rendered":"2024-05 KI: K\u00fcnstliche Intelligenz (Teil 2)"},"content":{"rendered":"<p>In dem letzten Beitrag haben wir uns mit K\u00fcnstlicher Intelligenz befasst und wie stark diese schon<br \/>\nEinzug in unsere Gesellschaft genommen hat. Die KI wurde so programmierte, dass sie viele<br \/>\nInformationen analysiert, verarbeitet und daraus Ergebnisse erzielt, die uns das Leben erleichtern<br \/>\nsollen. Doch wenn man weiter dar\u00fcber nachdenkt wird klar, dass die KI etliches schneller, gr\u00fcndlicher<br \/>\nund effektiver erledigt, als wir Menschen das k\u00f6nnen und so stellt sich die Frage, ob wir uns vielleicht<br \/>\ngerade selbst abschaffen\u2026<br \/>\nAber auch wenn die KI bisher die h\u00f6chste Stufe der technischen Weiterentwicklung ist und uns<br \/>\nMenschen an verschiedenen Stellen zu ersetzen scheint, k\u00f6nnen wir weit mehr, als eine k\u00fcnstliche<br \/>\nIntelligenz je erreichen kann. Gott gab uns die F\u00e4higkeit, Beziehungen aufzubauen, Gef\u00fchle zu<br \/>\nempfinden und mit all unseren Sinnesorganen wahrzunehmen. Als Abklatsch des Menschen kann die<br \/>\nKI zwar mit Hilfsmitteln sehen, h\u00f6ren, riechen, schmecken und f\u00fchlen \u2013 aber dabei nie das<br \/>\nempfinden, was wir empfinden: die Freude beim Zwitschern der V\u00f6gel, den Genuss unseres<br \/>\nLieblingsessens oder den Geruch von frischem Holz oder duftenden Bl\u00fcten. Nur wir Menschen<br \/>\nk\u00f6nnen gemeinsame Hobbys miteinander ausleben und Herzensblut in Interessen und Projekte<br \/>\nstecken. Keine Technik dieser Welt kann zwischenmenschliche Gef\u00fchle haben: die Freude, Kinder zu<br \/>\nbekommen, sie heranwachsen zu sehen und sie in ihrer Lebensentwicklung zu f\u00f6rdern; die<br \/>\nUngewissheit bei neuen Lebensaufgaben und wie gut es tut, wenn man dabei von anderen<br \/>\nMenschen begleitet wird; die Empfindung, wenn man jemanden besonders mag; aber auch die<br \/>\nF\u00e4higkeit andere tr\u00f6sten zu k\u00f6nnen und in den Arm zu nehmen oder einfach da zu sein, wenn sich<br \/>\njemand einsam f\u00fchlt.<br \/>\nWir brauchen also keine Angst haben, dass irgendeine Technik uns jemals ersetzen kann. Gott hat<br \/>\nuns Menschen mit besonderen Gaben und F\u00e4higkeiten geschaffen \u2013 als sein Gegen\u00fcber und f\u00fcr gute<br \/>\nBeziehungen untereinander. Darin liegt unsere St\u00e4rke!<\/p>\n<p>David Seidel<\/p>\n","protected":false},"excerpt":{"rendered":"<p>In dem letzten Beitrag haben wir uns mit K\u00fcnstlicher Intelligenz befasst und wie stark diese schon Einzug in unsere Gesellschaft genommen hat. Die KI wurde so programmierte, dass sie viele Informationen analysiert, verarbeitet und daraus Ergebnisse erzielt, die uns das Leben erleichtern sollen. Doch wenn man weiter dar\u00fcber nachdenkt wird klar, dass die KI etliches &hellip; <a href=\"https:\/\/efg-hammerbruecke.de\/wordpress\/?page_id=600\" class=\"more-link\"><span class=\"screen-reader-text\">&#8222;2024-05 KI: K\u00fcnstliche Intelligenz (Teil 2)&#8220; <\/span>weiterlesen<\/a><\/p>\n","protected":false},"author":3,"featured_media":0,"parent":0,"menu_order":0,"comment_status":"closed","ping_status":"closed","template":"","meta":{"footnotes":""},"class_list":["post-600","page","type-page","status-publish","hentry"],"_links":{"self":[{"href":"https:\/\/efg-hammerbruecke.de\/wordpress\/index.php?rest_route=\/wp\/v2\/pages\/600","targetHints":{"allow":["GET"]}}],"collection":[{"href":"https:\/\/efg-hammerbruecke.de\/wordpress\/index.php?rest_route=\/wp\/v2\/pages"}],"about":[{"href":"https:\/\/efg-hammerbruecke.de\/wordpress\/index.php?rest_route=\/wp\/v2\/types\/page"}],"author":[{"embeddable":true,"href":"https:\/\/efg-hammerbruecke.de\/wordpress\/index.php?rest_route=\/wp\/v2\/users\/3"}],"replies":[{"embeddable":true,"href":"https:\/\/efg-hammerbruecke.de\/wordpress\/index.php?rest_route=%2Fwp%2Fv2%2Fcomments&post=600"}],"version-history":[{"count":1,"href":"https:\/\/efg-hammerbruecke.de\/wordpress\/index.php?rest_route=\/wp\/v2\/pages\/600\/revisions"}],"predecessor-version":[{"id":602,"href":"https:\/\/efg-hammerbruecke.de\/wordpress\/index.php?rest_route=\/wp\/v2\/pages\/600\/revisions\/602"}],"wp:attachment":[{"href":"https:\/\/efg-hammerbruecke.de\/wordpress\/index.php?rest_route=%2Fwp%2Fv2%2Fmedia&parent=600"}],"curies":[{"name":"wp","href":"https:\/\/api.w.org\/{rel}","templated":true}]}}