{"id":595,"date":"2025-01-15T15:32:29","date_gmt":"2025-01-15T15:32:29","guid":{"rendered":"https:\/\/efg-hammerbruecke.de\/wordpress\/?page_id=595"},"modified":"2025-01-15T15:38:45","modified_gmt":"2025-01-15T15:38:45","slug":"2024-04","status":"publish","type":"page","link":"https:\/\/efg-hammerbruecke.de\/wordpress\/?page_id=595","title":{"rendered":"2024-04 KI: K\u00fcnstliche Intelligenz (Teil 1)"},"content":{"rendered":"<p>An s\u00e4mtlichen Stellen h\u00f6rt man von k\u00fcnstlicher Intelligenz, und was alles damit m\u00f6glich ist. Mit dem<br \/>\nbekanntesten, ChatGPT, kann man ohne weiteres Briefe, Berichte oder Aufs\u00e4tze schreiben lassen.<br \/>\nAuch diesen Text hier k\u00f6nnte eine KI verfassen. Doch es geht weit mehr: Es gibt KIs, die im<br \/>\nSchwimmbad das Verhalten der Leute beobachtet und so rechtzeitig dem Bademeister eine Warnung<br \/>\ngeben, wenn jemand in Not geraten ist. Wir k\u00f6nnten die KI nutzen, um ein Foto von unserem Essen<br \/>\nzu machen und w\u00fcrden als Ergebnis erhalten, wie viele Kalorien wir zu uns nehmen; oder wir<br \/>\nk\u00f6nnten von der KI unser Foto \u201eanalysieren lassen\u201c mit dem Ziel genau zu wissen, welche Krankheit<br \/>\nwir haben und welches Medikament dagegen hilft. Es wird sogar von Tests berichtet, in denen<br \/>\nbeispielsweise hochrangige \u00c4rzte und auch Rechtsanw\u00e4lte in ihren jeweiligen Fachrichtungen gegen<br \/>\ndie KI angetreten sind. Sowohl in der Geschwindigkeit als auch in der Genauigkeit konnten die<br \/>\nMenschen bei weitem nicht mehr mit der KI mithalten.<br \/>\nAber wir funktioniert die KI eigentlich? \u2013 es ist nichts anderes als ein Sammeln von Daten, die dann<br \/>\nmit Hilfe von Algorithmen angewendet werden. In Sekundenschnelle wird auf s\u00e4mtliche Lexika,<br \/>\nFachb\u00fccher und das gesamte Internet zur\u00fcckgegriffen werden. Somit kann die KI erst einmal nur auf<br \/>\ndas zur\u00fcckgreifen, was sie von Menschen gelernt hat: auf das Wissen und die Verhaltensmuster.<br \/>\nDas Thema ist so spannend, dass bei Google mehr Mathematiker arbeiten, die Algorithmen<br \/>\nentwickeln, als Programmierer. Ein anderes Beispiel gibt uns S\u00f6der in Bayern, der 1.000 neue<br \/>\nLehrst\u00fchle nur f\u00fcr KI schaffen m\u00f6chte. \u00dcbrigens haben viele die KI schon l\u00e4ngst zu Hause aktiviert: als<br \/>\nSiri, Alexa oder andere Sprachsteuerung. Damit wird unser Nutzungsverhalten gespeichert, analysiert<br \/>\nund im besten Falle so eingesetzt, dass wir etwas davon haben.<br \/>\nWir sehen, dass die KI eigentlich schon Teil unseres Lebens und unserer Gesellschaft ist. Doch<br \/>\ntrotzdem ist die KI tats\u00e4chlich keine selbst entstandene Intelligenz, da sie von Menschen erschaffen<br \/>\nund programmiert wurde. So geht sie im letzten auf Gott zur\u00fcck, der uns Menschen geschaffen hat<br \/>\nund uns die F\u00e4higkeit zum Denken und Entwickeln gegeben hat. Als Gott den ersten Menschen schuf,<br \/>\ntat er das n\u00e4mlich nach seinem eigenen Vorbild \u2013 ihm \u00e4hnlich (1. Mose 1,26). So bekamen wir unsere<br \/>\nIntelligenz und den Wunsch, Neues zu schaffen.<br \/>\nWollen wir also auch diese neue, programmierte, k\u00fcnstliche Intelligenz so einsetzen, dass sie uns<br \/>\neine Hilfe ist, unn\u00f6tige langwierige Aufgaben zu erledigen. Lasst uns die KI nutzen, um anderen<br \/>\nMenschen zu helfen und verantwortungsvoll mit unserem Leben und dieser Erde umzugehen, wie<br \/>\nGott es uns in 1 Mose 1,26 gesagt hat.<\/p>\n<p>David Seidel<\/p>\n","protected":false},"excerpt":{"rendered":"<p>An s\u00e4mtlichen Stellen h\u00f6rt man von k\u00fcnstlicher Intelligenz, und was alles damit m\u00f6glich ist. Mit dem bekanntesten, ChatGPT, kann man ohne weiteres Briefe, Berichte oder Aufs\u00e4tze schreiben lassen. Auch diesen Text hier k\u00f6nnte eine KI verfassen. Doch es geht weit mehr: Es gibt KIs, die im Schwimmbad das Verhalten der Leute beobachtet und so rechtzeitig &hellip; <a href=\"https:\/\/efg-hammerbruecke.de\/wordpress\/?page_id=595\" class=\"more-link\"><span class=\"screen-reader-text\">&#8222;2024-04 KI: K\u00fcnstliche Intelligenz (Teil 1)&#8220; <\/span>weiterlesen<\/a><\/p>\n","protected":false},"author":3,"featured_media":0,"parent":0,"menu_order":0,"comment_status":"closed","ping_status":"closed","template":"","meta":{"footnotes":""},"class_list":["post-595","page","type-page","status-publish","hentry"],"_links":{"self":[{"href":"https:\/\/efg-hammerbruecke.de\/wordpress\/index.php?rest_route=\/wp\/v2\/pages\/595","targetHints":{"allow":["GET"]}}],"collection":[{"href":"https:\/\/efg-hammerbruecke.de\/wordpress\/index.php?rest_route=\/wp\/v2\/pages"}],"about":[{"href":"https:\/\/efg-hammerbruecke.de\/wordpress\/index.php?rest_route=\/wp\/v2\/types\/page"}],"author":[{"embeddable":true,"href":"https:\/\/efg-hammerbruecke.de\/wordpress\/index.php?rest_route=\/wp\/v2\/users\/3"}],"replies":[{"embeddable":true,"href":"https:\/\/efg-hammerbruecke.de\/wordpress\/index.php?rest_route=%2Fwp%2Fv2%2Fcomments&post=595"}],"version-history":[{"count":4,"href":"https:\/\/efg-hammerbruecke.de\/wordpress\/index.php?rest_route=\/wp\/v2\/pages\/595\/revisions"}],"predecessor-version":[{"id":603,"href":"https:\/\/efg-hammerbruecke.de\/wordpress\/index.php?rest_route=\/wp\/v2\/pages\/595\/revisions\/603"}],"wp:attachment":[{"href":"https:\/\/efg-hammerbruecke.de\/wordpress\/index.php?rest_route=%2Fwp%2Fv2%2Fmedia&parent=595"}],"curies":[{"name":"wp","href":"https:\/\/api.w.org\/{rel}","templated":true}]}}