{"id":510,"date":"2024-02-03T07:20:44","date_gmt":"2024-02-03T07:20:44","guid":{"rendered":"https:\/\/efg-hammerbruecke.de\/wordpress\/?page_id=510"},"modified":"2024-02-03T07:30:50","modified_gmt":"2024-02-03T07:30:50","slug":"2024-01-hochwasser-regenbogen-strafe-gottes","status":"publish","type":"page","link":"https:\/\/efg-hammerbruecke.de\/wordpress\/?page_id=510","title":{"rendered":"2024-01 Hochwasser \u2013 Regenbogen \u2013 Strafe Gottes"},"content":{"rendered":"<p><img loading=\"lazy\" decoding=\"async\" class=\"alignnone size-full wp-image-511\" src=\"http:\/\/efg-hammerbruecke.de\/wordpress\/wp-content\/uploads\/2024\/02\/20231223_211333-scaled.jpg\" alt=\"\" width=\"2560\" height=\"1183\" srcset=\"https:\/\/efg-hammerbruecke.de\/wordpress\/wp-content\/uploads\/2024\/02\/20231223_211333-scaled.jpg 2560w, https:\/\/efg-hammerbruecke.de\/wordpress\/wp-content\/uploads\/2024\/02\/20231223_211333-300x139.jpg 300w, https:\/\/efg-hammerbruecke.de\/wordpress\/wp-content\/uploads\/2024\/02\/20231223_211333-1024x473.jpg 1024w, https:\/\/efg-hammerbruecke.de\/wordpress\/wp-content\/uploads\/2024\/02\/20231223_211333-768x355.jpg 768w, https:\/\/efg-hammerbruecke.de\/wordpress\/wp-content\/uploads\/2024\/02\/20231223_211333-1536x710.jpg 1536w, https:\/\/efg-hammerbruecke.de\/wordpress\/wp-content\/uploads\/2024\/02\/20231223_211333-2048x946.jpg 2048w, https:\/\/efg-hammerbruecke.de\/wordpress\/wp-content\/uploads\/2024\/02\/20231223_211333-1200x554.jpg 1200w\" sizes=\"auto, (max-width: 709px) 85vw, (max-width: 909px) 67vw, (max-width: 1362px) 62vw, 840px\" \/><\/p>\n<p>Was in der Abendstimmung mit Blick auf unser Gemeindehaus recht romantisch aussah, war keinesfalls<\/p>\n<p>zu untersch\u00e4tzen. Kurz vor Weihnachten (am 23.12.2023) stiegen die Pegel der der Zwickauer Mulde, der Elbe und angrenzender Fl\u00fcsse und B\u00e4che im Quellbereich. Noch Tage danach wurden flussabw\u00e4rts Stra\u00dfen, Keller und ganze Grundst\u00fccke \u00fcberflutet. \u00c4cker verwandelten sich zu Seen und in etlichen Regionen wurden Hochwasserstufen aufgerufen. Parallel dazu gab es an der Nordseek\u00fcste eine Sturmflut.<\/p>\n<p>Das erinnert mich ein St\u00fcck weit an die Sintflut, von der wir u.a. in der Bibel (1 Mose 6-9) lesen k\u00f6nnen. Viele andere Kulturen berichten auch von dieser Flut, die die ganze Welt mit Wasser bedeckte. So findest sich dieser biblische Bericht auch in historischen Aufzeichnungen bei Indern, Indianern und den Bewohnern von Island. Grund f\u00fcr diese Flut war, dass sich die Menschen nicht mehr an Gottes Regeln hielten und er eigentlich die ganze Menschheit vernichten wollte. Doch Gott gab dem gerechten und gottesf\u00fcrchtigen Noah und seiner kleinen Familie, zusammen mit je einem Paar jeder Tierenart die Chance in der Arche zu \u00fcberleben.<\/p>\n<p>Nachdem das Hochwasser zur\u00fcck gegangen war und Noah ein Dankopfer brachte, versprach Gott, dass es nie wieder so eine \u00dcberschwemmung geben soll. Gott schloss einen Bund mit uns Menschen und allen Lebewesen, dass er nie mehr mit einer Flut alles Leben auf der Erde ausl\u00f6scht. Als Zeichen f\u00fcr diesen Bund \u2013 sozusagen als Sigel f\u00fcr dieses Versprechen \u2013 schenkte Gott seinen Regenbogen.<\/p>\n<p>Immer, wenn wir den Regenbogen auch heutzutage sehen, erinnert Gott sich an diese Zusage! Er h\u00e4lt sich f\u00fcr ewig an diesen Bund und auch wir d\u00fcrfen uns neu erinnern, welche Bedeutung der Regenbogen hat. Auch, wenn an vielen Stellen auf dieser Erde Menschen Gott ihren R\u00fccken zugewandt haben und Gottes Ideen f\u00fcr uns Menschen ignoriert werden, wird Gott sein Versprechen halten.<\/p>\n<p>\u00dcbrigens, der letzte Bund Gottes mit den Menschen wurde am Kreuz besiegelt: Als Jesus, Gottes Sohn, v\u00f6llig ohne Schuld starb, bot er uns an, den Frieden mit Gott wieder herzustellen. Er \u00fcbernahm damit die Strafe, die wir f\u00fcr unsere S\u00fcnden verdient h\u00e4tten. Wir d\u00fcrfen dieses Friedensangebot annehmen und sind dadurch mit unserem Sch\u00f6pfer vers\u00f6hnt, wenn wir einmal vor ihm stehen werden. Egal, was wir bisher verkehrt gemacht haben, wir werden daf\u00fcr beim gro\u00dfen Weltgericht keine Strafe bekommen!<\/p>\n<p><em>Text + Bild \u00a9 David Seidel\u00a0<\/em><\/p>\n","protected":false},"excerpt":{"rendered":"<p>Was in der Abendstimmung mit Blick auf unser Gemeindehaus recht romantisch aussah, war keinesfalls zu untersch\u00e4tzen. Kurz vor Weihnachten (am 23.12.2023) stiegen die Pegel der der Zwickauer Mulde, der Elbe und angrenzender Fl\u00fcsse und B\u00e4che im Quellbereich. Noch Tage danach wurden flussabw\u00e4rts Stra\u00dfen, Keller und ganze Grundst\u00fccke \u00fcberflutet. \u00c4cker verwandelten sich zu Seen und in &hellip; <a href=\"https:\/\/efg-hammerbruecke.de\/wordpress\/?page_id=510\" class=\"more-link\"><span class=\"screen-reader-text\">&#8222;2024-01 Hochwasser \u2013 Regenbogen \u2013 Strafe Gottes&#8220; <\/span>weiterlesen<\/a><\/p>\n","protected":false},"author":3,"featured_media":0,"parent":0,"menu_order":0,"comment_status":"closed","ping_status":"closed","template":"","meta":{"footnotes":""},"class_list":["post-510","page","type-page","status-publish","hentry"],"_links":{"self":[{"href":"https:\/\/efg-hammerbruecke.de\/wordpress\/index.php?rest_route=\/wp\/v2\/pages\/510","targetHints":{"allow":["GET"]}}],"collection":[{"href":"https:\/\/efg-hammerbruecke.de\/wordpress\/index.php?rest_route=\/wp\/v2\/pages"}],"about":[{"href":"https:\/\/efg-hammerbruecke.de\/wordpress\/index.php?rest_route=\/wp\/v2\/types\/page"}],"author":[{"embeddable":true,"href":"https:\/\/efg-hammerbruecke.de\/wordpress\/index.php?rest_route=\/wp\/v2\/users\/3"}],"replies":[{"embeddable":true,"href":"https:\/\/efg-hammerbruecke.de\/wordpress\/index.php?rest_route=%2Fwp%2Fv2%2Fcomments&post=510"}],"version-history":[{"count":3,"href":"https:\/\/efg-hammerbruecke.de\/wordpress\/index.php?rest_route=\/wp\/v2\/pages\/510\/revisions"}],"predecessor-version":[{"id":527,"href":"https:\/\/efg-hammerbruecke.de\/wordpress\/index.php?rest_route=\/wp\/v2\/pages\/510\/revisions\/527"}],"wp:attachment":[{"href":"https:\/\/efg-hammerbruecke.de\/wordpress\/index.php?rest_route=%2Fwp%2Fv2%2Fmedia&parent=510"}],"curies":[{"name":"wp","href":"https:\/\/api.w.org\/{rel}","templated":true}]}}