{"id":504,"date":"2024-02-03T07:18:29","date_gmt":"2024-02-03T07:18:29","guid":{"rendered":"https:\/\/efg-hammerbruecke.de\/wordpress\/?page_id=504"},"modified":"2024-02-03T07:18:29","modified_gmt":"2024-02-03T07:18:29","slug":"2023-11-zeit-stress-ruhe","status":"publish","type":"page","link":"https:\/\/efg-hammerbruecke.de\/wordpress\/?page_id=504","title":{"rendered":"2023-11 Zeit \u2013 Stress \u2013 Ruhe"},"content":{"rendered":"<p>Wahrscheinlich kennt jeder von uns das Gef\u00fchl, dass die Zeit rennt \u2013 mehr denn je. Aber warum ist das so? Rein objektiv betrachtet haben wir jeden Tag 24h Zeit. Das ist heute genauso, wie vor 100 Jahren und das geht uns Vogtl\u00e4ndern genauso, wie einem S\u00fcdamerikaner im tiefsten Urwald.<\/p>\n<p>Statistiken zufolge arbeiteten erwerbst\u00e4tige Deutsche im Schnitt knapp 35h pro Woche. Vor 100 Jahren lag dieser Durchschnitt bei ca. 50h; im 19. Jhd. sogar bei 70-80h. Wie kommt es also, dass wir eigentlich mehr Freizeit haben, aber der Eindruck entsteht, wir h\u00e4tten zu wenig Zeit?<\/p>\n<p>Verantwortlich daf\u00fcr ist die Informationsflut, die uns scheinbar \u00fcberrollt. Noch vor 25 Jahren informierten wir uns mittels Zeitung und Fernsehen \u2013 im Regelfall ohne weitere Ablenkung am K\u00fcchentisch oder ihm Ohrensessel. Heute bekommen wir unsere Informationen vorrangig smartphone, Tablet und Laptop oder sogar SmartWatches. \u00a0Zu jeder Zeit und an jedem Ort haben wir die Chance, uns mir unendlich Informationen zu bef\u00fcllen. Eine Studie kam zu dem Ergebnis, dass wir an einem Tag so viele Informationen verarbeiten, wie unsere Vorfahren vor 100 Jahren in ihrem gesamten Leben. Kein Wunder, dass wir \u201eunter Dauerstrom stehen\u201c und den Eindruck haben, nicht zur Ruhe zu kommen<\/p>\n<p>Aber gibt es einen Ausweg aus diesem Hamsterrad? \u2013 Jesus Christus sagte \u201eKommt her zu mir, alle die ihr m\u00fchselig und beladen seid. Ich will euch Ruhe schenken.\u201c. Offensichtlich gab es also auch schon vor 2.000 Jahren eine Art Unruhe: die Menschen waren \u00fcberarbeitet und schon damals offensichtlich auch kopfm\u00e4\u00dfig \u00fcberladen. Tausende Menschen pilgerten zu Jesus, um mehr dar\u00fcber zu erfahren, wie sie ihre Beziehung zu ihrem Sch\u00f6pfer wieder in Ordnung bringen k\u00f6nnen und wie sie innerlich zur Ruhe kommen k\u00f6nnen.<\/p>\n<p>Mir hilft es, dass ich mir t\u00e4glich Zeit eine nehme, in der ich alle \u00e4u\u00dferlichen Ablenkungen ausschalte und zur Ruhe komme: Das Handy im Schlummermodus, Radio und Fernsehen ausgeschaltet und bei Jesus auftanken. In dieser Zeit gebe ich Jesus alles ab, was mich innerlich belastet und richte mich nach dem aus, was mir mein Sch\u00f6pfer zu sagen hat. Das geht praktisch, indem ich in der Bibel, als Gottes Wort lese und Gott frage, was er mir dadurch sagen will. Au\u00dferdem erz\u00e4hle ich ihm, was mich zurzeit herausfordert oder belastet und \u00fcbergebe es ihm, damit er eine L\u00f6sung schenkt. Hin und wieder kommt diese gleich, manchmal erst nach l\u00e4ngerer Zeit und immer wieder einmal ganz anders, als ich mir es selbst gedacht h\u00e4tte. Was aber jedes Mal sofort passiert ist, dass ich unn\u00f6tigen Ballast abwerfe und mental zur Ruhe komme. Probiere es doch auch einmal aus.<\/p>\n<p><em>Text \u00a9 David Seidel <\/em><\/p>\n","protected":false},"excerpt":{"rendered":"<p>Wahrscheinlich kennt jeder von uns das Gef\u00fchl, dass die Zeit rennt \u2013 mehr denn je. Aber warum ist das so? Rein objektiv betrachtet haben wir jeden Tag 24h Zeit. Das ist heute genauso, wie vor 100 Jahren und das geht uns Vogtl\u00e4ndern genauso, wie einem S\u00fcdamerikaner im tiefsten Urwald. Statistiken zufolge arbeiteten erwerbst\u00e4tige Deutsche im &hellip; <a href=\"https:\/\/efg-hammerbruecke.de\/wordpress\/?page_id=504\" class=\"more-link\"><span class=\"screen-reader-text\">&#8222;2023-11 Zeit \u2013 Stress \u2013 Ruhe&#8220; <\/span>weiterlesen<\/a><\/p>\n","protected":false},"author":3,"featured_media":0,"parent":0,"menu_order":0,"comment_status":"closed","ping_status":"closed","template":"","meta":{"footnotes":""},"class_list":["post-504","page","type-page","status-publish","hentry"],"_links":{"self":[{"href":"https:\/\/efg-hammerbruecke.de\/wordpress\/index.php?rest_route=\/wp\/v2\/pages\/504","targetHints":{"allow":["GET"]}}],"collection":[{"href":"https:\/\/efg-hammerbruecke.de\/wordpress\/index.php?rest_route=\/wp\/v2\/pages"}],"about":[{"href":"https:\/\/efg-hammerbruecke.de\/wordpress\/index.php?rest_route=\/wp\/v2\/types\/page"}],"author":[{"embeddable":true,"href":"https:\/\/efg-hammerbruecke.de\/wordpress\/index.php?rest_route=\/wp\/v2\/users\/3"}],"replies":[{"embeddable":true,"href":"https:\/\/efg-hammerbruecke.de\/wordpress\/index.php?rest_route=%2Fwp%2Fv2%2Fcomments&post=504"}],"version-history":[{"count":1,"href":"https:\/\/efg-hammerbruecke.de\/wordpress\/index.php?rest_route=\/wp\/v2\/pages\/504\/revisions"}],"predecessor-version":[{"id":506,"href":"https:\/\/efg-hammerbruecke.de\/wordpress\/index.php?rest_route=\/wp\/v2\/pages\/504\/revisions\/506"}],"wp:attachment":[{"href":"https:\/\/efg-hammerbruecke.de\/wordpress\/index.php?rest_route=%2Fwp%2Fv2%2Fmedia&parent=504"}],"curies":[{"name":"wp","href":"https:\/\/api.w.org\/{rel}","templated":true}]}}