{"id":501,"date":"2024-02-03T07:17:48","date_gmt":"2024-02-03T07:17:48","guid":{"rendered":"https:\/\/efg-hammerbruecke.de\/wordpress\/?page_id=501"},"modified":"2024-02-03T07:17:48","modified_gmt":"2024-02-03T07:17:48","slug":"2023-10-bin-ich-gut-genug","status":"publish","type":"page","link":"https:\/\/efg-hammerbruecke.de\/wordpress\/?page_id=501","title":{"rendered":"2023-10 Bin ich gut genug?"},"content":{"rendered":"<p>An unser Leben werden regelm\u00e4\u00dfig Ma\u00dfst\u00e4be angelegt, um zu schauen, wie wir sind. Das beginnt schon bei der Geburt mit der Angabe des Gewichtes und der Gr\u00f6\u00dfe. Weiter geht es mit verschiedenen Untersuchungen in den ersten Lebensjahren: entwickelt sich das Kind im Durchschnitt \u2013 oder ist es dar\u00fcber oder darunter?<\/p>\n<p>Sp\u00e4testens in der Schule wurden wir mit Zensuren \u201egemessen\u201c und es kann schon einmal passieren, dass man \u201enicht genug\u201c ist und eine Ehrenrunde drehen muss. Irgendwie zieht sich das Ganze durch unser weiteres Leben: wir m\u00fcssen Pr\u00fcfungen in der Schule, f\u00fcr den F\u00fchrerschein und vielleicht auch im sp\u00e4teren Berufsleben ablegen und immer wieder stellen wir uns die Frage, ob es gereicht hat.<\/p>\n<p>Unser westliches Leistungsverst\u00e4ndnis legt die Messlatte meist recht hoch: Nach verlorenen Fu\u00dfballspielen der Nationalelf gibt es auf einmal ein paar Millionen Menschen, die anscheinend bessere Entscheidungen getroffen h\u00e4tten, als der Bundestrainer. Sogar im Alltag bewerten wir einander, indem wir unsere eigene gedankliche Messlatte an andere anlegen.<\/p>\n<p>Und so stellt sich die Frage danach, wie mein Leben am Ende bewertet wird. Im Hinduismus wird geglaubt, dass man als h\u00f6heres Wesen noch einmal lebt, wenn man sich gut verhalten hat. Wenn man nicht gut genug war, m\u00fcsse man wohl als Insekt noch einmal durchs Leben gehen. Auch im Islam versucht man durch das Befolgen der Regeln, einmal \u201ein den Himmel\u201c zu kommen.<\/p>\n<p>Irgendwie hat sich der Gedanke eingeschlichen, dass auch die Bibel sagen w\u00fcrde, man kann sich den Himmel verdienen. Wir denken \u201eso schlecht bin ich ja nicht\u201c oder \u201eich habe ja niemanden get\u00f6tet\u201c und wollen uns damit gedanklich rechtfertigen. Tats\u00e4chlich ist es aber so, dass wir Gottes gutes Gesetz, einander zu ehren und wertzusch\u00e4tzen, oft nicht beachten. Deswegen w\u00fcrden wir es eigentlich nicht verdienen, sp\u00e4ter einmal im Paradies zu sein.<\/p>\n<p>Aber Gott liebt uns so sehr, dass er in Jesus Christus selbst Mensch wurde und die Strafe auf sich nahm, die wir verdient h\u00e4tten. Damit hat er alles N\u00f6tige getan, was wir niemals geschafft h\u00e4tten. Er bietet uns also die Eintrittskarte in den Himmel v\u00f6llig kostenlos an. Damit spielt es vor Gott keine Rolle mehr, was wir alles verkehrt gemacht haben oder ob wir gut genug sind. Wir d\u00fcrfen dieses Geschenk einfach annehmen und sind durch ihn \u201egut genug\u201c.<\/p>\n<p><em>Text \u00a9 David Seidel <\/em><\/p>\n","protected":false},"excerpt":{"rendered":"<p>An unser Leben werden regelm\u00e4\u00dfig Ma\u00dfst\u00e4be angelegt, um zu schauen, wie wir sind. Das beginnt schon bei der Geburt mit der Angabe des Gewichtes und der Gr\u00f6\u00dfe. Weiter geht es mit verschiedenen Untersuchungen in den ersten Lebensjahren: entwickelt sich das Kind im Durchschnitt \u2013 oder ist es dar\u00fcber oder darunter? Sp\u00e4testens in der Schule wurden &hellip; <a href=\"https:\/\/efg-hammerbruecke.de\/wordpress\/?page_id=501\" class=\"more-link\"><span class=\"screen-reader-text\">&#8222;2023-10 Bin ich gut genug?&#8220; <\/span>weiterlesen<\/a><\/p>\n","protected":false},"author":3,"featured_media":0,"parent":0,"menu_order":0,"comment_status":"closed","ping_status":"closed","template":"","meta":{"footnotes":""},"class_list":["post-501","page","type-page","status-publish","hentry"],"_links":{"self":[{"href":"https:\/\/efg-hammerbruecke.de\/wordpress\/index.php?rest_route=\/wp\/v2\/pages\/501","targetHints":{"allow":["GET"]}}],"collection":[{"href":"https:\/\/efg-hammerbruecke.de\/wordpress\/index.php?rest_route=\/wp\/v2\/pages"}],"about":[{"href":"https:\/\/efg-hammerbruecke.de\/wordpress\/index.php?rest_route=\/wp\/v2\/types\/page"}],"author":[{"embeddable":true,"href":"https:\/\/efg-hammerbruecke.de\/wordpress\/index.php?rest_route=\/wp\/v2\/users\/3"}],"replies":[{"embeddable":true,"href":"https:\/\/efg-hammerbruecke.de\/wordpress\/index.php?rest_route=%2Fwp%2Fv2%2Fcomments&post=501"}],"version-history":[{"count":1,"href":"https:\/\/efg-hammerbruecke.de\/wordpress\/index.php?rest_route=\/wp\/v2\/pages\/501\/revisions"}],"predecessor-version":[{"id":503,"href":"https:\/\/efg-hammerbruecke.de\/wordpress\/index.php?rest_route=\/wp\/v2\/pages\/501\/revisions\/503"}],"wp:attachment":[{"href":"https:\/\/efg-hammerbruecke.de\/wordpress\/index.php?rest_route=%2Fwp%2Fv2%2Fmedia&parent=501"}],"curies":[{"name":"wp","href":"https:\/\/api.w.org\/{rel}","templated":true}]}}