{"id":497,"date":"2024-02-03T07:16:58","date_gmt":"2024-02-03T07:16:58","guid":{"rendered":"https:\/\/efg-hammerbruecke.de\/wordpress\/?page_id=497"},"modified":"2024-02-03T07:16:58","modified_gmt":"2024-02-03T07:16:58","slug":"2023-08-60-plus-unsere-seniorennachmittage","status":"publish","type":"page","link":"https:\/\/efg-hammerbruecke.de\/wordpress\/?page_id=497","title":{"rendered":"2023-08 60 Plus &#8211; Unsere Seniorennachmittage"},"content":{"rendered":"<p>Wie wir uns das \u00c4lterwerden vorstellen, wie wir mit geringeren Drehzahlen zurechtkommen und froh dabeibleiben, das ist das Anliegen, an den Nachmittagen, zu den wir immer direkt einladen. Unser Wunsch ist es, dass wir die Impulse geben, die gut tun.<\/p>\n<p>Nat\u00fcrlich trifft man auch mal wieder jemand aus dem Dorf oder Bekanntenkreis und erf\u00e4hrt, wie es halt so geht.<\/p>\n<p>Aber von fr\u00fcher und damals reden wollen wir nicht. Es gibt auch alte und neue Themen, die uns besch\u00e4ftigen. So kann man L\u00f6sungen durch Erinnern oder auch Information erhalten.<\/p>\n<p>Zum Beispiel war dieses Jahr u. a. das Thema \u201eHolz\u201c &#8211; die verschiedenen Muster der Holzart zuordnen oder den Erkl\u00e4rungen eines begnadeten Schnitzers zu h\u00f6ren, wie er aus einem groben St\u00fcck ein Kunstwerk bildet.<\/p>\n<p>Oder von einem geb\u00fcrtigen Sch\u00f6necker h\u00f6ren, wie er auf einem kleinen St\u00fcck Deutschland \u2013 der Insel Borkum \u2013 gelebt und gearbeitet hat. Wie der Wind das Wohnungsfenster eindr\u00fcckte, das Haus aber standfest blieb, obwohl es auf Sand gegr\u00fcndet ist.<\/p>\n<p>Lebensberichte zu h\u00f6ren, die oft hochkompliziert oder auch gef\u00e4hrlich waren, wo menschliche F\u00e4higkeiten und St\u00e4rken nicht reichten, aber genau dann die Erfahrung freudig bezeugt wurde, dass der pers\u00f6nliche Gottesglaube die Blickrichtung und den Herzensfrieden sowie die Freude gegeben hat.<\/p>\n<p>Der n\u00e4chste Seniorennachmittag ist f\u00fcr November geplant, zu dem alle ab einem Alter von ca. 60 Jahren herzlich eingeladen sind!<\/p>\n<p><em>Text \u00a9 Stephan <img loading=\"lazy\" decoding=\"async\" class=\"alignnone size-full wp-image-498\" src=\"http:\/\/efg-hammerbruecke.de\/wordpress\/wp-content\/uploads\/2024\/02\/2023-08.jpg\" alt=\"\" width=\"1386\" height=\"1038\" srcset=\"https:\/\/efg-hammerbruecke.de\/wordpress\/wp-content\/uploads\/2024\/02\/2023-08.jpg 1386w, https:\/\/efg-hammerbruecke.de\/wordpress\/wp-content\/uploads\/2024\/02\/2023-08-300x225.jpg 300w, https:\/\/efg-hammerbruecke.de\/wordpress\/wp-content\/uploads\/2024\/02\/2023-08-1024x767.jpg 1024w, https:\/\/efg-hammerbruecke.de\/wordpress\/wp-content\/uploads\/2024\/02\/2023-08-768x575.jpg 768w, https:\/\/efg-hammerbruecke.de\/wordpress\/wp-content\/uploads\/2024\/02\/2023-08-1200x899.jpg 1200w\" sizes=\"auto, (max-width: 709px) 85vw, (max-width: 909px) 67vw, (max-width: 1362px) 62vw, 840px\" \/>Seidel <\/em><\/p>\n","protected":false},"excerpt":{"rendered":"<p>Wie wir uns das \u00c4lterwerden vorstellen, wie wir mit geringeren Drehzahlen zurechtkommen und froh dabeibleiben, das ist das Anliegen, an den Nachmittagen, zu den wir immer direkt einladen. Unser Wunsch ist es, dass wir die Impulse geben, die gut tun. Nat\u00fcrlich trifft man auch mal wieder jemand aus dem Dorf oder Bekanntenkreis und erf\u00e4hrt, wie &hellip; <a href=\"https:\/\/efg-hammerbruecke.de\/wordpress\/?page_id=497\" class=\"more-link\"><span class=\"screen-reader-text\">&#8222;2023-08 60 Plus &#8211; Unsere Seniorennachmittage&#8220; <\/span>weiterlesen<\/a><\/p>\n","protected":false},"author":3,"featured_media":0,"parent":0,"menu_order":0,"comment_status":"closed","ping_status":"closed","template":"","meta":{"footnotes":""},"class_list":["post-497","page","type-page","status-publish","hentry"],"_links":{"self":[{"href":"https:\/\/efg-hammerbruecke.de\/wordpress\/index.php?rest_route=\/wp\/v2\/pages\/497","targetHints":{"allow":["GET"]}}],"collection":[{"href":"https:\/\/efg-hammerbruecke.de\/wordpress\/index.php?rest_route=\/wp\/v2\/pages"}],"about":[{"href":"https:\/\/efg-hammerbruecke.de\/wordpress\/index.php?rest_route=\/wp\/v2\/types\/page"}],"author":[{"embeddable":true,"href":"https:\/\/efg-hammerbruecke.de\/wordpress\/index.php?rest_route=\/wp\/v2\/users\/3"}],"replies":[{"embeddable":true,"href":"https:\/\/efg-hammerbruecke.de\/wordpress\/index.php?rest_route=%2Fwp%2Fv2%2Fcomments&post=497"}],"version-history":[{"count":1,"href":"https:\/\/efg-hammerbruecke.de\/wordpress\/index.php?rest_route=\/wp\/v2\/pages\/497\/revisions"}],"predecessor-version":[{"id":500,"href":"https:\/\/efg-hammerbruecke.de\/wordpress\/index.php?rest_route=\/wp\/v2\/pages\/497\/revisions\/500"}],"wp:attachment":[{"href":"https:\/\/efg-hammerbruecke.de\/wordpress\/index.php?rest_route=%2Fwp%2Fv2%2Fmedia&parent=497"}],"curies":[{"name":"wp","href":"https:\/\/api.w.org\/{rel}","templated":true}]}}