{"id":488,"date":"2024-02-03T07:11:21","date_gmt":"2024-02-03T07:11:21","guid":{"rendered":"https:\/\/efg-hammerbruecke.de\/wordpress\/?page_id=488"},"modified":"2024-02-03T07:11:21","modified_gmt":"2024-02-03T07:11:21","slug":"2023-04-der-die-ganze-welt-veraenderte","status":"publish","type":"page","link":"https:\/\/efg-hammerbruecke.de\/wordpress\/?page_id=488","title":{"rendered":"2023-04 Der die ganze Welt ver\u00e4nderte"},"content":{"rendered":"<p>Anfang der drei\u00dfiger Jahre unserer Zeitrechnung lagen drei Jahre \u00d6ffentlichkeitsarbeit im Nahen Osten hinter Jesus. Kurze und lange Reden von ihm sind uns \u00fcberliefert. So revolutionierte er in seinem \u201ePositionspapier\u201c (Matth\u00e4us 5-7) das bis dahin geltende Gesetzbuch. Ein Beispiel: Gestohlenes musste bis zur vierfachen Menge ersetzt werden und es galt Auge um Auge, Zahn um Zahn. Jesu revolution\u00e4rer Gedanke: Wenn jemand dich auf die eine Wange schl\u00e4gt, so halte ihm auch die andere Wange hin.<\/p>\n<p>Dass er es nicht nur bei solchen Parolen belie\u00df, sondern auch Hand anlegte, indem er Kranke heilte und sogar Tote auferweckte, waren deutliche Zeichen der Substanz seiner Worte \u2013 auch im Umfeld der st\u00e4ndigen Anfeindungen der damals agierenden Parteien.<\/p>\n<p>Ostern hat alles auf den Kopf gestellt. Zun\u00e4chst zog Jesus umjubelt in Jerusalem ein. Sie hatten ihm buchst\u00e4blich den roten Teppich ausgerollt.<\/p>\n<p>Dann hat er seine Mission erf\u00fcllt und sich von den R\u00f6mern ans Kreuz nageln lassen. Seine Auferstehung aus den Toten (so etwas war noch nie dagewesen \u2013 weder vorher noch nachher) bewies, dass Jesus g\u00f6ttlichen Ursprungs war, ausgestattet mit dem Angebot Gottes an die Menschen, zu einer Beziehung zu Gott zur\u00fcckzukommen.<\/p>\n<p>Vierzig Tage lang \u2013 die Zeit zwischen Ostern und Himmelfahrt \u2013 nutzte Jesus, um die Bedeutung seines Redens und Handelns in der Vergangenheit seinen Zeitgenossen gegen\u00fcber noch einmal zu unterstreichen. Seine Zusage, dass er trotz Himmelfahrt auf der Erde allgegenw\u00e4rtig bleibt, hat er seither erf\u00fcllt und die gesamte \u00f6stliche und westliche Kultur ver\u00e4ndert und gepr\u00e4gt.<\/p>\n<p>Sein Angebot ohne Verfallsdatum: Nutzt die Chance, die von Jesus aufgebaute Beziehung zu Gott ganz pers\u00f6nlich zu aktivieren. Denn mit seinem Sterben und Auferstehen hat Jesus auch die von uns bis nach Ostern 2023 aufgeh\u00e4ufte Schuld gegen\u00fcber Gott bezahlt.<\/p>\n<p>Schade, wenn man suggeriert, dass dieses Angebot f\u00fcr unsere moderne Welt nichts mehr sei!<\/p>\n<p><em>Text \u00a9 Frieder Seidel <\/em><\/p>\n","protected":false},"excerpt":{"rendered":"<p>Anfang der drei\u00dfiger Jahre unserer Zeitrechnung lagen drei Jahre \u00d6ffentlichkeitsarbeit im Nahen Osten hinter Jesus. Kurze und lange Reden von ihm sind uns \u00fcberliefert. So revolutionierte er in seinem \u201ePositionspapier\u201c (Matth\u00e4us 5-7) das bis dahin geltende Gesetzbuch. Ein Beispiel: Gestohlenes musste bis zur vierfachen Menge ersetzt werden und es galt Auge um Auge, Zahn um &hellip; <a href=\"https:\/\/efg-hammerbruecke.de\/wordpress\/?page_id=488\" class=\"more-link\"><span class=\"screen-reader-text\">&#8222;2023-04 Der die ganze Welt ver\u00e4nderte&#8220; <\/span>weiterlesen<\/a><\/p>\n","protected":false},"author":3,"featured_media":0,"parent":0,"menu_order":0,"comment_status":"closed","ping_status":"closed","template":"","meta":{"footnotes":""},"class_list":["post-488","page","type-page","status-publish","hentry"],"_links":{"self":[{"href":"https:\/\/efg-hammerbruecke.de\/wordpress\/index.php?rest_route=\/wp\/v2\/pages\/488","targetHints":{"allow":["GET"]}}],"collection":[{"href":"https:\/\/efg-hammerbruecke.de\/wordpress\/index.php?rest_route=\/wp\/v2\/pages"}],"about":[{"href":"https:\/\/efg-hammerbruecke.de\/wordpress\/index.php?rest_route=\/wp\/v2\/types\/page"}],"author":[{"embeddable":true,"href":"https:\/\/efg-hammerbruecke.de\/wordpress\/index.php?rest_route=\/wp\/v2\/users\/3"}],"replies":[{"embeddable":true,"href":"https:\/\/efg-hammerbruecke.de\/wordpress\/index.php?rest_route=%2Fwp%2Fv2%2Fcomments&post=488"}],"version-history":[{"count":1,"href":"https:\/\/efg-hammerbruecke.de\/wordpress\/index.php?rest_route=\/wp\/v2\/pages\/488\/revisions"}],"predecessor-version":[{"id":490,"href":"https:\/\/efg-hammerbruecke.de\/wordpress\/index.php?rest_route=\/wp\/v2\/pages\/488\/revisions\/490"}],"wp:attachment":[{"href":"https:\/\/efg-hammerbruecke.de\/wordpress\/index.php?rest_route=%2Fwp%2Fv2%2Fmedia&parent=488"}],"curies":[{"name":"wp","href":"https:\/\/api.w.org\/{rel}","templated":true}]}}