{"id":485,"date":"2024-02-03T07:10:20","date_gmt":"2024-02-03T07:10:20","guid":{"rendered":"https:\/\/efg-hammerbruecke.de\/wordpress\/?page_id=485"},"modified":"2024-02-03T07:10:20","modified_gmt":"2024-02-03T07:10:20","slug":"2023-03-fruehling-gartensession-start","status":"publish","type":"page","link":"https:\/\/efg-hammerbruecke.de\/wordpress\/?page_id=485","title":{"rendered":"2023-03 Fr\u00fchling \u2013 Gartensession Start! :-)"},"content":{"rendered":"<p>Sonne war in diesem Winter wahrhaftig Mangelware. Man hatte das Gef\u00fchl das trotz des herrlichen Schnees, alles grau und trostlos erschien. Das ist nun vorbei. Der Fr\u00fchling kommt. Die ersten Sonnenstrahlen kitzeln den Boden und die Fr\u00fchbl\u00fcher strecken ihre K\u00f6pfe Richtung Himmel aus. Ich habe seit letztem Jahr das G\u00e4rtnern als ein Hobby f\u00fcr mich entdeckt. Die neue Gartensession kann ich kaum erwarten. Endlich wieder kleine Samen in die Erde setzen, sie hegen und pflegen. Man achtet auf ausreichend Wasser, d\u00fcngt sie nach Bedarf und h\u00e4lt Sch\u00e4dlinge und Unkraut von ihnen fern. Sieht eine Pflanze nicht so gut aus, versorgt man sie mit den n\u00f6tigen N\u00e4hrstoffen oder setzt sie noch einmal um. Man m\u00f6chte, dass es den Pflanzen gut geht und sie reiche Frucht tragen.<\/p>\n<p>Dabei sollte man auch beachten, wer neben wem im Beet sitzt. Einige Pflanzen sind gute Nachbarn und f\u00f6rdern sich gegenseitig, andere sind schlecht Nachbarn und schaden sich. Wenn man sich gut um sie sorgt und ein Auge auf ihre Bed\u00fcrfnisse hat, dann verw\u00f6hnen sie einen mit frischen Kartoffeln, Gurken, Tomaten, Zucchinis, K\u00fcrbissen, Salaten und so vielen mehr. Baut man sein Gem\u00fcse selbst an spart man nicht nur eine Menge Geld. Nein, es schmeckt auch einfach besser. Weil man wei\u00df wie viel Arbeit, Liebe und Zeit man in jede einzelne Pflanze gesteckt hat.<\/p>\n<p>Ich denke so geht es Gott auch, wenn er die vielen Menschen anschaut, die er liebevoll pflegt und versorgt. Und genauso wird es ihn schmerzen, wenn Krankheiten die Menschen befallen oder sie sich gegenseitig selbst zerst\u00f6ren. Genau wie bei den Pflanzen m\u00f6chte er, dass wir aufbl\u00fchen und Frucht bringen. Er will das Beste f\u00fcr uns, sodass wir f\u00fcr uns selbst und andere eine Freude sind. In diesem Sinne eine gute Ernte im Jahr 2023.<\/p>\n<p><em>Text \u00a9 Sabrina G\u00fcnnel<br \/>\n<\/em><\/p>\n","protected":false},"excerpt":{"rendered":"<p>Sonne war in diesem Winter wahrhaftig Mangelware. Man hatte das Gef\u00fchl das trotz des herrlichen Schnees, alles grau und trostlos erschien. Das ist nun vorbei. Der Fr\u00fchling kommt. Die ersten Sonnenstrahlen kitzeln den Boden und die Fr\u00fchbl\u00fcher strecken ihre K\u00f6pfe Richtung Himmel aus. Ich habe seit letztem Jahr das G\u00e4rtnern als ein Hobby f\u00fcr mich &hellip; <a href=\"https:\/\/efg-hammerbruecke.de\/wordpress\/?page_id=485\" class=\"more-link\"><span class=\"screen-reader-text\">&#8222;2023-03 Fr\u00fchling \u2013 Gartensession Start! :-)&#8220; <\/span>weiterlesen<\/a><\/p>\n","protected":false},"author":3,"featured_media":0,"parent":0,"menu_order":0,"comment_status":"closed","ping_status":"closed","template":"","meta":{"footnotes":""},"class_list":["post-485","page","type-page","status-publish","hentry"],"_links":{"self":[{"href":"https:\/\/efg-hammerbruecke.de\/wordpress\/index.php?rest_route=\/wp\/v2\/pages\/485","targetHints":{"allow":["GET"]}}],"collection":[{"href":"https:\/\/efg-hammerbruecke.de\/wordpress\/index.php?rest_route=\/wp\/v2\/pages"}],"about":[{"href":"https:\/\/efg-hammerbruecke.de\/wordpress\/index.php?rest_route=\/wp\/v2\/types\/page"}],"author":[{"embeddable":true,"href":"https:\/\/efg-hammerbruecke.de\/wordpress\/index.php?rest_route=\/wp\/v2\/users\/3"}],"replies":[{"embeddable":true,"href":"https:\/\/efg-hammerbruecke.de\/wordpress\/index.php?rest_route=%2Fwp%2Fv2%2Fcomments&post=485"}],"version-history":[{"count":1,"href":"https:\/\/efg-hammerbruecke.de\/wordpress\/index.php?rest_route=\/wp\/v2\/pages\/485\/revisions"}],"predecessor-version":[{"id":487,"href":"https:\/\/efg-hammerbruecke.de\/wordpress\/index.php?rest_route=\/wp\/v2\/pages\/485\/revisions\/487"}],"wp:attachment":[{"href":"https:\/\/efg-hammerbruecke.de\/wordpress\/index.php?rest_route=%2Fwp%2Fv2%2Fmedia&parent=485"}],"curies":[{"name":"wp","href":"https:\/\/api.w.org\/{rel}","templated":true}]}}