{"id":479,"date":"2024-02-03T07:08:13","date_gmt":"2024-02-03T07:08:13","guid":{"rendered":"https:\/\/efg-hammerbruecke.de\/wordpress\/?page_id=479"},"modified":"2024-02-03T07:08:13","modified_gmt":"2024-02-03T07:08:13","slug":"2023-01-gott-sieht-dich-jahreslosung-2023","status":"publish","type":"page","link":"https:\/\/efg-hammerbruecke.de\/wordpress\/?page_id=479","title":{"rendered":"2023-01 Gott sieht dich \u2013 Jahreslosung 2023"},"content":{"rendered":"<p>Seit knapp 300 Jahren erscheint j\u00e4hrlich in Verantwortung der Herrnhuter Br\u00fcdergemeine \u201eDie Losungen\u201c. Hierzu wird f\u00fcr jeden Tag aus 1824 Bibelversen ein Leitvers aus dem Alten Testament gelost und zur Erkl\u00e4rung ein \u201eLehrtext\u201c aus dem Neuen Testament erg\u00e4nzt. Au\u00dferdem gibt es zus\u00e4tzliche Losungen f\u00fcr Feiertage, jede Woche, jeden Monat und die Jahreslosung.<\/p>\n<p>Die Jahreslosung f\u00fcr 2023 steht in 1. Mose 16,13 \u201eDu bist ein Gott, der mich sieht\u201c. Diesen Ausspruch pr\u00e4gte die \u00e4gyptische Dienerin Hagar. Gott war ihr nachgegangen und hatte sie ermutigt, nachdem sie von ihrer Herrin ungerecht behandelt wurde. Offensichtlich war sie \u00fcberw\u00e4ltigt davon, dass Gott sogar sie, als einfachen Menschen, sieht.<\/p>\n<p>Gott sah sie aber nicht unbeteiligt an, wie wir, wenn wir einen Film ansehen oder jemanden Unbekannten sehen. Er sah sie auch nicht aus dem Grund an, um ihre Fehler zu suchen und sie dann anzuklagen. Er hatte gesehen, dass es Hagar nicht gut ging, suchte sie und half ihr.<\/p>\n<p>\u00dcbrigens, bietet Jesus auch uns seine Hilfe an. Er sagte von sich, dass er jedem inneren Frieden gibt, der sich auf ihn einl\u00e4sst (Mt 11,28). Versuche es doch auch einmal, bei ihm abzulegen, was dich aktuell verunsichert oder belastet.<\/p>\n<p><em>Text \u00a9 David Seidel <\/em><\/p>\n","protected":false},"excerpt":{"rendered":"<p>Seit knapp 300 Jahren erscheint j\u00e4hrlich in Verantwortung der Herrnhuter Br\u00fcdergemeine \u201eDie Losungen\u201c. Hierzu wird f\u00fcr jeden Tag aus 1824 Bibelversen ein Leitvers aus dem Alten Testament gelost und zur Erkl\u00e4rung ein \u201eLehrtext\u201c aus dem Neuen Testament erg\u00e4nzt. Au\u00dferdem gibt es zus\u00e4tzliche Losungen f\u00fcr Feiertage, jede Woche, jeden Monat und die Jahreslosung. Die Jahreslosung f\u00fcr &hellip; <a href=\"https:\/\/efg-hammerbruecke.de\/wordpress\/?page_id=479\" class=\"more-link\"><span class=\"screen-reader-text\">&#8222;2023-01 Gott sieht dich \u2013 Jahreslosung 2023&#8220; <\/span>weiterlesen<\/a><\/p>\n","protected":false},"author":3,"featured_media":0,"parent":0,"menu_order":0,"comment_status":"closed","ping_status":"closed","template":"","meta":{"footnotes":""},"class_list":["post-479","page","type-page","status-publish","hentry"],"_links":{"self":[{"href":"https:\/\/efg-hammerbruecke.de\/wordpress\/index.php?rest_route=\/wp\/v2\/pages\/479","targetHints":{"allow":["GET"]}}],"collection":[{"href":"https:\/\/efg-hammerbruecke.de\/wordpress\/index.php?rest_route=\/wp\/v2\/pages"}],"about":[{"href":"https:\/\/efg-hammerbruecke.de\/wordpress\/index.php?rest_route=\/wp\/v2\/types\/page"}],"author":[{"embeddable":true,"href":"https:\/\/efg-hammerbruecke.de\/wordpress\/index.php?rest_route=\/wp\/v2\/users\/3"}],"replies":[{"embeddable":true,"href":"https:\/\/efg-hammerbruecke.de\/wordpress\/index.php?rest_route=%2Fwp%2Fv2%2Fcomments&post=479"}],"version-history":[{"count":1,"href":"https:\/\/efg-hammerbruecke.de\/wordpress\/index.php?rest_route=\/wp\/v2\/pages\/479\/revisions"}],"predecessor-version":[{"id":481,"href":"https:\/\/efg-hammerbruecke.de\/wordpress\/index.php?rest_route=\/wp\/v2\/pages\/479\/revisions\/481"}],"wp:attachment":[{"href":"https:\/\/efg-hammerbruecke.de\/wordpress\/index.php?rest_route=%2Fwp%2Fv2%2Fmedia&parent=479"}],"curies":[{"name":"wp","href":"https:\/\/api.w.org\/{rel}","templated":true}]}}