{"id":476,"date":"2024-02-03T07:07:08","date_gmt":"2024-02-03T07:07:08","guid":{"rendered":"https:\/\/efg-hammerbruecke.de\/wordpress\/?page_id=476"},"modified":"2024-02-03T07:07:08","modified_gmt":"2024-02-03T07:07:08","slug":"2023-06-worauf-wir-uns-verlassen-koennen","status":"publish","type":"page","link":"https:\/\/efg-hammerbruecke.de\/wordpress\/?page_id=476","title":{"rendered":"2023-06 Worauf wir uns verlassen k\u00f6nnen"},"content":{"rendered":"<p>Worauf k\u00f6nnen wir uns verlassen? Auf wen k\u00f6nnen wir wirklich z\u00e4hlen, wenn es drauf ankommt? Wer ist auch in schweren Zeiten f\u00fcr uns da, begleitet uns und hat ein offenes Ohr f\u00fcr uns? Manchmal reicht es jemanden an seiner Seite zu wissen, der einfach nur zuh\u00f6rt, dem wir unser Herz aussch\u00fctten k\u00f6nnen. Wir d\u00fcrfen uns gl\u00fccklich sch\u00e4tzen, wenn wir solche Wegbegleiter an unserer Seite haben.<\/p>\n<p>Dennoch erleben wir viel zu oft in unserem Alltag genau das Gegenteil. Oft suchen wir vergeblich nach Konstanz. So schnell wie sich Interessen, Meinungen und Trends \u00e4ndern, kommt es auch in pers\u00f6nlichen Beziehungen durch ver\u00e4nderte Lebensumst\u00e4nde, Meinungsverschieden\u00adheiten oder falsche Erwartungen zu Schmerz und sogar Trennung. Um Entt\u00e4uschungen zu vermeiden, senken wir unsere Erwartungen, ziehen uns zur\u00fcck und gehen auf Abstand zum anderen.<\/p>\n<p>Es gibt aber einen der uns nicht entt\u00e4uschen wird, einen auf den wir uns wirklich verlassen k\u00f6nnen: Jesus! Er will uns nicht nur ein St\u00fcck vom Weg begleiten, sondern immer. Er hat ein ehrliches, pers\u00f6nliches Interesse an uns. Warum k\u00f6nnen wir uns auf ihn verlassen? Weil er es in der Bibel selbst verspricht: \u201eIch bin immer bei euch bis ans Ende der Zeit.\u201c Das ist eine Realit\u00e4t die jeder ganz praktisch erfahren kann, der sich an ihn wendet. Falls dir der richtige Ansprechpartner f\u00fcr die schwierigen Themen im Leben fehlt, einer auf deiner Wellenl\u00e4nge, dann bist du bei ihm genau an der richtigen Adresse. Wenn du dich jetzt fragst wie du das erfahren kannst, darfst du wissen, dass er immer nur ein Gebet weit entfernt ist!<\/p>\n<p><em>Text \u00a9 Markus L\u00f6rtscher<br \/>\n<\/em><\/p>\n","protected":false},"excerpt":{"rendered":"<p>Worauf k\u00f6nnen wir uns verlassen? Auf wen k\u00f6nnen wir wirklich z\u00e4hlen, wenn es drauf ankommt? Wer ist auch in schweren Zeiten f\u00fcr uns da, begleitet uns und hat ein offenes Ohr f\u00fcr uns? Manchmal reicht es jemanden an seiner Seite zu wissen, der einfach nur zuh\u00f6rt, dem wir unser Herz aussch\u00fctten k\u00f6nnen. Wir d\u00fcrfen uns &hellip; <a href=\"https:\/\/efg-hammerbruecke.de\/wordpress\/?page_id=476\" class=\"more-link\"><span class=\"screen-reader-text\">&#8222;2023-06 Worauf wir uns verlassen k\u00f6nnen&#8220; <\/span>weiterlesen<\/a><\/p>\n","protected":false},"author":3,"featured_media":0,"parent":0,"menu_order":0,"comment_status":"closed","ping_status":"closed","template":"","meta":{"footnotes":""},"class_list":["post-476","page","type-page","status-publish","hentry"],"_links":{"self":[{"href":"https:\/\/efg-hammerbruecke.de\/wordpress\/index.php?rest_route=\/wp\/v2\/pages\/476","targetHints":{"allow":["GET"]}}],"collection":[{"href":"https:\/\/efg-hammerbruecke.de\/wordpress\/index.php?rest_route=\/wp\/v2\/pages"}],"about":[{"href":"https:\/\/efg-hammerbruecke.de\/wordpress\/index.php?rest_route=\/wp\/v2\/types\/page"}],"author":[{"embeddable":true,"href":"https:\/\/efg-hammerbruecke.de\/wordpress\/index.php?rest_route=\/wp\/v2\/users\/3"}],"replies":[{"embeddable":true,"href":"https:\/\/efg-hammerbruecke.de\/wordpress\/index.php?rest_route=%2Fwp%2Fv2%2Fcomments&post=476"}],"version-history":[{"count":1,"href":"https:\/\/efg-hammerbruecke.de\/wordpress\/index.php?rest_route=\/wp\/v2\/pages\/476\/revisions"}],"predecessor-version":[{"id":478,"href":"https:\/\/efg-hammerbruecke.de\/wordpress\/index.php?rest_route=\/wp\/v2\/pages\/476\/revisions\/478"}],"wp:attachment":[{"href":"https:\/\/efg-hammerbruecke.de\/wordpress\/index.php?rest_route=%2Fwp%2Fv2%2Fmedia&parent=476"}],"curies":[{"name":"wp","href":"https:\/\/api.w.org\/{rel}","templated":true}]}}