{"id":463,"date":"2024-02-03T07:00:28","date_gmt":"2024-02-03T07:00:28","guid":{"rendered":"https:\/\/efg-hammerbruecke.de\/wordpress\/?page_id=463"},"modified":"2024-02-03T07:00:28","modified_gmt":"2024-02-03T07:00:28","slug":"2022-09-du-bist-gewollt","status":"publish","type":"page","link":"https:\/\/efg-hammerbruecke.de\/wordpress\/?page_id=463","title":{"rendered":"2022-09 Du bist gewollt!"},"content":{"rendered":"<p>Wahrscheinlich hat jeden von uns die Frage nach dem Sinn des Lebens schon einmal besch\u00e4ftigt: \u201eWarum bin ich eigentlich hier?\u201c und \u201eWof\u00fcr lebe ich?\u201c.<\/p>\n<p>Der Hauptantrieb f\u00fcr unser Leben ist Liebe. Meistens zuerst die Liebe der Eltern und der Familie; sp\u00e4ter im Leben die Liebe von Menschen, denen wir wichtig sind. Egal, wie der aktuelle Lebensumstand ist und ob es jemanden gibt, dem wir wichtig sind oder nicht \u2013 unser Sch\u00f6pfer liebt uns von Herzen und w\u00fcnscht sich, dass wir in die Beziehung zu ihm und anderen Menschen investieren.<\/p>\n<p>Ein Mann, der von seinem Vater nicht mal gleich als sein Sohn bezeichnet wurde und der von seinen Br\u00fcdern ausgelacht wurde, erkannte, dass Gott ihm seinen Wert verleiht und nicht Menschen. So schrieb er in einem Lied \u201eIch danke dir, dass du mich so herrlich und ausgezeichnet gemacht hast! Wunderbar sind deine Werke, das wei\u00df ich wohl.\u201c (Psalm 139,14 \u2013 NLB).<\/p>\n<p>Am 17. September war in Berlin der Marsch f\u00fcr das Leben. Dort sind einige tausend auf die Stra\u00dfe gegangen f\u00fcr das Lebensrecht von Kindern, die von ihren leiblichen Eltern nicht gewollt sind. Sie demonstrieren stellvertretend f\u00fcr Gott. Denn nur unser Sch\u00f6pfer liebt jeden einzelnen von uns. Er allein kann uns vermitteln, was es hei\u00dft \u201edu bist gewollt\u201c!<\/p>\n<p><em>Text \u00a9 David Seidel <\/em><\/p>\n","protected":false},"excerpt":{"rendered":"<p>Wahrscheinlich hat jeden von uns die Frage nach dem Sinn des Lebens schon einmal besch\u00e4ftigt: \u201eWarum bin ich eigentlich hier?\u201c und \u201eWof\u00fcr lebe ich?\u201c. Der Hauptantrieb f\u00fcr unser Leben ist Liebe. Meistens zuerst die Liebe der Eltern und der Familie; sp\u00e4ter im Leben die Liebe von Menschen, denen wir wichtig sind. Egal, wie der aktuelle &hellip; <a href=\"https:\/\/efg-hammerbruecke.de\/wordpress\/?page_id=463\" class=\"more-link\"><span class=\"screen-reader-text\">&#8222;2022-09 Du bist gewollt!&#8220; <\/span>weiterlesen<\/a><\/p>\n","protected":false},"author":3,"featured_media":0,"parent":0,"menu_order":0,"comment_status":"closed","ping_status":"closed","template":"","meta":{"footnotes":""},"class_list":["post-463","page","type-page","status-publish","hentry"],"_links":{"self":[{"href":"https:\/\/efg-hammerbruecke.de\/wordpress\/index.php?rest_route=\/wp\/v2\/pages\/463","targetHints":{"allow":["GET"]}}],"collection":[{"href":"https:\/\/efg-hammerbruecke.de\/wordpress\/index.php?rest_route=\/wp\/v2\/pages"}],"about":[{"href":"https:\/\/efg-hammerbruecke.de\/wordpress\/index.php?rest_route=\/wp\/v2\/types\/page"}],"author":[{"embeddable":true,"href":"https:\/\/efg-hammerbruecke.de\/wordpress\/index.php?rest_route=\/wp\/v2\/users\/3"}],"replies":[{"embeddable":true,"href":"https:\/\/efg-hammerbruecke.de\/wordpress\/index.php?rest_route=%2Fwp%2Fv2%2Fcomments&post=463"}],"version-history":[{"count":1,"href":"https:\/\/efg-hammerbruecke.de\/wordpress\/index.php?rest_route=\/wp\/v2\/pages\/463\/revisions"}],"predecessor-version":[{"id":465,"href":"https:\/\/efg-hammerbruecke.de\/wordpress\/index.php?rest_route=\/wp\/v2\/pages\/463\/revisions\/465"}],"wp:attachment":[{"href":"https:\/\/efg-hammerbruecke.de\/wordpress\/index.php?rest_route=%2Fwp%2Fv2%2Fmedia&parent=463"}],"curies":[{"name":"wp","href":"https:\/\/api.w.org\/{rel}","templated":true}]}}