{"id":453,"date":"2024-02-03T06:57:18","date_gmt":"2024-02-03T06:57:18","guid":{"rendered":"https:\/\/efg-hammerbruecke.de\/wordpress\/?page_id=453"},"modified":"2024-02-03T06:57:18","modified_gmt":"2024-02-03T06:57:18","slug":"2022-05-ukrainehilfe","status":"publish","type":"page","link":"https:\/\/efg-hammerbruecke.de\/wordpress\/?page_id=453","title":{"rendered":"2022-05 Ukrainehilfe"},"content":{"rendered":"<p>Am 24. Februar 2022 sind russische Truppen in der Ukraine eingefallen. Ohne die Frage zu stellen \u201eWer ist daran schuld?\u201c oder \u201eWie h\u00e4tte das verhindert werden k\u00f6nnen?\u201c f\u00e4llt sofort auf, dass die leidtragenden auf beiden Seiten zu finden sind: Familien wurden auseinandergerissen, zahlreiche Existenzen wurden zerst\u00f6rt und das Elend in einer schon wirtschaftlich sehr schwachen Region wurde noch gr\u00f6\u00dfer.<\/p>\n<p>Menschlich scheint die Situation aussichtslos und vereinzelt h\u00f6rt man \u201eda hilft nur noch beten\u201c. Und es ist tats\u00e4chlich gut, an Gott all das abzugeben, was uns bedr\u00fcckt. In der Bibel lesen wir \u201eAlle eure Sorgen werft auf ihn, denn er sorgt f\u00fcr euch\u201c (1. Petrus 5,7).<\/p>\n<p>Und dennoch haben wir den g\u00f6ttlichen Auftrag, Menschen in Not auch tatkr\u00e4ftig zu unterst\u00fctzen (z.B. Matth\u00e4us 25,31-40). So schlossen sich auch in Hammerbr\u00fccke Christen unterschiedlicher Gemeinden zusammen, um gemeinsam zu helfen:<\/p>\n<ul>\n<li>Zahlreiche Matratzen und weitere Sachspenden wurde gesammelt und weitergegeben (in benachbarte L\u00e4nder, aber direkt auch in die Ukraine)<\/li>\n<li>Fl\u00fcchtende wurden direkt an der Grenze abgeholt und z.T. im Vogtland untergebracht<\/li>\n<li>Lebensmittel wurden palettenweise eingekauft und zu einzelnen Lebensmittelkartons zusammengepackt. So hatten Fl\u00fcchtende ein Proviantp\u00e4ckchen mit Nahrung, Medizin und Hygieneartikeln.<\/li>\n<li>Unternehmen unterst\u00fctzten z.T. mit Sachspenden in Gr\u00f6\u00dfenordnungen<\/li>\n<li>Viele einzelne Geldspenden f\u00fchrten dazu, dass 2 Allradfahrzeuge gekauft werden konnten, mit denen Leute direkt aus den beschossenen Gebieten geholt wurden<\/li>\n<\/ul>\n<p>Wir danken allen, die sich in irgendeiner Weise daran beteiligt haben! N\u00e4chste Transporte sind bereits in Vorbereitung. Auch hier gibt es die M\u00f6glichkeit, der finanziellen Unterst\u00fctzung:<\/p>\n<p>Evangelisch Freikirchliche Gemeinde, IBAN DE59 8705 8000 3608 0008 60, Zweck: Ukrainehilfe<\/p>\n<p><em>Text \u00a9 David Seidel <\/em><\/p>\n<p><img loading=\"lazy\" decoding=\"async\" class=\"alignnone size-full wp-image-454\" src=\"http:\/\/efg-hammerbruecke.de\/wordpress\/wp-content\/uploads\/2024\/02\/2022-05-03.jpg\" alt=\"\" width=\"389\" height=\"518\" srcset=\"https:\/\/efg-hammerbruecke.de\/wordpress\/wp-content\/uploads\/2024\/02\/2022-05-03.jpg 389w, https:\/\/efg-hammerbruecke.de\/wordpress\/wp-content\/uploads\/2024\/02\/2022-05-03-225x300.jpg 225w\" sizes=\"auto, (max-width: 389px) 85vw, 389px\" \/> <img loading=\"lazy\" decoding=\"async\" class=\"alignnone size-full wp-image-455\" src=\"http:\/\/efg-hammerbruecke.de\/wordpress\/wp-content\/uploads\/2024\/02\/2022-05-01.jpg\" alt=\"\" width=\"389\" height=\"518\" srcset=\"https:\/\/efg-hammerbruecke.de\/wordpress\/wp-content\/uploads\/2024\/02\/2022-05-01.jpg 389w, https:\/\/efg-hammerbruecke.de\/wordpress\/wp-content\/uploads\/2024\/02\/2022-05-01-225x300.jpg 225w\" sizes=\"auto, (max-width: 389px) 85vw, 389px\" \/><\/p>\n","protected":false},"excerpt":{"rendered":"<p>Am 24. Februar 2022 sind russische Truppen in der Ukraine eingefallen. Ohne die Frage zu stellen \u201eWer ist daran schuld?\u201c oder \u201eWie h\u00e4tte das verhindert werden k\u00f6nnen?\u201c f\u00e4llt sofort auf, dass die leidtragenden auf beiden Seiten zu finden sind: Familien wurden auseinandergerissen, zahlreiche Existenzen wurden zerst\u00f6rt und das Elend in einer schon wirtschaftlich sehr schwachen &hellip; <a href=\"https:\/\/efg-hammerbruecke.de\/wordpress\/?page_id=453\" class=\"more-link\"><span class=\"screen-reader-text\">&#8222;2022-05 Ukrainehilfe&#8220; <\/span>weiterlesen<\/a><\/p>\n","protected":false},"author":3,"featured_media":0,"parent":0,"menu_order":0,"comment_status":"closed","ping_status":"closed","template":"","meta":{"footnotes":""},"class_list":["post-453","page","type-page","status-publish","hentry"],"_links":{"self":[{"href":"https:\/\/efg-hammerbruecke.de\/wordpress\/index.php?rest_route=\/wp\/v2\/pages\/453","targetHints":{"allow":["GET"]}}],"collection":[{"href":"https:\/\/efg-hammerbruecke.de\/wordpress\/index.php?rest_route=\/wp\/v2\/pages"}],"about":[{"href":"https:\/\/efg-hammerbruecke.de\/wordpress\/index.php?rest_route=\/wp\/v2\/types\/page"}],"author":[{"embeddable":true,"href":"https:\/\/efg-hammerbruecke.de\/wordpress\/index.php?rest_route=\/wp\/v2\/users\/3"}],"replies":[{"embeddable":true,"href":"https:\/\/efg-hammerbruecke.de\/wordpress\/index.php?rest_route=%2Fwp%2Fv2%2Fcomments&post=453"}],"version-history":[{"count":1,"href":"https:\/\/efg-hammerbruecke.de\/wordpress\/index.php?rest_route=\/wp\/v2\/pages\/453\/revisions"}],"predecessor-version":[{"id":458,"href":"https:\/\/efg-hammerbruecke.de\/wordpress\/index.php?rest_route=\/wp\/v2\/pages\/453\/revisions\/458"}],"wp:attachment":[{"href":"https:\/\/efg-hammerbruecke.de\/wordpress\/index.php?rest_route=%2Fwp%2Fv2%2Fmedia&parent=453"}],"curies":[{"name":"wp","href":"https:\/\/api.w.org\/{rel}","templated":true}]}}