{"id":417,"date":"2022-01-05T12:06:47","date_gmt":"2022-01-05T12:06:47","guid":{"rendered":"https:\/\/efg-hammerbruecke.de\/wordpress\/?page_id=417"},"modified":"2024-02-02T20:14:11","modified_gmt":"2024-02-02T20:14:11","slug":"2022-01-sonntagsruhe","status":"publish","type":"page","link":"https:\/\/efg-hammerbruecke.de\/wordpress\/?page_id=417","title":{"rendered":"2022-01 Sonntagsruhe"},"content":{"rendered":"<p class=\"hide-if-no-js\"><a id=\"set-post-thumbnail\" class=\"thickbox\" href=\"https:\/\/efg-hammerbruecke.de\/wordpress\/wp-admin\/media-upload.php?post_id=417&amp;type=image&amp;TB_iframe=1\" aria-describedby=\"set-post-thumbnail-desc\"><img loading=\"lazy\" decoding=\"async\" class=\"attachment-post-thumbnail size-post-thumbnail\" src=\"http:\/\/efg-hammerbruecke.de\/wordpress\/wp-content\/uploads\/2022\/01\/Sabbat-1200x457.jpg\" sizes=\"auto, (max-width: 709px) 85vw, (max-width: 909px) 67vw, (max-width: 984px) 60vw, (max-width: 1362px) 62vw, 840px\" srcset=\"https:\/\/efg-hammerbruecke.de\/wordpress\/wp-content\/uploads\/2022\/01\/Sabbat-1200x457.jpg 1200w, https:\/\/efg-hammerbruecke.de\/wordpress\/wp-content\/uploads\/2022\/01\/Sabbat-300x114.jpg 300w, https:\/\/efg-hammerbruecke.de\/wordpress\/wp-content\/uploads\/2022\/01\/Sabbat-1024x390.jpg 1024w, https:\/\/efg-hammerbruecke.de\/wordpress\/wp-content\/uploads\/2022\/01\/Sabbat-768x292.jpg 768w, https:\/\/efg-hammerbruecke.de\/wordpress\/wp-content\/uploads\/2022\/01\/Sabbat.jpg 1385w\" alt=\"\" width=\"840\" height=\"320\" \/><\/a><\/p>\n<p><span dir=\"ltr\" role=\"presentation\">Sonntagsruhe \u2013 321 \u2013 Sabbat<\/span><\/p>\n<p><span dir=\"ltr\" role=\"presentation\">Vom 09.-16. Januar findet in den Kirchen und Gemeinden des Ortes die j\u00e4hrliche Allianz-<\/span><br role=\"presentation\" \/><span dir=\"ltr\" role=\"presentation\">Gebetswoche statt. Auch wenn es in Feinheiten unterschiedliche Gewohnheiten gibt, so erinnern wir <\/span><br role=\"presentation\" \/><span dir=\"ltr\" role=\"presentation\">uns daran, was uns vereint und bitten Gott um seinen Segen f\u00fcr das neue Jahr: f\u00fcr unseren Ort, unser<\/span><br role=\"presentation\" \/><span dir=\"ltr\" role=\"presentation\">Land, unsere Verantwortlichen, aber auch f\u00fcr pers\u00f6nliche Anliegen. Die aktuelle Gebetswoche steht <\/span><br role=\"presentation\" \/><span dir=\"ltr\" role=\"presentation\">unter dem Motto \u201eSabbat \u2013 Leben nach Gottes Rhythmus\u201c.\u00a0\u00a0\u00a0\u00a0 \u00a0 \u00a0 \u00a0 \u00a0 \u00a0 \u00a0 \u00a0 \u00a0 \u00a0 \u00a0 \u00a0 \u00a0 \u00a0 \u00a0 \u00a0 \u00a0 \u00a0 \u00a0 \u00a0 \u00a0 \u00a0 \u00a0 \u00a0 \u00a0 \u00a0 \u00a0 \u00a0 \u00a0 \u00a0 \u00a0 \u00a0 \u00a0 \u00a0 \u00a0 \u00a0 \u00a0 \u00a0 \u00a0 \u00a0 \u00a0 \u00a0 \u00a0 \u00a0 \u00a0 \u00a0 \u00a0 \u00a0 \u00a0 \u00a0 \u00a0 \u00a0 \u00a0 \u00a0 \u00a0 \u00a0 \u00a0 \u00a0 \u00a0 \u00a0 \u00a0 \u00a0 \u00a0 \u00a0 \u00a0 \u00a0 \u00a0 \u00a0 \u00a0 \u00a0 \u00a0 \u00a0 \u00a0 \u00a0 \u00a0 \u00a0 \u00a0 \u00a0 \u00a0 \u00a0 \u00a0 \u00a0 \u00a0 \u00a0 \u00a0 \u00a0 \u00a0 \u00a0 \u00a0 \u00a0 \u00a0 \u00a0 \u00a0 \u00a0 \u00a0 \u00a0 \u00a0 \u00a0 \u00a0 \u00a0 \u00a0 \u00a0 \u00a0 \u00a0 \u00a0 \u00a0 \u00a0 \u00a0 \u00a0 \u00a0 \u00a0 \u00a0\u00a0 \u00a0\u00a0\u00a0\u00a0\u00a0\u00a0\u00a0\u00a0\u00a0\u00a0\u00a0\u00a0\u00a0\u00a0\u00a0\u00a0\u00a0\u00a0\u00a0\u00a0\u00a0\u00a0\u00a0\u00a0\u00a0\u00a0\u00a0\u00a0\u00a0\u00a0\u00a0\u00a0\u00a0\u00a0\u00a0\u00a0\u00a0\u00a0\u00a0\u00a0\u00a0\u00a0\u00a0\u00a0\u00a0\u00a0\u00a0\u00a0\u00a0\u00a0\u00a0\u00a0\u00a0\u00a0\u00a0\u00a0\u00a0\u00a0\u00a0\u00a0\u00a0\u00a0\u00a0\u00a0\u00a0\u00a0\u00a0\u00a0\u00a0\u00a0\u00a0\u00a0\u00a0\u00a0\u00a0\u00a0\u00a0\u00a0\u00a0\u00a0\u00a0\u00a0\u00a0\u00a0\u00a0 <\/span><span dir=\"ltr\" role=\"presentation\">Das hebr\u00e4ische Wort \u201eSabbat\u201c kann \u201emit etwas aufh\u00f6ren\u201c oder \u201eruhen\u201c \u00fcbersetzt werden und davon<\/span><br role=\"presentation\" \/><span dir=\"ltr\" role=\"presentation\">ist schon auf den ersten Seiten der Bibel zu lesen. Nachdem Gott in 6 Tage Himmel, Erde und alle <\/span><br role=\"presentation\" \/><span dir=\"ltr\" role=\"presentation\">Lebewesen schuf, nahm er sich einen Tag Ruhe (1 Mo 2,2). Gott wei\u00df, wie wichtig es ist, dass wir in <\/span><br role=\"presentation\" \/><span dir=\"ltr\" role=\"presentation\">allem Alltagstrubel immer wieder Ruhe brauchen, und so gab er dem Volk Israel in 2. Mose 20,10 das <\/span><br role=\"presentation\" \/><span dir=\"ltr\" role=\"presentation\">Gebot, den Sabbat zu halten.\u00a0\u00a0\u00a0\u00a0\u00a0\u00a0\u00a0\u00a0\u00a0\u00a0\u00a0\u00a0\u00a0\u00a0\u00a0\u00a0\u00a0\u00a0\u00a0\u00a0\u00a0\u00a0\u00a0\u00a0\u00a0\u00a0\u00a0\u00a0\u00a0\u00a0\u00a0\u00a0\u00a0\u00a0\u00a0\u00a0\u00a0\u00a0\u00a0\u00a0\u00a0\u00a0\u00a0\u00a0\u00a0\u00a0\u00a0\u00a0\u00a0\u00a0\u00a0\u00a0\u00a0\u00a0\u00a0\u00a0\u00a0\u00a0\u00a0\u00a0\u00a0\u00a0\u00a0\u00a0\u00a0\u00a0\u00a0\u00a0\u00a0\u00a0\u00a0\u00a0\u00a0\u00a0\u00a0\u00a0\u00a0\u00a0\u00a0\u00a0\u00a0\u00a0\u00a0\u00a0\u00a0\u00a0\u00a0\u00a0\u00a0\u00a0\u00a0\u00a0\u00a0\u00a0\u00a0\u00a0\u00a0\u00a0\u00a0\u00a0\u00a0\u00a0\u00a0\u00a0\u00a0\u00a0\u00a0\u00a0\u00a0\u00a0\u00a0\u00a0\u00a0\u00a0\u00a0\u00a0\u00a0\u00a0\u00a0\u00a0\u00a0\u00a0\u00a0\u00a0\u00a0\u00a0\u00a0\u00a0\u00a0\u00a0\u00a0\u00a0\u00a0\u00a0\u00a0\u00a0\u00a0\u00a0\u00a0\u00a0\u00a0\u00a0\u00a0\u00a0\u00a0\u00a0\u00a0\u00a0\u00a0\u00a0\u00a0\u00a0\u00a0\u00a0\u00a0\u00a0\u00a0\u00a0\u00a0\u00a0\u00a0\u00a0\u00a0\u00a0\u00a0\u00a0\u00a0\u00a0\u00a0\u00a0\u00a0\u00a0\u00a0\u00a0\u00a0\u00a0\u00a0\u00a0\u00a0\u00a0\u00a0\u00a0\u00a0\u00a0\u00a0\u00a0\u00a0\u00a0\u00a0\u00a0\u00a0\u00a0\u00a0\u00a0\u00a0\u00a0\u00a0\u00a0\u00a0\u00a0\u00a0\u00a0\u00a0\u00a0\u00a0\u00a0\u00a0\u00a0\u00a0\u00a0\u00a0\u00a0\u00a0\u00a0\u00a0\u00a0\u00a0\u00a0\u00a0\u00a0\u00a0\u00a0\u00a0\u00a0\u00a0\u00a0\u00a0\u00a0\u00a0\u00a0\u00a0\u00a0\u00a0\u00a0\u00a0\u00a0\u00a0\u00a0\u00a0\u00a0\u00a0\u00a0\u00a0\u00a0\u00a0\u00a0\u00a0\u00a0\u00a0\u00a0\u00a0\u00a0\u00a0\u00a0\u00a0\u00a0\u00a0\u00a0\u00a0\u00a0\u00a0\u00a0\u00a0\u00a0\u00a0\u00a0\u00a0\u00a0\u00a0\u00a0\u00a0\u00a0\u00a0\u00a0\u00a0\u00a0\u00a0\u00a0\u00a0\u00a0\u00a0\u00a0\u00a0\u00a0\u00a0\u00a0\u00a0\u00a0\u00a0\u00a0\u00a0\u00a0\u00a0\u00a0\u00a0\u00a0\u00a0\u00a0\u00a0\u00a0\u00a0\u00a0\u00a0\u00a0\u00a0\u00a0\u00a0\u00a0\u00a0\u00a0\u00a0\u00a0\u00a0\u00a0\u00a0\u00a0\u00a0\u00a0\u00a0\u00a0\u00a0\u00a0\u00a0\u00a0\u00a0\u00a0\u00a0\u00a0\u00a0\u00a0\u00a0\u00a0\u00a0\u00a0\u00a0\u00a0\u00a0\u00a0\u00a0\u00a0\u00a0\u00a0\u00a0\u00a0\u00a0\u00a0\u00a0\u00a0\u00a0\u00a0\u00a0\u00a0\u00a0\u00a0\u00a0\u00a0\u00a0\u00a0\u00a0\u00a0\u00a0\u00a0\u00a0\u00a0\u00a0\u00a0\u00a0\u00a0\u00a0\u00a0\u00a0\u00a0\u00a0\u00a0\u00a0\u00a0\u00a0\u00a0\u00a0\u00a0\u00a0\u00a0\u00a0\u00a0\u00a0\u00a0\u00a0\u00a0\u00a0\u00a0\u00a0\u00a0\u00a0\u00a0\u00a0\u00a0\u00a0\u00a0\u00a0\u00a0\u00a0\u00a0\u00a0\u00a0\u00a0\u00a0\u00a0\u00a0\u00a0\u00a0\u00a0\u00a0\u00a0\u00a0\u00a0\u00a0\u00a0\u00a0\u00a0\u00a0\u00a0\u00a0\u00a0\u00a0\u00a0\u00a0\u00a0 <\/span><span dir=\"ltr\" role=\"presentation\">Am 3.3.321 f\u00fchrte der christliche Kaiser Konstantin den Sonntag als gesetzlichen Ruhetag ein. Bis <\/span><br role=\"presentation\" \/><span dir=\"ltr\" role=\"presentation\">heute gilt in Deutschland lt. Arbeitsschutzgesetz die Sonntagsruhe. An diesem Tag k\u00f6nnen wir f\u00fcr die <\/span><br role=\"presentation\" \/><span dir=\"ltr\" role=\"presentation\">neue Woche k\u00f6rperlich auftanken. Dieser Tag bietet aber auch die Chance, seelisch zur Ruhe zu <\/span><br role=\"presentation\" \/><span dir=\"ltr\" role=\"presentation\">kommen und an der Beziehung zu unserem Sch\u00f6pfer zu arbeiten.\u00a0\u00a0\u00a0 \u00a0 \u00a0 \u00a0 \u00a0 \u00a0 \u00a0 \u00a0 \u00a0 \u00a0 \u00a0 \u00a0 \u00a0 \u00a0 \u00a0 \u00a0 \u00a0 \u00a0 \u00a0 \u00a0 \u00a0 \u00a0 \u00a0 \u00a0 \u00a0\u00a0<\/span><span dir=\"ltr\" role=\"presentation\"> \u00a0\u00a0\u00a0\u00a0\u00a0\u00a0\u00a0\u00a0\u00a0\u00a0\u00a0\u00a0\u00a0\u00a0\u00a0\u00a0\u00a0\u00a0\u00a0\u00a0\u00a0\u00a0\u00a0\u00a0\u00a0\u00a0\u00a0\u00a0\u00a0\u00a0\u00a0\u00a0\u00a0\u00a0\u00a0\u00a0\u00a0\u00a0\u00a0\u00a0\u00a0\u00a0\u00a0\u00a0\u00a0\u00a0 <\/span><br role=\"presentation\" \/><span dir=\"ltr\" role=\"presentation\">Wir laden euch herzlich ein, euch mit diesem Thema genauer zu besch\u00e4ftigen: an einer der <\/span><br role=\"presentation\" \/><span dir=\"ltr\" role=\"presentation\">gemeinsamen Veranstaltungen unter\u00a0<\/span><a href=\"http:\/\/www.allianzgebetswoche.de\"><span dir=\"ltr\" role=\"presentation\">www.allianzgebetswoche.de<\/span><\/a><span dir=\"ltr\" role=\"presentation\"> oder direkt in der Praxis.<\/span><br role=\"presentation\" \/><span dir=\"ltr\" role=\"presentation\">\u00a9 EFG Hammerbr\u00fccke, David Seidel<\/span><\/p>\n<p>&nbsp;<\/p>\n<p>Sonntag, 9. Januar\u00a0\u00a0\u00a0\u00a0\u00a0\u00a0\u00a0\u00a0\u00a0\u00a0\u00a0\u00a0 10.15 Uhr EFG Hammerbr\u00fccke \u00a0\u00a0\u00a0\u00a0\u00a0\u00a0\u00a0\u00a0\u00a0\u00a0\u00a0\u00a0\u00a0\u00a0\u00a0 Der Sabbat und Identit\u00e4t<\/p>\n<p>Montag, 10. Januar\u00a0\u00a0\u00a0\u00a0\u00a0\u00a0\u00a0 \u00a0\u00a0 19.30 Uhr Kirche Hammerbr\u00fccke\u00a0\u00a0\u00a0\u00a0\u00a0\u00a0\u00a0\u00a0\u00a0\u00a0\u00a0 Der Sabbat und Gottes Versorgung<\/p>\n<p>Mittwoch, 12. Januar\u00a0\u00a0 \u00a0 \u00a0 19.30 Uhr EFG Hammerbr\u00fccke \u00a0\u00a0\u00a0\u00a0\u00a0\u00a0\u00a0\u00a0\u00a0\u00a0\u00a0\u00a0\u00a0\u00a0\u00a0 Der Sabbat und die Barmherzigkeit<\/p>\n<p>Donnerstag, 13. Januar\u00a0\u00a0 19.30 Uhr LKG Hammerbr\u00fccke \u00a0\u00a0\u00a0\u00a0\u00a0\u00a0\u00a0\u00a0\u00a0\u00a0\u00a0\u00a0\u00a0\u00a0\u00a0 Der Sabbat und die Erinnerung<\/p>\n<p>Samstag, 15. Januar\u00a0\u00a0\u00a0\u00a0\u00a0\u00a0\u00a0\u00a0 19.30 Uhr EFG Hammerbr\u00fccke \u00a0\u00a0\u00a0\u00a0\u00a0\u00a0\u00a0\u00a0\u00a0\u00a0\u00a0\u00a0\u00a0\u00a0\u00a0 Der Sabbat und die Gro\u00dfz\u00fcgigkeit<\/p>\n<p>Sonntag, 16. Januar\u00a0\u00a0\u00a0\u00a0\u00a0\u00a0\u00a0\u00a0 10.15 Uhr EFG Hammerbr\u00fccke \u00a0\u00a0\u00a0\u00a0\u00a0\u00a0\u00a0\u00a0\u00a0\u00a0\u00a0\u00a0\u00a0\u00a0\u00a0 Der Sabbat und die Hoffnung<\/p>\n<p>Sonntag, 16.Januar\u00a0\u00a0\u00a0\u00a0\u00a0\u00a0\u00a0\u00a0\u00a0 14.30 Uhr LKG Hammerbr\u00fccke \u00a0\u00a0\u00a0\u00a0\u00a0\u00a0\u00a0\u00a0\u00a0\u00a0\u00a0\u00a0\u00a0\u00a0 Der Sabbat und die Hoffnung<\/p>\n","protected":false},"excerpt":{"rendered":"<p>Sonntagsruhe \u2013 321 \u2013 Sabbat Vom 09.-16. Januar findet in den Kirchen und Gemeinden des Ortes die j\u00e4hrliche Allianz-Gebetswoche statt. Auch wenn es in Feinheiten unterschiedliche Gewohnheiten gibt, so erinnern wir uns daran, was uns vereint und bitten Gott um seinen Segen f\u00fcr das neue Jahr: f\u00fcr unseren Ort, unserLand, unsere Verantwortlichen, aber auch f\u00fcr &hellip; <a href=\"https:\/\/efg-hammerbruecke.de\/wordpress\/?page_id=417\" class=\"more-link\"><span class=\"screen-reader-text\">&#8222;2022-01 Sonntagsruhe&#8220; <\/span>weiterlesen<\/a><\/p>\n","protected":false},"author":3,"featured_media":0,"parent":0,"menu_order":0,"comment_status":"closed","ping_status":"closed","template":"","meta":{"footnotes":""},"class_list":["post-417","page","type-page","status-publish","hentry"],"_links":{"self":[{"href":"https:\/\/efg-hammerbruecke.de\/wordpress\/index.php?rest_route=\/wp\/v2\/pages\/417","targetHints":{"allow":["GET"]}}],"collection":[{"href":"https:\/\/efg-hammerbruecke.de\/wordpress\/index.php?rest_route=\/wp\/v2\/pages"}],"about":[{"href":"https:\/\/efg-hammerbruecke.de\/wordpress\/index.php?rest_route=\/wp\/v2\/types\/page"}],"author":[{"embeddable":true,"href":"https:\/\/efg-hammerbruecke.de\/wordpress\/index.php?rest_route=\/wp\/v2\/users\/3"}],"replies":[{"embeddable":true,"href":"https:\/\/efg-hammerbruecke.de\/wordpress\/index.php?rest_route=%2Fwp%2Fv2%2Fcomments&post=417"}],"version-history":[{"count":6,"href":"https:\/\/efg-hammerbruecke.de\/wordpress\/index.php?rest_route=\/wp\/v2\/pages\/417\/revisions"}],"predecessor-version":[{"id":450,"href":"https:\/\/efg-hammerbruecke.de\/wordpress\/index.php?rest_route=\/wp\/v2\/pages\/417\/revisions\/450"}],"wp:attachment":[{"href":"https:\/\/efg-hammerbruecke.de\/wordpress\/index.php?rest_route=%2Fwp%2Fv2%2Fmedia&parent=417"}],"curies":[{"name":"wp","href":"https:\/\/api.w.org\/{rel}","templated":true}]}}