{"id":4,"date":"2016-09-25T19:27:33","date_gmt":"2016-09-25T19:27:33","guid":{"rendered":"http:\/\/efg-hammerbruecke.de\/wordpress\/?page_id=4"},"modified":"2023-04-04T05:22:17","modified_gmt":"2023-04-04T05:22:17","slug":"startseite","status":"publish","type":"page","link":"https:\/\/efg-hammerbruecke.de\/wordpress\/","title":{"rendered":"Herzlich Willkommen"},"content":{"rendered":"<p>Herzlich Willkommen auf der Webseite der <strong>E<\/strong>vangelisch <strong>F<\/strong>reikirchlichen <strong>G<\/strong>emeinde Hammerbr\u00fccke.<\/p>\n<p>Hier geben wir einen kleinen Einblick wer wir sind und welche Veranstaltungen geplant sind. Nat\u00fcrlich ist jedermann herzlich eingeladen, uns pers\u00f6nlich kennenzulernen.<\/p>\n<p>Bevorstehende Termine und Neuigkeiten sind in der Rubrik <a href=\"http:\/\/efg-hammerbruecke.de\/wordpress\/?page_id=2\">Aktuelles<\/a> zu finden .<\/p>\n<p>Unsere regelm\u00e4\u00dfigen Termine stehen unter <a href=\"http:\/\/efg-hammerbruecke.de\/wordpress\/?page_id=8\">Veranstaltungen<\/a> .<\/p>\n<p>Unter dem Men\u00fcpunkt <a href=\"http:\/\/efg-hammerbruecke.de\/wordpress\/?page_id=24\">Wer wir sind<\/a> erkl\u00e4ren wir, was unsere Gemeinde ausmacht, den Kern unseres Glaubens und wie jeder ein Teil dessen werden kann.<\/p>\n<p><strong>ACHTUNG: Akuelle Infos unter <a href=\"http:\/\/efg-hammerbruecke.de\/wordpress\/?page_id=2\">Aktuelles<\/a>.<\/strong><\/p>\n","protected":false},"excerpt":{"rendered":"<p>Herzlich Willkommen auf der Webseite der Evangelisch Freikirchlichen Gemeinde Hammerbr\u00fccke. Hier geben wir einen kleinen Einblick wer wir sind und welche Veranstaltungen geplant sind. Nat\u00fcrlich ist jedermann herzlich eingeladen, uns pers\u00f6nlich kennenzulernen. Bevorstehende Termine und Neuigkeiten sind in der Rubrik Aktuelles zu finden . Unsere regelm\u00e4\u00dfigen Termine stehen unter Veranstaltungen . Unter dem Men\u00fcpunkt Wer &hellip; <a href=\"https:\/\/efg-hammerbruecke.de\/wordpress\/\" class=\"more-link\"><span class=\"screen-reader-text\">&#8222;Herzlich Willkommen&#8220; <\/span>weiterlesen<\/a><\/p>\n","protected":false},"author":3,"featured_media":0,"parent":0,"menu_order":1,"comment_status":"closed","ping_status":"closed","template":"","meta":{"footnotes":""},"class_list":["post-4","page","type-page","status-publish","hentry"],"_links":{"self":[{"href":"https:\/\/efg-hammerbruecke.de\/wordpress\/index.php?rest_route=\/wp\/v2\/pages\/4","targetHints":{"allow":["GET"]}}],"collection":[{"href":"https:\/\/efg-hammerbruecke.de\/wordpress\/index.php?rest_route=\/wp\/v2\/pages"}],"about":[{"href":"https:\/\/efg-hammerbruecke.de\/wordpress\/index.php?rest_route=\/wp\/v2\/types\/page"}],"author":[{"embeddable":true,"href":"https:\/\/efg-hammerbruecke.de\/wordpress\/index.php?rest_route=\/wp\/v2\/users\/3"}],"replies":[{"embeddable":true,"href":"https:\/\/efg-hammerbruecke.de\/wordpress\/index.php?rest_route=%2Fwp%2Fv2%2Fcomments&post=4"}],"version-history":[{"count":13,"href":"https:\/\/efg-hammerbruecke.de\/wordpress\/index.php?rest_route=\/wp\/v2\/pages\/4\/revisions"}],"predecessor-version":[{"id":303,"href":"https:\/\/efg-hammerbruecke.de\/wordpress\/index.php?rest_route=\/wp\/v2\/pages\/4\/revisions\/303"}],"wp:attachment":[{"href":"https:\/\/efg-hammerbruecke.de\/wordpress\/index.php?rest_route=%2Fwp%2Fv2%2Fmedia&parent=4"}],"curies":[{"name":"wp","href":"https:\/\/api.w.org\/{rel}","templated":true}]}}