{"id":384,"date":"2021-05-01T14:17:13","date_gmt":"2021-05-01T14:17:13","guid":{"rendered":"https:\/\/efg-hammerbruecke.de\/wordpress\/?page_id=384"},"modified":"2021-05-01T14:17:13","modified_gmt":"2021-05-01T14:17:13","slug":"2021-04-wenn-der-himmel-von-der-ehre-gottes-erzahlt","status":"publish","type":"page","link":"https:\/\/efg-hammerbruecke.de\/wordpress\/?page_id=384","title":{"rendered":"2021-04 WENN DER HIMMEL VON DER EHRE GOTTES ERZ\u00c4HLT"},"content":{"rendered":"<p><strong>Ein Flugzeug \u00fcber Muldenhammer!<\/strong><\/p>\n<p><img loading=\"lazy\" decoding=\"async\" class=\"alignnone  wp-image-385\" src=\"http:\/\/efg-hammerbruecke.de\/wordpress\/wp-content\/uploads\/2021\/05\/sdg.jpg\" alt=\"\" width=\"448\" height=\"206\" srcset=\"https:\/\/efg-hammerbruecke.de\/wordpress\/wp-content\/uploads\/2021\/05\/sdg.jpg 556w, https:\/\/efg-hammerbruecke.de\/wordpress\/wp-content\/uploads\/2021\/05\/sdg-300x138.jpg 300w\" sizes=\"auto, (max-width: 448px) 85vw, 448px\" \/><img loading=\"lazy\" decoding=\"async\" class=\"alignnone  wp-image-386\" src=\"http:\/\/efg-hammerbruecke.de\/wordpress\/wp-content\/uploads\/2021\/05\/sadf.jpg\" alt=\"\" width=\"301\" height=\"207\" srcset=\"https:\/\/efg-hammerbruecke.de\/wordpress\/wp-content\/uploads\/2021\/05\/sadf.jpg 1100w, https:\/\/efg-hammerbruecke.de\/wordpress\/wp-content\/uploads\/2021\/05\/sadf-300x206.jpg 300w, https:\/\/efg-hammerbruecke.de\/wordpress\/wp-content\/uploads\/2021\/05\/sadf-1024x703.jpg 1024w, https:\/\/efg-hammerbruecke.de\/wordpress\/wp-content\/uploads\/2021\/05\/sadf-768x527.jpg 768w\" sizes=\"auto, (max-width: 301px) 85vw, 301px\" \/><\/p>\n<p>Am Ostersonntag, kurz nach den Gottesdiensten der Kirchen und Gemeinden, \u00fcberquerte ein Ultraleichtflugzeug vom Typ \u201eIkarus C-42\u201c unseren Ort. Es ist ein in Deutschland produzierter, moderner Zweisitzer, der u.a. f\u00fcr Schul- und Ausbildungsfl\u00fcge eingesetzt wird. Es kam aus Richtung Dresden und \u00fcberflog das Erzgebirge mit Eibenstock und danach einen Teil von Muldenhammer. Bei der Zwischenlandung auf dem Flugplatz in Auerbach waren u.a. Vertreter der Organisatoren und Mitglieder vom Fliegerclub Auerbach\/V. e.V. vor Ort. Der s\u00e4chsische Pilot, Fluglehrer und Unternehmer Jan Mei\u00dfner (48) wurde mit Posaunenkl\u00e4ngen begr\u00fc\u00dft. (\u201eThe Flight Academy\/ Gro\u00dfenhain\u201c) Im Schlepptau zog sein Kleinflugzeug ein Banner, mit hoffnungsvollem Schriftzug. Am blauen Mittagshimmel wurde das Herzst\u00fcck unseres Glaubens sichtbar:Es ist \u201eCHRISTUS\u201c, der glaubw\u00fcrdige Retter dieser Welt, der Not wendet und HOFFNUNG gibt. Das war eine Initiative der \u201eArbeitsstelle Kinder, Jugend und Bildung\u201c vom evangelischen Kirchenbezirk Vogtland mit Unterst\u00fctzung vom Bistum Mei\u00dfen und weiteren \u00fcberkonfessionellen Privatsponsoren.<\/p>\n<p>Weiter dazu die Bibel in 1. Petr. 1,3:<\/p>\n<p>\u201eGepriesen (ein Ausruf h\u00f6chster Wertsch\u00e4tzung!) sei der Gott und Vater unseres Herrn Jesus Christus, der nach seiner gro\u00dfen Barmherzigkeit uns wiedergeboren (d.h. ein neues Leben geschenkt&#8230;) hat zu einer <strong>lebendigen Hoffnung, durch die Auferstehung Jesu Christi aus den Toten<\/strong>!\u201c<\/p>\n<p>(Text\u00a0<em>\u00a9<\/em>\u00a0<em><a href=\"https:\/\/efg-hammerbruecke.de\/wordpress\/johannes@pucklitzsch.net\">Johannes Puklitzsch<\/a><\/em>; Foto: Dorothee Seyfert\/ Falkenstein)<\/p>\n","protected":false},"excerpt":{"rendered":"<p>Ein Flugzeug \u00fcber Muldenhammer! Am Ostersonntag, kurz nach den Gottesdiensten der Kirchen und Gemeinden, \u00fcberquerte ein Ultraleichtflugzeug vom Typ \u201eIkarus C-42\u201c unseren Ort. Es ist ein in Deutschland produzierter, moderner Zweisitzer, der u.a. f\u00fcr Schul- und Ausbildungsfl\u00fcge eingesetzt wird. Es kam aus Richtung Dresden und \u00fcberflog das Erzgebirge mit Eibenstock und danach einen Teil von &hellip; <a href=\"https:\/\/efg-hammerbruecke.de\/wordpress\/?page_id=384\" class=\"more-link\"><span class=\"screen-reader-text\">&#8222;2021-04 WENN DER HIMMEL VON DER EHRE GOTTES ERZ\u00c4HLT&#8220; <\/span>weiterlesen<\/a><\/p>\n","protected":false},"author":3,"featured_media":0,"parent":118,"menu_order":0,"comment_status":"closed","ping_status":"closed","template":"","meta":{"footnotes":""},"class_list":["post-384","page","type-page","status-publish","hentry"],"_links":{"self":[{"href":"https:\/\/efg-hammerbruecke.de\/wordpress\/index.php?rest_route=\/wp\/v2\/pages\/384","targetHints":{"allow":["GET"]}}],"collection":[{"href":"https:\/\/efg-hammerbruecke.de\/wordpress\/index.php?rest_route=\/wp\/v2\/pages"}],"about":[{"href":"https:\/\/efg-hammerbruecke.de\/wordpress\/index.php?rest_route=\/wp\/v2\/types\/page"}],"author":[{"embeddable":true,"href":"https:\/\/efg-hammerbruecke.de\/wordpress\/index.php?rest_route=\/wp\/v2\/users\/3"}],"replies":[{"embeddable":true,"href":"https:\/\/efg-hammerbruecke.de\/wordpress\/index.php?rest_route=%2Fwp%2Fv2%2Fcomments&post=384"}],"version-history":[{"count":1,"href":"https:\/\/efg-hammerbruecke.de\/wordpress\/index.php?rest_route=\/wp\/v2\/pages\/384\/revisions"}],"predecessor-version":[{"id":387,"href":"https:\/\/efg-hammerbruecke.de\/wordpress\/index.php?rest_route=\/wp\/v2\/pages\/384\/revisions\/387"}],"up":[{"embeddable":true,"href":"https:\/\/efg-hammerbruecke.de\/wordpress\/index.php?rest_route=\/wp\/v2\/pages\/118"}],"wp:attachment":[{"href":"https:\/\/efg-hammerbruecke.de\/wordpress\/index.php?rest_route=%2Fwp%2Fv2%2Fmedia&parent=384"}],"curies":[{"name":"wp","href":"https:\/\/api.w.org\/{rel}","templated":true}]}}