{"id":378,"date":"2021-02-08T06:37:44","date_gmt":"2021-02-08T06:37:44","guid":{"rendered":"http:\/\/efg-hammerbruecke.de\/wordpress\/?page_id=378"},"modified":"2021-02-08T06:37:44","modified_gmt":"2021-02-08T06:37:44","slug":"2021-01-st-rochus-und-st-sebastian-helfen-nicht","status":"publish","type":"page","link":"https:\/\/efg-hammerbruecke.de\/wordpress\/?page_id=378","title":{"rendered":"2021-01 ST. ROCHUS UND ST.SEBASTIAN HELFEN NICHT!"},"content":{"rendered":"<div class=\"textLayer\">Gegen\u00fcber den ver\u00e4ngstigten Gottesdienstbesuchern bezweifelte Martin Luther die Existenz dieser popul\u00e4ren \u201ePestheiligen\u201c, unabh\u00e4ngig ihrer \u00fcberlieferten Lebensleistung. Nach einer staatlich in Auftrag gegebenen Analyse der grenz\u00fcberschreitenden Pestepidemie (Pandemie) in Europa kamen Wissenschaftler der renommierten medizinischen Fakult\u00e4t Paris im Oktober 1348 zu dem Ergebnis: Es liegt am Dreigestirn von Saturn, Jupiter und Mars! Diese astro- \u201elogische\u201c Begr\u00fcndung der Akademiker traf auf wenig Verstand in der Bev\u00f6lkerung. Noch heute werden moderne Kirchen in Deutschland lieber dem Schutzpatron St. Rochus oder St. Sebastian geweiht, statt den Sternen. Im Gegensatz dazu empfahl Luther 1527 pragmatisch den regelm\u00e4\u00dfigen Gottesdienstbesuch, Beichte, Abendmahl und sicherheitshalber die Hinterlegung eines Testamentes. (Nach Recherchen von Volker Juds, Gesundheitsamt Garmisch) Seine pers\u00f6nlichen Vors\u00e4tze, anl\u00e4sslich der Pest in Wittenberg waren: \u201e&#8230;ich [will] Gott bitten, gn\u00e4dig zu sein und der Seuche zu wehren. Dann will ich das Haus r\u00e4uchern und l\u00fcften, Arznei geben und nehmen, Orte meiden, wo man mich nicht braucht, damit ich nicht andere vergifte und anstecke und ihnen durch meine Nachl\u00e4ssigkeit eine Ursache zum Tod ist und Gott nicht versucht.\u201c (Aus Luthers Werke, Band 5) Aus einer Lutherpredigt \u00fcber Mk. 5, 21ff in diesem Zusammenhang: \u201e&#8230;weil wir nicht glauben&#8230; so kommt es, dass wir uns so f\u00fcrchten und verzagen und in n\u00e4rrische Gedanken geraten.\u201c Wer dabei bleibt, Gott auch in Zeiten von Krankheit und Pandemie zu vertrauen (glauben), ist damit nicht gehindert seinen Verstand zu gebrauchen. In der Antwort auf die Frage nach dem vornehmsten Gebot in der Bibliothek Gottes (Bibel) steht unwidersprochen neben der Liebe zu Gott: der Verstand! (Mt.22,37) Er kann uns helfen, die angstmachenden t\u00e4glichen Infektions- und Todeszahlen richtig einzuordnen &#8211; neben den Zahlen der weltweiten Todesopfer sinnloser Kriege, der Menschen die wegen ihres Glaubens 2020 ermordet wurden, oder der lebensf\u00e4higen Kinder, die wir in Deutschland bereits im Mutterleib daran gehindert haben, das Licht der Welt zu erblicken, u.v.m. Auch diese Zahlen sind bedr\u00fcckend &#8211; aber Wenige beklagen sie noch! Die \u201ePestheiligen\u201c Rochus und Sebastian gibt es nicht, aber Jesus Christus, der die Infizierten und Kranken bereits schon vor 2000 Jahren geheilt und aus der Isolation herausgef\u00fchrt hat.<\/div>\n<div class=\"textLayer\">Er ist und bleibt unsere Hoffnung! Wer denn sonst?<\/p>\n<div class=\"endOfContent\"><\/div>\n<\/div>\n<div>(Text\u00a0<em>\u00a9<\/em>\u00a0<em><a href=\"https:\/\/efg-hammerbruecke.de\/wordpress\/johannes@pucklitzsch.net\">Johannes Puklitzsch<\/a>)<\/em><\/div>\n<div class=\"annotationLayer\"><\/div>\n","protected":false},"excerpt":{"rendered":"<p>Gegen\u00fcber den ver\u00e4ngstigten Gottesdienstbesuchern bezweifelte Martin Luther die Existenz dieser popul\u00e4ren \u201ePestheiligen\u201c, unabh\u00e4ngig ihrer \u00fcberlieferten Lebensleistung. Nach einer staatlich in Auftrag gegebenen Analyse der grenz\u00fcberschreitenden Pestepidemie (Pandemie) in Europa kamen Wissenschaftler der renommierten medizinischen Fakult\u00e4t Paris im Oktober 1348 zu dem Ergebnis: Es liegt am Dreigestirn von Saturn, Jupiter und Mars! Diese astro- \u201elogische\u201c Begr\u00fcndung &hellip; <a href=\"https:\/\/efg-hammerbruecke.de\/wordpress\/?page_id=378\" class=\"more-link\"><span class=\"screen-reader-text\">&#8222;2021-01 ST. ROCHUS UND ST.SEBASTIAN HELFEN NICHT!&#8220; <\/span>weiterlesen<\/a><\/p>\n","protected":false},"author":3,"featured_media":0,"parent":0,"menu_order":0,"comment_status":"closed","ping_status":"closed","template":"","meta":{"footnotes":""},"class_list":["post-378","page","type-page","status-publish","hentry"],"_links":{"self":[{"href":"https:\/\/efg-hammerbruecke.de\/wordpress\/index.php?rest_route=\/wp\/v2\/pages\/378","targetHints":{"allow":["GET"]}}],"collection":[{"href":"https:\/\/efg-hammerbruecke.de\/wordpress\/index.php?rest_route=\/wp\/v2\/pages"}],"about":[{"href":"https:\/\/efg-hammerbruecke.de\/wordpress\/index.php?rest_route=\/wp\/v2\/types\/page"}],"author":[{"embeddable":true,"href":"https:\/\/efg-hammerbruecke.de\/wordpress\/index.php?rest_route=\/wp\/v2\/users\/3"}],"replies":[{"embeddable":true,"href":"https:\/\/efg-hammerbruecke.de\/wordpress\/index.php?rest_route=%2Fwp%2Fv2%2Fcomments&post=378"}],"version-history":[{"count":1,"href":"https:\/\/efg-hammerbruecke.de\/wordpress\/index.php?rest_route=\/wp\/v2\/pages\/378\/revisions"}],"predecessor-version":[{"id":380,"href":"https:\/\/efg-hammerbruecke.de\/wordpress\/index.php?rest_route=\/wp\/v2\/pages\/378\/revisions\/380"}],"wp:attachment":[{"href":"https:\/\/efg-hammerbruecke.de\/wordpress\/index.php?rest_route=%2Fwp%2Fv2%2Fmedia&parent=378"}],"curies":[{"name":"wp","href":"https:\/\/api.w.org\/{rel}","templated":true}]}}