{"id":371,"date":"2021-01-08T14:34:27","date_gmt":"2021-01-08T14:34:27","guid":{"rendered":"http:\/\/efg-hammerbruecke.de\/wordpress\/?page_id=371"},"modified":"2021-01-08T14:34:27","modified_gmt":"2021-01-08T14:34:27","slug":"2020-12-das-fest-ohne-feier","status":"publish","type":"page","link":"https:\/\/efg-hammerbruecke.de\/wordpress\/?page_id=371","title":{"rendered":"2020-12 DAS FEST OHNE FEIER"},"content":{"rendered":"<p>Die Bibel berichtet uns u.a. von den politischen Parteien der Pharis\u00e4er und der Herodianer (Mk. 12,14). Zu den ersten Regierungsma\u00dfnahmen der Herodianer z\u00e4hlte ab dem Jahr 37 v. Chr. die Hinrichtung von 45 Ratsherren der j\u00fcdischen Nationalversammlung, um sich damit die Macht \u00fcber 71 Mitglieder im neu ernannten j\u00fcdischen Gerichtshof zu sichern. Im Jahr 7 v.Chr., dem heute vermuteten Geburtsjahrvon Jesus Christus, wurden 5.000 Angeh\u00f6rige der bibeltreuenPartei der Pharis\u00e4er verhaftet und damit mundtot gemacht. Ein schon damals bew\u00e4hrtes Mittel, unangenehme Informationen zu unterdr\u00fccken. Einige dieser Pharis\u00e4er haben die Ankunft des Christus erwartet. In jener aufgeladenen Stimmung lesen wir in der Bibel die Frage sternkundiger Querdenker: \u201eWo ist der neugeborene K\u00f6nig der Juden?\u201c Die Bibel berichtet weiter:\u201eDer K\u00f6nig Herodes wurde best\u00fcrzt und ganz Jerusalem mit ihm!\u201c (Mt. 2,3) Die Furcht der Einwohner von Jerusalem war berechtigt, denn die Folge der Frage nach dem neugeborenen K\u00f6nig, war der \u201eKindermord von Bethlehem\u201c (V.16). Die Statistiken der Todesopfer belegen noch heute die verbreitete Angst unter den Familien jener Tage in ganz Israel. (Quelle: Auf den Spuren Jesu, Gerhard Kroll, Leipzig, 1965) Die wahre \u201eWeihnachtsgeschichte\u201c ist also keine feierliche Bilderbuchgeschichte f\u00fcr Kinder. Sie beruht auf Fakten krankmachender Furcht und Angst vor dem Hintergrund von Machterhalt, Geld und Gottesverachtung. F\u00fcr uns Christen wird der Christus (der Retter) nicht bei den Krippenfiguren sichtbar und auch nicht in der \u201efrohen Weihnachtsbotschaft Dez. 2020: Der Impfstoff ist da!\u201c<\/p>\n<p>\u201eDie Gnade, die uns in Jesus Christus gegeben worden ist, ist jetzt sichtbar geworden durch die Erscheinung unseres Retters, Jesus Christus, der den Tod zunichte gemacht hat, aber Leben und Unverg\u00e4nglichkeit ans Licht gebracht hat durch das Evangelium.\u201c<\/p>\n<p>(die Bibel in 2.Tim. 1,10) j.p.<\/p>\n","protected":false},"excerpt":{"rendered":"<p>Die Bibel berichtet uns u.a. von den politischen Parteien der Pharis\u00e4er und der Herodianer (Mk. 12,14). Zu den ersten Regierungsma\u00dfnahmen der Herodianer z\u00e4hlte ab dem Jahr 37 v. Chr. die Hinrichtung von 45 Ratsherren der j\u00fcdischen Nationalversammlung, um sich damit die Macht \u00fcber 71 Mitglieder im neu ernannten j\u00fcdischen Gerichtshof zu sichern. Im Jahr 7 &hellip; <a href=\"https:\/\/efg-hammerbruecke.de\/wordpress\/?page_id=371\" class=\"more-link\"><span class=\"screen-reader-text\">&#8222;2020-12 DAS FEST OHNE FEIER&#8220; <\/span>weiterlesen<\/a><\/p>\n","protected":false},"author":3,"featured_media":0,"parent":0,"menu_order":0,"comment_status":"closed","ping_status":"closed","template":"","meta":{"footnotes":""},"class_list":["post-371","page","type-page","status-publish","hentry"],"_links":{"self":[{"href":"https:\/\/efg-hammerbruecke.de\/wordpress\/index.php?rest_route=\/wp\/v2\/pages\/371","targetHints":{"allow":["GET"]}}],"collection":[{"href":"https:\/\/efg-hammerbruecke.de\/wordpress\/index.php?rest_route=\/wp\/v2\/pages"}],"about":[{"href":"https:\/\/efg-hammerbruecke.de\/wordpress\/index.php?rest_route=\/wp\/v2\/types\/page"}],"author":[{"embeddable":true,"href":"https:\/\/efg-hammerbruecke.de\/wordpress\/index.php?rest_route=\/wp\/v2\/users\/3"}],"replies":[{"embeddable":true,"href":"https:\/\/efg-hammerbruecke.de\/wordpress\/index.php?rest_route=%2Fwp%2Fv2%2Fcomments&post=371"}],"version-history":[{"count":1,"href":"https:\/\/efg-hammerbruecke.de\/wordpress\/index.php?rest_route=\/wp\/v2\/pages\/371\/revisions"}],"predecessor-version":[{"id":373,"href":"https:\/\/efg-hammerbruecke.de\/wordpress\/index.php?rest_route=\/wp\/v2\/pages\/371\/revisions\/373"}],"wp:attachment":[{"href":"https:\/\/efg-hammerbruecke.de\/wordpress\/index.php?rest_route=%2Fwp%2Fv2%2Fmedia&parent=371"}],"curies":[{"name":"wp","href":"https:\/\/api.w.org\/{rel}","templated":true}]}}