{"id":365,"date":"2020-11-29T21:12:39","date_gmt":"2020-11-29T21:12:39","guid":{"rendered":"http:\/\/efg-hammerbruecke.de\/wordpress\/?page_id=365"},"modified":"2020-11-29T21:12:39","modified_gmt":"2020-11-29T21:12:39","slug":"2020-11-nun-wird-es-zeit","status":"publish","type":"page","link":"https:\/\/efg-hammerbruecke.de\/wordpress\/?page_id=365","title":{"rendered":"2020-11 \u201eNUN WIRD ES ZEIT! &#8230;\u201c"},"content":{"rendered":"<p>Mit diesen Worten beginnt ein letztes Gedicht von Ernst Ginsberg. Es war eine bedr\u00fcckende Herbststimmung, an die uns in diesen Tagen nicht nur auf dem Friedhof die Stille einer \u201eviralen\u201c Wort- und Ratlosigkeit maskierter Menschen erinnert. \u201cWo nicht Rat ist, da geht ein Volk unter&#8230;!\u201c (die Bibel in Spr.11,14) Dem Regisseur und getauften Christ Ginsberg wurde wegen seiner j\u00fcdischen Herkunft zum \u201eSchutz der Volksgesundheit\u201c die Berufsaus\u00fcbung verboten. Er musste Deutschland verlassen.Infolge einer fortschreitenden Erkrankung konnte er sich sp\u00e4ter nicht mehr bewegen und auch nicht mehr sprechen. Im letzten Herbst seines Lebens diktierte er seiner Pflegerin mit Hilfe des Morsealphabets und der Bewegung seiner Augenlider: \u201eNun wird es Zeit&#8230; zu danken!Das Wort vermag es nicht!Doch du nimmst den VerstummtenHerr, wortlos heim ins Licht.<\/p>\n<p><img loading=\"lazy\" decoding=\"async\" class=\"alignnone size-full wp-image-366\" src=\"http:\/\/efg-hammerbruecke.de\/wordpress\/wp-content\/uploads\/2020\/11\/dasg-scaled.jpg\" alt=\"\" width=\"2560\" height=\"1920\" srcset=\"https:\/\/efg-hammerbruecke.de\/wordpress\/wp-content\/uploads\/2020\/11\/dasg-scaled.jpg 2560w, https:\/\/efg-hammerbruecke.de\/wordpress\/wp-content\/uploads\/2020\/11\/dasg-300x225.jpg 300w, https:\/\/efg-hammerbruecke.de\/wordpress\/wp-content\/uploads\/2020\/11\/dasg-1024x768.jpg 1024w, https:\/\/efg-hammerbruecke.de\/wordpress\/wp-content\/uploads\/2020\/11\/dasg-768x576.jpg 768w, https:\/\/efg-hammerbruecke.de\/wordpress\/wp-content\/uploads\/2020\/11\/dasg-1536x1152.jpg 1536w, https:\/\/efg-hammerbruecke.de\/wordpress\/wp-content\/uploads\/2020\/11\/dasg-2048x1536.jpg 2048w, https:\/\/efg-hammerbruecke.de\/wordpress\/wp-content\/uploads\/2020\/11\/dasg-1200x900.jpg 1200w\" sizes=\"auto, (max-width: 709px) 85vw, (max-width: 909px) 67vw, (max-width: 1362px) 62vw, 840px\" \/><\/p>\n<p>HERBSTWIND\u00a0\u00a0\u00a0\u00a0\u00a0\u00a0\u00a0\u00a0\u00a0\u00a0\u00a0\u00a0\u00a0\u00a0\u00a0\u00a0\u00a0\u00a0\u00a0\u00a0\u00a0\u00a0\u00a0\u00a0\u00a0\u00a0\u00a0\u00a0\u00a0\u00a0\u00a0\u00a0\u00a0\u00a0\u00a0\u00a0\u00a0\u00a0\u00a0\u00a0\u00a0\u00a0\u00a0\u00a0\u00a0\u00a0\u00a0\u00a0\u00a0\u00a0\u00a0\u00a0\u00a0\u00a0\u00a0\u00a0\u00a0\u00a0\u00a0\u00a0\u00a0\u00a0\u00a0\u00a0\u00a0\u00a0\u00a0\u00a0\u00a0\u00a0\u00a0\u00a0\u00a0\u00a0\u00a0\u00a0\u00a0\u00a0\u00a0\u00a0\u00a0\u00a0\u00a0\u00a0\u00a0\u00a0\u00a0\u00a0\u00a0\u00a0\u00a0\u00a0\u00a0\u00a0\u00a0\u00a0\u00a0\u00a0\u00a0\u00a0\u00a0\u00a0\u00a0\u00a0\u00a0\u00a0\u00a0\u00a0\u00a0\u00a0\u00a0\u00a0\u00a0\u00a0\u00a0\u00a0\u00a0\u00a0\u00a0\u00a0\u00a0\u00a0\u00a0\u00a0\u00a0\u00a0\u00a0\u00a0\u00a0\u00a0\u00a0\u00a0\u00a0\u00a0\u00a0\u00a0\u00a0\u00a0\u00a0\u00a0\u00a0\u00a0\u00a0\u00a0\u00a0\u00a0\u00a0\u00a0\u00a0\u00a0\u00a0\u00a0\u00a0\u00a0\u00a0\u00a0\u00a0\u00a0\u00a0\u00a0\u00a0\u00a0\u00a0\u00a0\u00a0\u00a0\u00a0\u00a0\u00a0\u00a0\u00a0\u00a0\u00a0\u00a0\u00a0\u00a0\u00a0\u00a0\u00a0\u00a0\u00a0\u00a0\u00a0\u00a0\u00a0\u00a0\u00a0\u00a0\u00a0 &#8222;Zur Nacht hat ein Sturm alle B\u00e4ume entlaubt,sieh sie an, die kn\u00f6chernen Besen.Ein Narr, wer bei diesem Anblick glaubt, es w\u00e4re je Sommer gewesen.Und ein gr\u00f6\u00dferer Narr, wer tr\u00e4umt und sinnt,es k\u00f6nnt je wieder Sommer werden!Und grad diese gl\u00e4ubige Narrheit, Kind,ist die sicherste Wahrheit auf Erden!&#8220;(Ernst Ginsberg, 1904- 1964) j.p.<\/p>\n","protected":false},"excerpt":{"rendered":"<p>Mit diesen Worten beginnt ein letztes Gedicht von Ernst Ginsberg. Es war eine bedr\u00fcckende Herbststimmung, an die uns in diesen Tagen nicht nur auf dem Friedhof die Stille einer \u201eviralen\u201c Wort- und Ratlosigkeit maskierter Menschen erinnert. \u201cWo nicht Rat ist, da geht ein Volk unter&#8230;!\u201c (die Bibel in Spr.11,14) Dem Regisseur und getauften Christ Ginsberg &hellip; <a href=\"https:\/\/efg-hammerbruecke.de\/wordpress\/?page_id=365\" class=\"more-link\"><span class=\"screen-reader-text\">&#8222;2020-11 \u201eNUN WIRD ES ZEIT! &#8230;\u201c&#8220; <\/span>weiterlesen<\/a><\/p>\n","protected":false},"author":3,"featured_media":0,"parent":118,"menu_order":0,"comment_status":"closed","ping_status":"closed","template":"","meta":{"footnotes":""},"class_list":["post-365","page","type-page","status-publish","hentry"],"_links":{"self":[{"href":"https:\/\/efg-hammerbruecke.de\/wordpress\/index.php?rest_route=\/wp\/v2\/pages\/365","targetHints":{"allow":["GET"]}}],"collection":[{"href":"https:\/\/efg-hammerbruecke.de\/wordpress\/index.php?rest_route=\/wp\/v2\/pages"}],"about":[{"href":"https:\/\/efg-hammerbruecke.de\/wordpress\/index.php?rest_route=\/wp\/v2\/types\/page"}],"author":[{"embeddable":true,"href":"https:\/\/efg-hammerbruecke.de\/wordpress\/index.php?rest_route=\/wp\/v2\/users\/3"}],"replies":[{"embeddable":true,"href":"https:\/\/efg-hammerbruecke.de\/wordpress\/index.php?rest_route=%2Fwp%2Fv2%2Fcomments&post=365"}],"version-history":[{"count":1,"href":"https:\/\/efg-hammerbruecke.de\/wordpress\/index.php?rest_route=\/wp\/v2\/pages\/365\/revisions"}],"predecessor-version":[{"id":367,"href":"https:\/\/efg-hammerbruecke.de\/wordpress\/index.php?rest_route=\/wp\/v2\/pages\/365\/revisions\/367"}],"up":[{"embeddable":true,"href":"https:\/\/efg-hammerbruecke.de\/wordpress\/index.php?rest_route=\/wp\/v2\/pages\/118"}],"wp:attachment":[{"href":"https:\/\/efg-hammerbruecke.de\/wordpress\/index.php?rest_route=%2Fwp%2Fv2%2Fmedia&parent=365"}],"curies":[{"name":"wp","href":"https:\/\/api.w.org\/{rel}","templated":true}]}}