{"id":359,"date":"2020-10-27T14:21:30","date_gmt":"2020-10-27T14:21:30","guid":{"rendered":"http:\/\/efg-hammerbruecke.de\/wordpress\/?page_id=359"},"modified":"2020-10-27T14:21:30","modified_gmt":"2020-10-27T14:21:30","slug":"2020-10-fur-ihn-gilt-die-bibel-als-uneingeschrankt-wahr","status":"publish","type":"page","link":"https:\/\/efg-hammerbruecke.de\/wordpress\/?page_id=359","title":{"rendered":"2020-10 \u201eF\u00fcr ihn gilt die Bibel als uneingeschr\u00e4nkt wahr!\u201c"},"content":{"rendered":"<p>(Aus dem Abschlussbericht der Staatssicherheit der DDR von 1989 \u00fcber Herrn Lehmann)<\/p>\n<p>Gemeint ist Dr. Theo Lehmann, der als Landesevangelist undPfarrer von Karl- Marx- Stadt in der DDR \u00fcber das Thema Gospel und Negro Spirituals zum Doktor der Theologie promovierte. Bereits 1966 erschien sein erstes Buch von ihmim Ostberliner Henschel- Verlag \u00fcber den \u201eBlues\u201c. Das ist eine fr\u00fche Form schwarzer US- amerikanischer Folklore, in der die Traurigkeit \u00fcber die Rassendiskriminierung musikalisch verarbeitet wird. Mitte der 1980er Jahre schrieb Lehmann einige Texte auf Plattencover f\u00fcr die Amiga- Reihe \u201eBlues Kollektion\u201c. Zu seinen Jugendgottesdiensten in der Schlosskirche kamen nicht selten bis zu 5.000 Besucher. Die staatskritische Haltung f\u00fchrte dabei zur besonderen Beobachtung durch die Staatssicherheit. Die Privilegien, durch Auslandsreisen dauerhaft in den \u201eWesten\u201c zu \u00fcbersiedeln, nutzte er nicht. F\u00fcr die oppositionelle Haltung in der DDR bekam er 2003 die s\u00e4chsische Verfassungsmedaille verliehen. Noch im Alter \u00e4u\u00dfert sich der86-j\u00e4hrige mit einem heute wieder selten gewordenen Mut zur Wahrheit zu tagespolitischen Diskussionen und den Fragen der Moral und Ethik aus biblischer Sicht: \u201cWir sollten die Atempause (unseres Wohlstandes) benutzen, um uns auf Zeiten vorzubereiten, in dem Christsein nicht mehr geil ist, sondern gef\u00e4hrlich.\u201c (aus: \u201eDas Land ist still\u201c 2004)Bei den Einladungen auf PEGIDA-Demonstration oder der \u201eJungen Alternative\u201c der AfD betont Lehmann: \u201c Wir m\u00fcssen zur\u00fcck zu Jesus!\u00a0\u00a0\u00a0\u00a0\u00a0\u00a0\u00a0\u00a0\u00a0\u00a0\u00a0\u00a0\u00a0\u00a0\u00a0\u00a0\u00a0\u00a0\u00a0\u00a0\u00a0\u00a0\u00a0\u00a0\u00a0\u00a0\u00a0\u00a0\u00a0\u00a0\u00a0\u00a0\u00a0\u00a0\u00a0\u00a0\u00a0\u00a0\u00a0\u00a0\u00a0\u00a0\u00a0\u00a0\u00a0\u00a0\u00a0\u00a0\u00a0\u00a0\u00a0\u00a0\u00a0\u00a0\u00a0\u00a0\u00a0\u00a0\u00a0\u00a0\u00a0\u00a0\u00a0\u00a0\u00a0\u00a0\u00a0\u00a0\u00a0\u00a0\u00a0\u00a0\u00a0\u00a0\u00a0\u00a0\u00a0\u00a0\u00a0\u00a0\u00a0\u00a0\u00a0\u00a0\u00a0\u00a0\u00a0\u00a0\u00a0\u00a0\u00a0\u00a0\u00a0\u00a0\u00a0\u00a0\u00a0\u00a0\u00a0\u00a0\u00a0\u00a0\u00a0\u00a0\u00a0\u00a0\u00a0\u00a0\u00a0\u00a0\u00a0\u00a0\u00a0\u00a0\u00a0\u00a0\u00a0\u00a0\u00a0\u00a0\u00a0\u00a0\u00a0\u00a0\u00a0 \u201cVor wenigen Tagen meldete sich Theo Lehman dankbar mit seiner neuen Kontaktadresse aus einem s\u00e4chsischen Seniorenheim.<\/p>\n<p>\u201eDie M\u00e4chtigen kommen und gehen, und auch jedes Denkmal mal f\u00e4llt. Bleiben wird nur, wer auf Gottes Wort steht, <strong>DEM SICHERSTEN STANDPUNKT DER WELT!<\/strong>\u201c\u00a0\u00a0\u00a0\u00a0\u00a0\u00a0\u00a0\u00a0\u00a0\u00a0\u00a0\u00a0\u00a0\u00a0\u00a0\u00a0\u00a0\u00a0\u00a0\u00a0\u00a0\u00a0\u00a0\u00a0\u00a0\u00a0\u00a0\u00a0\u00a0\u00a0\u00a0\u00a0\u00a0\u00a0\u00a0\u00a0\u00a0\u00a0\u00a0\u00a0\u00a0\u00a0\u00a0\u00a0\u00a0\u00a0\u00a0\u00a0\u00a0\u00a0\u00a0\u00a0\u00a0\u00a0\u00a0\u00a0\u00a0\u00a0\u00a0\u00a0\u00a0\u00a0\u00a0\u00a0\u00a0\u00a0\u00a0\u00a0\u00a0\u00a0\u00a0\u00a0\u00a0\u00a0\u00a0\u00a0\u00a0\u00a0\u00a0\u00a0\u00a0\u00a0\u00a0\u00a0\u00a0\u00a0\u00a0\u00a0\u00a0\u00a0\u00a0\u00a0 (Text: Theo Lehmann, aus Glaubenslieder Nr. 472, Dillenburg)<\/p>\n<p><strong>\u201eDein Wort ist Wahrheit!\u201c<\/strong> \u00a0\u00a0\u00a0\u00a0\u00a0\u00a0\u00a0\u00a0\u00a0\u00a0\u00a0\u00a0\u00a0\u00a0\u00a0\u00a0\u00a0\u00a0\u00a0\u00a0\u00a0\u00a0\u00a0\u00a0\u00a0\u00a0\u00a0\u00a0\u00a0\u00a0\u00a0\u00a0\u00a0\u00a0\u00a0\u00a0\u00a0\u00a0\u00a0\u00a0\u00a0\u00a0\u00a0\u00a0\u00a0\u00a0\u00a0\u00a0\u00a0\u00a0\u00a0\u00a0\u00a0\u00a0\u00a0\u00a0\u00a0\u00a0\u00a0\u00a0\u00a0\u00a0\u00a0\u00a0\u00a0\u00a0\u00a0\u00a0\u00a0\u00a0\u00a0\u00a0\u00a0\u00a0\u00a0\u00a0\u00a0\u00a0\u00a0\u00a0\u00a0\u00a0\u00a0\u00a0\u00a0\u00a0\u00a0\u00a0\u00a0\u00a0\u00a0\u00a0\u00a0\u00a0\u00a0\u00a0\u00a0\u00a0\u00a0\u00a0\u00a0\u00a0\u00a0\u00a0\u00a0\u00a0\u00a0\u00a0\u00a0\u00a0\u00a0\u00a0\u00a0\u00a0\u00a0\u00a0\u00a0\u00a0\u00a0\u00a0\u00a0\u00a0\u00a0\u00a0\u00a0\u00a0\u00a0\u00a0\u00a0\u00a0\u00a0\u00a0\u00a0\u00a0\u00a0\u00a0\u00a0\u00a0\u00a0\u00a0\u00a0\u00a0\u00a0\u00a0\u00a0\u00a0\u00a0\u00a0\u00a0\u00a0\u00a0\u00a0\u00a0\u00a0\u00a0\u00a0\u00a0\u00a0\u00a0\u00a0\u00a0\u00a0\u00a0\u00a0 (Gebet von Jesus Christus, unserem Herrn, in der Bibel aus Joh. 17,17)<\/p>\n<p>(Text <em>\u00a9<\/em> <em> <a href=\"https:\/\/efg-hammerbruecke.de\/wordpress\/johannes@pucklitzsch.net\">Johannes Puklitzsch<\/a>)<\/em><\/p>\n","protected":false},"excerpt":{"rendered":"<p>(Aus dem Abschlussbericht der Staatssicherheit der DDR von 1989 \u00fcber Herrn Lehmann) Gemeint ist Dr. Theo Lehmann, der als Landesevangelist undPfarrer von Karl- Marx- Stadt in der DDR \u00fcber das Thema Gospel und Negro Spirituals zum Doktor der Theologie promovierte. Bereits 1966 erschien sein erstes Buch von ihmim Ostberliner Henschel- Verlag \u00fcber den \u201eBlues\u201c. Das &hellip; <a href=\"https:\/\/efg-hammerbruecke.de\/wordpress\/?page_id=359\" class=\"more-link\"><span class=\"screen-reader-text\">&#8222;2020-10 \u201eF\u00fcr ihn gilt die Bibel als uneingeschr\u00e4nkt wahr!\u201c&#8220; <\/span>weiterlesen<\/a><\/p>\n","protected":false},"author":3,"featured_media":0,"parent":118,"menu_order":0,"comment_status":"closed","ping_status":"closed","template":"","meta":{"footnotes":""},"class_list":["post-359","page","type-page","status-publish","hentry"],"_links":{"self":[{"href":"https:\/\/efg-hammerbruecke.de\/wordpress\/index.php?rest_route=\/wp\/v2\/pages\/359","targetHints":{"allow":["GET"]}}],"collection":[{"href":"https:\/\/efg-hammerbruecke.de\/wordpress\/index.php?rest_route=\/wp\/v2\/pages"}],"about":[{"href":"https:\/\/efg-hammerbruecke.de\/wordpress\/index.php?rest_route=\/wp\/v2\/types\/page"}],"author":[{"embeddable":true,"href":"https:\/\/efg-hammerbruecke.de\/wordpress\/index.php?rest_route=\/wp\/v2\/users\/3"}],"replies":[{"embeddable":true,"href":"https:\/\/efg-hammerbruecke.de\/wordpress\/index.php?rest_route=%2Fwp%2Fv2%2Fcomments&post=359"}],"version-history":[{"count":1,"href":"https:\/\/efg-hammerbruecke.de\/wordpress\/index.php?rest_route=\/wp\/v2\/pages\/359\/revisions"}],"predecessor-version":[{"id":360,"href":"https:\/\/efg-hammerbruecke.de\/wordpress\/index.php?rest_route=\/wp\/v2\/pages\/359\/revisions\/360"}],"up":[{"embeddable":true,"href":"https:\/\/efg-hammerbruecke.de\/wordpress\/index.php?rest_route=\/wp\/v2\/pages\/118"}],"wp:attachment":[{"href":"https:\/\/efg-hammerbruecke.de\/wordpress\/index.php?rest_route=%2Fwp%2Fv2%2Fmedia&parent=359"}],"curies":[{"name":"wp","href":"https:\/\/api.w.org\/{rel}","templated":true}]}}