{"id":353,"date":"2020-09-13T14:31:52","date_gmt":"2020-09-13T14:31:52","guid":{"rendered":"http:\/\/efg-hammerbruecke.de\/wordpress\/?page_id=353"},"modified":"2020-09-13T14:32:33","modified_gmt":"2020-09-13T14:32:33","slug":"2020-09-superfromm-in-muldenhammer","status":"publish","type":"page","link":"https:\/\/efg-hammerbruecke.de\/wordpress\/?page_id=353","title":{"rendered":"2020-09 &#8222;Superfromm&#8220; in Muldenhammer!"},"content":{"rendered":"<p>Der Schriftsteller, Filmemacher und Blogger Thomas Meyerh\u00f6fer (geb. 1962) war Ende September f\u00fcr einige Tage in Muldenhammer, um Interviews mit Menschen aus unserem Ort aufzuzeichnen, die in Lebenskrisen Erfahrungenmit Gott gemacht haben. Seine eigene Lebensgeschichte begann als Polizist in einer Spezialeinheit zur Verbrechensbek\u00e4mpfung, bei der er fr\u00fche Erfahrungen als verdeckter Ermittler mit Bilddokumentationen gesammelt hat. Dabei geriet er an Grenzen und Abgr\u00fcnde seines eigenen Lebens, die er als \u201eMonster\u201c in seinem K\u00f6rper im \u201ediffusen D\u00e4mmerlicht einer kettenlosen Gefangenschaft\u201c beschreibt. Dieses \u201eDunkel\u201c seines Lebens war fast doppelt so lang, wie Tom Hanks auf seiner einsamen Insel zubringen musste. Am Ende dieses \u201elangen Tunnels\u201c wendet er sich anGott. \u201eGott hat mein Gejammer ertragen!\u201cIn den \u201eschwarzen N\u00e4chten\u201c seines Lebens war in der Bibel f\u00fcr ihn der Psalm 23 ein rettendes Licht. Als Gespr\u00e4chspartner ist er sensibilisiert f\u00fcr die gro\u00dfen und kleinen Lebenskrisen. Auf You Tube und bei Sportity sind seine Interviews unter dem Suchbegriff \u201eSuperfromm\u201c oder \u201eLife House\u201c zu finden. (<a href=\"http:\/\/lifehouseworld.com\/about-thomas-meyerhoefer\/\">lifehouseworld.com\/about-thomas-meyerhoefer<\/a>, jp)<\/p>\n<p><img loading=\"lazy\" decoding=\"async\" class=\"alignnone size-full wp-image-354\" src=\"http:\/\/efg-hammerbruecke.de\/wordpress\/wp-content\/uploads\/2020\/09\/thomas-meyerhofer-superfromm-1.jpg\" alt=\"\" width=\"1920\" height=\"1080\" srcset=\"https:\/\/efg-hammerbruecke.de\/wordpress\/wp-content\/uploads\/2020\/09\/thomas-meyerhofer-superfromm-1.jpg 1920w, https:\/\/efg-hammerbruecke.de\/wordpress\/wp-content\/uploads\/2020\/09\/thomas-meyerhofer-superfromm-1-300x169.jpg 300w, https:\/\/efg-hammerbruecke.de\/wordpress\/wp-content\/uploads\/2020\/09\/thomas-meyerhofer-superfromm-1-1024x576.jpg 1024w, https:\/\/efg-hammerbruecke.de\/wordpress\/wp-content\/uploads\/2020\/09\/thomas-meyerhofer-superfromm-1-768x432.jpg 768w, https:\/\/efg-hammerbruecke.de\/wordpress\/wp-content\/uploads\/2020\/09\/thomas-meyerhofer-superfromm-1-1536x864.jpg 1536w, https:\/\/efg-hammerbruecke.de\/wordpress\/wp-content\/uploads\/2020\/09\/thomas-meyerhofer-superfromm-1-1200x675.jpg 1200w\" sizes=\"auto, (max-width: 709px) 85vw, (max-width: 909px) 67vw, (max-width: 1362px) 62vw, 840px\" \/><\/p>\n<p>(Text <em>\u00a9<\/em> <em> <a href=\"https:\/\/efg-hammerbruecke.de\/wordpress\/johannes@pucklitzsch.net\">Johannes Puklitzsch<\/a>)<\/em><\/p>\n","protected":false},"excerpt":{"rendered":"<p>Der Schriftsteller, Filmemacher und Blogger Thomas Meyerh\u00f6fer (geb. 1962) war Ende September f\u00fcr einige Tage in Muldenhammer, um Interviews mit Menschen aus unserem Ort aufzuzeichnen, die in Lebenskrisen Erfahrungenmit Gott gemacht haben. Seine eigene Lebensgeschichte begann als Polizist in einer Spezialeinheit zur Verbrechensbek\u00e4mpfung, bei der er fr\u00fche Erfahrungen als verdeckter Ermittler mit Bilddokumentationen gesammelt hat. &hellip; <a href=\"https:\/\/efg-hammerbruecke.de\/wordpress\/?page_id=353\" class=\"more-link\"><span class=\"screen-reader-text\">&#8222;2020-09 &#8222;Superfromm&#8220; in Muldenhammer!&#8220; <\/span>weiterlesen<\/a><\/p>\n","protected":false},"author":3,"featured_media":0,"parent":0,"menu_order":0,"comment_status":"closed","ping_status":"closed","template":"","meta":{"footnotes":""},"class_list":["post-353","page","type-page","status-publish","hentry"],"_links":{"self":[{"href":"https:\/\/efg-hammerbruecke.de\/wordpress\/index.php?rest_route=\/wp\/v2\/pages\/353","targetHints":{"allow":["GET"]}}],"collection":[{"href":"https:\/\/efg-hammerbruecke.de\/wordpress\/index.php?rest_route=\/wp\/v2\/pages"}],"about":[{"href":"https:\/\/efg-hammerbruecke.de\/wordpress\/index.php?rest_route=\/wp\/v2\/types\/page"}],"author":[{"embeddable":true,"href":"https:\/\/efg-hammerbruecke.de\/wordpress\/index.php?rest_route=\/wp\/v2\/users\/3"}],"replies":[{"embeddable":true,"href":"https:\/\/efg-hammerbruecke.de\/wordpress\/index.php?rest_route=%2Fwp%2Fv2%2Fcomments&post=353"}],"version-history":[{"count":2,"href":"https:\/\/efg-hammerbruecke.de\/wordpress\/index.php?rest_route=\/wp\/v2\/pages\/353\/revisions"}],"predecessor-version":[{"id":357,"href":"https:\/\/efg-hammerbruecke.de\/wordpress\/index.php?rest_route=\/wp\/v2\/pages\/353\/revisions\/357"}],"wp:attachment":[{"href":"https:\/\/efg-hammerbruecke.de\/wordpress\/index.php?rest_route=%2Fwp%2Fv2%2Fmedia&parent=353"}],"curies":[{"name":"wp","href":"https:\/\/api.w.org\/{rel}","templated":true}]}}