{"id":332,"date":"2020-08-03T20:25:50","date_gmt":"2020-08-03T20:25:50","guid":{"rendered":"http:\/\/efg-hammerbruecke.de\/wordpress\/?page_id=332"},"modified":"2020-09-13T14:22:48","modified_gmt":"2020-09-13T14:22:48","slug":"2020-06-ein-esel-ist-doch-kein-zebra","status":"publish","type":"page","link":"https:\/\/efg-hammerbruecke.de\/wordpress\/?page_id=332","title":{"rendered":"2020-07 &#8222;Ein Esel ist doch kein Zebra!&#8220;"},"content":{"rendered":"<p>Der Student Mahmout Sachan staunt nicht schlecht, als er im Tierpark des internationalen Gartens in Kairo am Zebragehege vorbeikommt. Die beiden Tiere hinter dem Zaun sind n\u00e4mlich gar keine Zebras, sondern Esel, denen schwarz- wei\u00dfe Streifen aufs Fell gemalt wurden. Angestellte hatten zwei heimische Esel zu den fotogenen Steppentieren \u201eumlackiert\u201c, weil der Zoo keine echten Zebras hatte. An Hand eines Fotos, das Saran auf Facebook postet, kommen Experten zum Schluss, es k\u00f6nne sich tats\u00e4chlich nicht um Zebras handeln, da diese gleichm\u00e4\u00dfigere Streifen und schwarze Schnauzen h\u00e4tten. Ein wenig Farbe verwandelt also auch einen Esel nicht in ein Zebra. Genauso, wie man mit \u00e4u\u00dferlicher Fr\u00f6mmigkeit kein Christ wird. In der Bibel entlarvt der Herr Jesus frommes Getue als Heuchelei! (Mt. 23, 13-39) Gott verzichtet auf religi\u00f6se Schauspieler, die etwas darstellen, was sie nicht sind. Vielleicht lassen sich Menschen t\u00e4uschen, aber nicht Gott. Er ist der, der das Verborgene der Menschen durch Jesus Christus richten wird. (R\u00f6.2,16) \u201eAlles ist blo\u00df und aufgedeckt vor den Augen dessen, mit dem wir es zu tun haben\u201c (Heb. 4,13). Zum Zebra wird man auch als Esel nicht durch kunstvolle Striche! Zu einem richtigen Zebra muss man geboren sein!\u201eWenn jemand nicht von Neuem geboren wird, kann er das gro\u00dfe Land, wo Gott regiert (das Reich Gottes), nicht sehen!\u201c (nach Joh.3,3) \u201eWie von Neuem geboren!\u201c So beginnt eine pers\u00f6nliche und ehrliche Entscheidung f\u00fcr Jesus Christus. (nach Peter G\u00fcthler aus <a href=\"http:\/\/www.lebenistmehr.de\">www.lebenistmehr.de<\/a>)<\/p>\n<p>(Text <em>\u00a9<\/em> <em> <a href=\"https:\/\/efg-hammerbruecke.de\/wordpress\/johannes@pucklitzsch.net\">Johannes Puklitzsch<\/a>)<\/em><\/p>\n","protected":false},"excerpt":{"rendered":"<p>Der Student Mahmout Sachan staunt nicht schlecht, als er im Tierpark des internationalen Gartens in Kairo am Zebragehege vorbeikommt. Die beiden Tiere hinter dem Zaun sind n\u00e4mlich gar keine Zebras, sondern Esel, denen schwarz- wei\u00dfe Streifen aufs Fell gemalt wurden. Angestellte hatten zwei heimische Esel zu den fotogenen Steppentieren \u201eumlackiert\u201c, weil der Zoo keine echten &hellip; <a href=\"https:\/\/efg-hammerbruecke.de\/wordpress\/?page_id=332\" class=\"more-link\"><span class=\"screen-reader-text\">&#8222;2020-07 &#8222;Ein Esel ist doch kein Zebra!&#8220;&#8220; <\/span>weiterlesen<\/a><\/p>\n","protected":false},"author":3,"featured_media":0,"parent":118,"menu_order":0,"comment_status":"closed","ping_status":"closed","template":"","meta":{"footnotes":""},"class_list":["post-332","page","type-page","status-publish","hentry"],"_links":{"self":[{"href":"https:\/\/efg-hammerbruecke.de\/wordpress\/index.php?rest_route=\/wp\/v2\/pages\/332","targetHints":{"allow":["GET"]}}],"collection":[{"href":"https:\/\/efg-hammerbruecke.de\/wordpress\/index.php?rest_route=\/wp\/v2\/pages"}],"about":[{"href":"https:\/\/efg-hammerbruecke.de\/wordpress\/index.php?rest_route=\/wp\/v2\/types\/page"}],"author":[{"embeddable":true,"href":"https:\/\/efg-hammerbruecke.de\/wordpress\/index.php?rest_route=\/wp\/v2\/users\/3"}],"replies":[{"embeddable":true,"href":"https:\/\/efg-hammerbruecke.de\/wordpress\/index.php?rest_route=%2Fwp%2Fv2%2Fcomments&post=332"}],"version-history":[{"count":4,"href":"https:\/\/efg-hammerbruecke.de\/wordpress\/index.php?rest_route=\/wp\/v2\/pages\/332\/revisions"}],"predecessor-version":[{"id":349,"href":"https:\/\/efg-hammerbruecke.de\/wordpress\/index.php?rest_route=\/wp\/v2\/pages\/332\/revisions\/349"}],"up":[{"embeddable":true,"href":"https:\/\/efg-hammerbruecke.de\/wordpress\/index.php?rest_route=\/wp\/v2\/pages\/118"}],"wp:attachment":[{"href":"https:\/\/efg-hammerbruecke.de\/wordpress\/index.php?rest_route=%2Fwp%2Fv2%2Fmedia&parent=332"}],"curies":[{"name":"wp","href":"https:\/\/api.w.org\/{rel}","templated":true}]}}