{"id":273,"date":"2020-02-11T19:31:19","date_gmt":"2020-02-11T19:31:19","guid":{"rendered":"http:\/\/efg-hammerbruecke.de\/?page_id=273"},"modified":"2020-02-11T19:31:19","modified_gmt":"2020-02-11T19:31:19","slug":"2020-02-ein-martin-luther-aus-hammerbruecke","status":"publish","type":"page","link":"https:\/\/efg-hammerbruecke.de\/wordpress\/?page_id=273","title":{"rendered":"2020-02 Ein Martin Luther aus Hammerbr\u00fccke?"},"content":{"rendered":"<p>Vom <strong>06.-08.03.2020<\/strong> wird uns Karl-Heinz Vanheiden besuchen und \u00fcber das Thema \u201eBIBEL\u201c sprechen. <strong>Karl-Heinz wohnte 1994-2007 in Hammerbr\u00fccke<\/strong> und hatte hier bereits bis 2003 das NT ins Deutsch \u00fcbertragen. Anfang M\u00e4rz 2010 erschien dann die komplette Bibel als: NE\u00dc (Neue Evangelistische \u00dcbersetzung). Diese <strong>\u00dcbersetzung<\/strong> wurde schon weit <strong>\u00fcber 1 Million<\/strong> Mal gedruckt und verkauft.<\/p>\n<p><img loading=\"lazy\" decoding=\"async\" class=\"alignnone size-medium wp-image-274\" src=\"http:\/\/efg-hammerbruecke.de\/wordpress\/wp-content\/uploads\/2020\/02\/KHV2012-300x251.jpg\" alt=\"\" width=\"300\" height=\"251\" srcset=\"https:\/\/efg-hammerbruecke.de\/wordpress\/wp-content\/uploads\/2020\/02\/KHV2012-300x251.jpg 300w, https:\/\/efg-hammerbruecke.de\/wordpress\/wp-content\/uploads\/2020\/02\/KHV2012-768x642.jpg 768w, https:\/\/efg-hammerbruecke.de\/wordpress\/wp-content\/uploads\/2020\/02\/KHV2012.jpg 965w\" sizes=\"auto, (max-width: 300px) 85vw, 300px\" \/><\/p>\n<p>Wir laden herzlich zu den Vortr\u00e4gen ein, die im <strong>Vereinshaus Hammerbr\u00fccke <\/strong>(im Sportlerheim) gehalten werden.<\/p>\n<p>Um folgende Themen wird es gehen:<\/p>\n<p><strong>Freitag<\/strong>, den 06.03.2020, 19.30 Uhr:<\/p>\n<p>Eine Autorit\u00e4t, der man vertrauen kann! Die Bibel ist in vieler Hinsicht einzigartig, in der Kraft ihrer Botschaft, ihrer Entstehung, ihrer Aktualit\u00e4t, ihrer Prophetie, ihrer Moral &#8230; und sie ver\u00e4ndert unser Leben.<\/p>\n<p><strong>Samstag<\/strong>, den 07.03.2020, 19.30 Uhr:<\/p>\n<p>Die Bibel und ihre \u00dcbersetzungen! Dabei geht es um Sprachen, notwendige sprachliche Ver\u00e4nderungen und die beiden \u00dcbersetzungstypen, die wir brauchen.<\/p>\n<p><strong>Sonntag, den 08.03.2020, 10.00 Uhr im Gemeindehaus der EFG Hammerbr\u00fccke<\/strong>:<\/p>\n<p>Wie Gottes Wort in uns lebendig wird! Was macht die Bibel selbst deutlich \u00fcber die Praxis in unserem Leben und \u00fcber seine Wirkung?<\/p>\n<p>Eintritt: frei<\/p>\n<p><em>\u00a9 EFG Hammerbr\u00fccke, David Seidel<\/em><\/p>\n","protected":false},"excerpt":{"rendered":"<p>Vom 06.-08.03.2020 wird uns Karl-Heinz Vanheiden besuchen und \u00fcber das Thema \u201eBIBEL\u201c sprechen. Karl-Heinz wohnte 1994-2007 in Hammerbr\u00fccke und hatte hier bereits bis 2003 das NT ins Deutsch \u00fcbertragen. Anfang M\u00e4rz 2010 erschien dann die komplette Bibel als: NE\u00dc (Neue Evangelistische \u00dcbersetzung). Diese \u00dcbersetzung wurde schon weit \u00fcber 1 Million Mal gedruckt und verkauft. Wir &hellip; <a href=\"https:\/\/efg-hammerbruecke.de\/wordpress\/?page_id=273\" class=\"more-link\"><span class=\"screen-reader-text\">&#8222;2020-02 Ein Martin Luther aus Hammerbr\u00fccke?&#8220; <\/span>weiterlesen<\/a><\/p>\n","protected":false},"author":3,"featured_media":0,"parent":118,"menu_order":0,"comment_status":"closed","ping_status":"closed","template":"","meta":{"footnotes":""},"class_list":["post-273","page","type-page","status-publish","hentry"],"_links":{"self":[{"href":"https:\/\/efg-hammerbruecke.de\/wordpress\/index.php?rest_route=\/wp\/v2\/pages\/273","targetHints":{"allow":["GET"]}}],"collection":[{"href":"https:\/\/efg-hammerbruecke.de\/wordpress\/index.php?rest_route=\/wp\/v2\/pages"}],"about":[{"href":"https:\/\/efg-hammerbruecke.de\/wordpress\/index.php?rest_route=\/wp\/v2\/types\/page"}],"author":[{"embeddable":true,"href":"https:\/\/efg-hammerbruecke.de\/wordpress\/index.php?rest_route=\/wp\/v2\/users\/3"}],"replies":[{"embeddable":true,"href":"https:\/\/efg-hammerbruecke.de\/wordpress\/index.php?rest_route=%2Fwp%2Fv2%2Fcomments&post=273"}],"version-history":[{"count":1,"href":"https:\/\/efg-hammerbruecke.de\/wordpress\/index.php?rest_route=\/wp\/v2\/pages\/273\/revisions"}],"predecessor-version":[{"id":275,"href":"https:\/\/efg-hammerbruecke.de\/wordpress\/index.php?rest_route=\/wp\/v2\/pages\/273\/revisions\/275"}],"up":[{"embeddable":true,"href":"https:\/\/efg-hammerbruecke.de\/wordpress\/index.php?rest_route=\/wp\/v2\/pages\/118"}],"wp:attachment":[{"href":"https:\/\/efg-hammerbruecke.de\/wordpress\/index.php?rest_route=%2Fwp%2Fv2%2Fmedia&parent=273"}],"curies":[{"name":"wp","href":"https:\/\/api.w.org\/{rel}","templated":true}]}}