{"id":245,"date":"2019-11-17T19:49:33","date_gmt":"2019-11-17T19:49:33","guid":{"rendered":"http:\/\/efg-hammerbruecke.de\/?page_id=245"},"modified":"2019-12-05T21:24:47","modified_gmt":"2019-12-05T21:24:47","slug":"2019-10-zukunftsangst","status":"publish","type":"page","link":"https:\/\/efg-hammerbruecke.de\/wordpress\/?page_id=245","title":{"rendered":"2019-08 Zukunftsangst"},"content":{"rendered":"<p>ANGST VOR DER ZUKUNFT<\/p>\n<p><strong>\u201eWoher wird meine Hilfe kommen?\u201c <\/strong><em>(Psalm 121,1)<\/em><\/p>\n<p>Das ist eine Frage aus der Bibel, die in einem Lied von besorgten Menschen auf dem Weg nach Jerusalem gesungen wurde. Sie kannten Klimakatastrophen: Hitze, Trockenheit, Fluten, verseuchtes Wasser, aber auch Krankheiten, menschengemachte Kriege, Kriegsdrohungen der Weltm\u00e4chte u.v.m.<\/p>\n<p>\u201eFRIDAYS FOR FUTURE\u201c, \u201eFreitag f\u00fcr die Zukunft\u201c ist die vielbeachtete Initiative auf die Zukunftsangst einer schwedischen Sch\u00fclerin mit dem Schwerpunkt: \u201eSchulstreik f\u00fcr\u2018s Klima\u201c! Nach der Unterbrechung ihrer Schulausbildung der 9. Klasse wurde sie eine gefragte Referentin europ\u00e4ischer Parlamente bis hin zu einer kostspieligen Atlantik\u00fcberquerung, um vor der UN-Klimakonferenz in New York zu sprechen. Greta Thunberg ist Kandidat f\u00fcr die Ehrendoktorw\u00fcrde einer belgischen Universit\u00e4t und Kandidat f\u00fcr den alternativen Friedensnobelpreis. Der Vermarktung ihrer Person scheint sie schutzlos ausgesetzt zu sein. Sie steht u.a. aktuell neben Papst Franziskus, Donald Trump und Angela Merkel \u00a0auf der Liste der 100 wichtigsten Pers\u00f6nlichkeiten im Jahr 2019. (<em>US- Magazin Time)\u00a0\u00a0\u00a0 <\/em><\/p>\n<p>\u201eSUNDAY FOR FUTURE\u201c, \u201eSonntag f\u00fcr die Zukunft\u201c, ist eine alternative Antwort auf die \u00c4ngste und Sorgen unserer Zeit. F\u00fcr Christen ist dieser erste Wochentag verbunden mit einer Besinnung auf bew\u00e4hrte Antworten der Bibel. Dabei beschr\u00e4nkt sich die biblische Betrachtung nicht auf begr\u00fcndete \u00c4ngste, wie z.B. gegen\u00fcber dem Ozonloch, dem Waldsterben, dem Feinstaub oder dem Spurengas CO\u00b2, sondern beachtet umfassend den moralischen Werteverfall, wo Gottes Absicht mit uns Menschen und der Natur keine Bedeutung mehr hat. Dieses Prinzip nennt die Bibel bereits auf den ersten Seiten: \u201eS\u00fcnde\u201c. Auf einer Liste der wichtigsten Pers\u00f6nlichkeiten steht dort f\u00fcr Christen mit Abstand und unangefochten auf Platz 1: \u201eJesus Christus\u201c. Er ist die Antwort Gottes auf unsere Zukunftsangst. Sein leeres Grab und seine lebendige Begegnung mit uns Menschen gibt der ganzen Welt wieder Hoffnung.<\/p>\n<p><strong>\u201eMeine Hilfe kommt von Gott, dem Herrn, der Himmel und Erde gemacht hat\u2026\u201c<\/strong> <em>(die Bibel weiter in Psalm 121,2)<\/em><\/p>\n<p><em>(Text &amp; Fotos \u00a9 <a href=\"mailto:Johannes@Pucklitzsch.net\">Johannes Pucklitzsch<\/a>)<\/em><\/p>\n<p>&nbsp;<\/p>\n","protected":false},"excerpt":{"rendered":"<p>ANGST VOR DER ZUKUNFT \u201eWoher wird meine Hilfe kommen?\u201c (Psalm 121,1) Das ist eine Frage aus der Bibel, die in einem Lied von besorgten Menschen auf dem Weg nach Jerusalem gesungen wurde. Sie kannten Klimakatastrophen: Hitze, Trockenheit, Fluten, verseuchtes Wasser, aber auch Krankheiten, menschengemachte Kriege, Kriegsdrohungen der Weltm\u00e4chte u.v.m. \u201eFRIDAYS FOR FUTURE\u201c, \u201eFreitag f\u00fcr die &hellip; <a href=\"https:\/\/efg-hammerbruecke.de\/wordpress\/?page_id=245\" class=\"more-link\"><span class=\"screen-reader-text\">&#8222;2019-08 Zukunftsangst&#8220; <\/span>weiterlesen<\/a><\/p>\n","protected":false},"author":3,"featured_media":0,"parent":118,"menu_order":10,"comment_status":"closed","ping_status":"closed","template":"","meta":{"footnotes":""},"class_list":["post-245","page","type-page","status-publish","hentry"],"_links":{"self":[{"href":"https:\/\/efg-hammerbruecke.de\/wordpress\/index.php?rest_route=\/wp\/v2\/pages\/245","targetHints":{"allow":["GET"]}}],"collection":[{"href":"https:\/\/efg-hammerbruecke.de\/wordpress\/index.php?rest_route=\/wp\/v2\/pages"}],"about":[{"href":"https:\/\/efg-hammerbruecke.de\/wordpress\/index.php?rest_route=\/wp\/v2\/types\/page"}],"author":[{"embeddable":true,"href":"https:\/\/efg-hammerbruecke.de\/wordpress\/index.php?rest_route=\/wp\/v2\/users\/3"}],"replies":[{"embeddable":true,"href":"https:\/\/efg-hammerbruecke.de\/wordpress\/index.php?rest_route=%2Fwp%2Fv2%2Fcomments&post=245"}],"version-history":[{"count":3,"href":"https:\/\/efg-hammerbruecke.de\/wordpress\/index.php?rest_route=\/wp\/v2\/pages\/245\/revisions"}],"predecessor-version":[{"id":265,"href":"https:\/\/efg-hammerbruecke.de\/wordpress\/index.php?rest_route=\/wp\/v2\/pages\/245\/revisions\/265"}],"up":[{"embeddable":true,"href":"https:\/\/efg-hammerbruecke.de\/wordpress\/index.php?rest_route=\/wp\/v2\/pages\/118"}],"wp:attachment":[{"href":"https:\/\/efg-hammerbruecke.de\/wordpress\/index.php?rest_route=%2Fwp%2Fv2%2Fmedia&parent=245"}],"curies":[{"name":"wp","href":"https:\/\/api.w.org\/{rel}","templated":true}]}}