{"id":2,"date":"2016-05-10T03:48:21","date_gmt":"2016-05-10T03:48:21","guid":{"rendered":"http:\/\/wp452m.a10-52-158-154.qa.plesk.ru\/wordpress\/?page_id=2"},"modified":"2026-03-05T15:49:29","modified_gmt":"2026-03-05T15:49:29","slug":"sample-page","status":"publish","type":"page","link":"https:\/\/efg-hammerbruecke.de\/wordpress\/?page_id=2","title":{"rendered":"Aktuelles"},"content":{"rendered":"<p>15. &#8211; 18.3.: Vortr\u00e4ge von Thomas Heckel: Galaterbrief<\/p>\n<p><img loading=\"lazy\" decoding=\"async\" class=\"alignnone size-full wp-image-1766\" src=\"http:\/\/efg-hammerbruecke.de\/wordpress\/wp-content\/uploads\/2026\/03\/0001.jpg\" alt=\"\" width=\"838\" height=\"594\" \/> <img loading=\"lazy\" decoding=\"async\" class=\"alignnone size-full wp-image-1767\" src=\"http:\/\/efg-hammerbruecke.de\/wordpress\/wp-content\/uploads\/2026\/03\/0002.jpg\" alt=\"\" width=\"838\" height=\"594\" \/><\/p>\n<p>&nbsp;<\/p>\n<p>&nbsp;<\/p>\n<p>26.04. &#8211; 10.30: Uhr Uli Neuenhausen<\/p>\n<p>22. &#8211; 25.09.: Kinderevangelisation mit Karsten Schwarz<\/p>\n<p>30.10. &#8211; 19.30 Uhr: Christoph Stenschke<\/p>\n<p>01.11. &#8211; 10.30 Uhr: Christoph Stenschke<\/p>\n<p>26. &#8211; 29.11. :Anton Weidensd\u00f6rfer<\/p>\n<p>&nbsp;<\/p>\n<p><strong>R\u00fcckblick:<\/strong><\/p>\n<p>28.-30.09.2025: Vertiefungsabende mit <strong>Edy Berszan<\/strong><\/p>\n<p style=\"padding-left: 40px;\"><a href=\"https:\/\/youtube.com\/live\/nhVCTFoa0Fs?feature=share\">1. Leben in dieser Welt, aber wie?<\/a><\/p>\n<p style=\"padding-left: 40px;\"><a href=\"https:\/\/youtube.com\/live\/eh5vclQoPmI?feature=share\">2. Wir sind nicht von dieser Welt<\/a><\/p>\n<p style=\"padding-left: 40px;\"><a href=\"https:\/\/youtube.com\/live\/hyudm_UVD-g?feature=share\">3. Wir sind st\u00e4rker als die Welt<\/a><\/p>\n<p>24.08. Matthias Burhenne: <a href=\"https:\/\/youtube.com\/live\/DbSlxjczOQk?feature=share\">Jesus Christus &#8211; ganz Gott und ganz Mensch<\/a><\/p>\n<p>12.06. &#8211; 15.06.2025: Olaf Latzel in Muldenhammer<\/p>\n<p style=\"padding-left: 40px;\">12.06.2025: <a href=\"https:\/\/youtu.be\/t7df_6IEU_k?si=fRbqv3A0pI0-VstD\">&#8222;Was passiert, wenn ich sterbe?&#8220;\u00a0<\/a><\/p>\n<p style=\"padding-left: 40px;\">13.06.2025: <a href=\"https:\/\/youtu.be\/WmXZ9hpb6Go?si=HFOxdhJoY7Vy2Gev\">&#8222;Wie erhalte ich Weisung f\u00fcr mein Leben?&#8220;<\/a><\/p>\n<p style=\"padding-left: 40px;\">14.06.2025: <a href=\"https:\/\/youtu.be\/tG88fK9t_V0?si=5kMtdVcIsNsOrtZ2\">&#8222;Was ist mit dem Leid in der Welt?&#8220;<\/a><\/p>\n<p style=\"padding-left: 40px;\">15.06.2025: <a href=\"https:\/\/youtu.be\/m7_7K6UKQfs?si=QoTGIhcD2G2TMieH\">&#8222;Was bekomme ich, wenn ich Jesus nachfolge?&#8220;<\/a><\/p>\n<p>28.-30.03.2025\u00a0 <strong><a href=\"https:\/\/eisvandijk.com\/\">Eisbert Van Dijk<\/a> <\/strong>zum Thema \u201eBefreit leben\u201c:<\/p>\n<p style=\"padding-left: 40px;\"><a href=\"https:\/\/youtube.com\/live\/Yj5ISuMBKpk?feature=share\">1. Identit\u00e4t:<\/a> Bei Identit\u00e4t geht es um die Frage, wer ich von innen wirklich bin. Wie sieht Gott mich, und was bestimmt wer ich bin? Die Frage zu stellen ist notwendig, weil in dieser Welt unsere Identit\u00e4t oft bestimmt wird von \u00c4u\u00dferlichkeiten: Was habe ich? Wie sehe ich aus? Was ist mein Status? Bin ich in Sicherheit\/Geborgenheit? 2.Kor.5,17<\/p>\n<p style=\"padding-left: 40px;\"><a href=\"https:\/\/youtube.com\/live\/QMNigFx0fZo?feature=share\">2. Wahrheit:<\/a> Die Wahrheit erkennen befreit mich, sagt Jesus Christus in Joh 8,31-33. Was soll ich dann erkennen? Wovon befreit werden und wozu? Wenn ich nicht frei bin, bin ich gebunden\/versklavt. Bin ich das al Christ? Ist das der Grund daf\u00fcr, dass ich geistlich schlecht vorankomme oder nicht wachse?<\/p>\n<p style=\"padding-left: 40px;\"><a href=\"https:\/\/youtube.com\/live\/ADjOliytnfM?feature=share\">3. Der Streit in unseren Gedanken:<\/a><u><\/u> In R\u00f6mer 12,2 sagt Paulus uns deutlich, dass Ver\u00e4nderung alles mit unserem denken zu tun hat. Was stimmt dann nicht mit meinen Gedanken und was k\u00f6nnten die Ursachen sein? 2.Kor.10,3-5 spielt u.a. hierbei eine wichtige Rolle.<\/p>\n<p style=\"padding-left: 40px;\"><a href=\"https:\/\/youtube.com\/live\/bbFGIJwodcY?feature=share\">4. Vergebung:<\/a> F\u00fcr ein stabiles emotionales Leben ist es u.a. notwendig, dass wir andere Menschen vergeben k\u00f6nnen. Aber was bedeutet eigentlich Vergebung und wie praktiziere ich das in meinem Leben? Wie wichtige Verse Eph.4,32 + Kol.3,13<\/p>\n<p>02.-03.11.2024: <strong>Uli Neuenhausen<\/strong> \u201eOffenbarung \u2013 das Buch, das gl\u00fccklich macht&#8220;<\/p>\n<p style=\"padding-left: 40px;\"><a href=\"https:\/\/www.youtube.com\/live\/wgtDP8kggbA?si=ZXgloGSI2DKfdAxF\">&#8222;Zwei Frauen, eine Entscheidung &#8211; Hure Babylon und Braut Jerusalem. (Offb 17-22)&#8220;<\/a><\/p>\n<p style=\"padding-left: 40px;\"><a href=\"https:\/\/www.youtube.com\/live\/oNUUcKLOxek?si=h3gnGPHLzKkXrkyJ\">&#8222;Mitten im Kampf und jetzt schon Sieger (Offb 12)&#8220;<\/a><\/p>\n<p>07.-09.06.2024: <strong>Johannes Gerloff<br \/>\n<\/strong><\/p>\n<p style=\"padding-left: 40px;\"><a href=\"https:\/\/www.youtube.com\/live\/1C--pDjWKGc?feature=share\">&#8222;In Gottes Linien denken&#8220;<\/a><\/p>\n<p style=\"padding-left: 40px;\"><a href=\"https:\/\/www.youtube.com\/live\/vE3XrHlySis\">&#8222;Was will Gott mit Israel?&#8220;<\/a><\/p>\n<p style=\"padding-left: 40px;\"><a href=\"https:\/\/www.youtube.com\/live\/eyrjD7V4RQ4\">&#8222;Was will Gott von mir?&#8220;<\/a><\/p>\n<p>05.-07.04.2024: <strong>Kai M\u00fcller<\/strong><\/p>\n<p style=\"padding-left: 40px;\"><a href=\"https:\/\/youtu.be\/dey2tteJm48?si=q9VoE_FRG-yYl7eQ\">Die 4 Schl\u00fcssel zur Weisheit (Schl\u00fcssel 1-3) \/ Weil Gottesfurcht die Voraussetzung f\u00fcr alles ist<\/a><\/p>\n<p style=\"padding-left: 40px;\"><a href=\"https:\/\/youtu.be\/z41pQp-srE0?si=u7dgAk0UyNkBYHyu\">Weisheit f\u00fcr die Familie (Schl\u00fcssel 4)<\/a><\/p>\n<p style=\"padding-left: 40px;\"><a href=\"https:\/\/youtu.be\/JOaP81V8vWk?si=IqwInv1UUvFf9KIf\">Weisheit f\u00fcr unsere Zeit<\/a><\/p>\n","protected":false},"excerpt":{"rendered":"<p>15. &#8211; 18.3.: Vortr\u00e4ge von Thomas Heckel: Galaterbrief &nbsp; &nbsp; 26.04. &#8211; 10.30: Uhr Uli Neuenhausen 22. &#8211; 25.09.: Kinderevangelisation mit Karsten Schwarz 30.10. &#8211; 19.30 Uhr: Christoph Stenschke 01.11. &#8211; 10.30 Uhr: Christoph Stenschke 26. &#8211; 29.11. :Anton Weidensd\u00f6rfer &nbsp; R\u00fcckblick: 28.-30.09.2025: Vertiefungsabende mit Edy Berszan 1. Leben in dieser Welt, aber wie? 2. &hellip; <a href=\"https:\/\/efg-hammerbruecke.de\/wordpress\/?page_id=2\" class=\"more-link\"><span class=\"screen-reader-text\">&#8222;Aktuelles&#8220; <\/span>weiterlesen<\/a><\/p>\n","protected":false},"author":3,"featured_media":0,"parent":0,"menu_order":1,"comment_status":"closed","ping_status":"closed","template":"","meta":{"footnotes":""},"class_list":["post-2","page","type-page","status-publish","hentry"],"_links":{"self":[{"href":"https:\/\/efg-hammerbruecke.de\/wordpress\/index.php?rest_route=\/wp\/v2\/pages\/2","targetHints":{"allow":["GET"]}}],"collection":[{"href":"https:\/\/efg-hammerbruecke.de\/wordpress\/index.php?rest_route=\/wp\/v2\/pages"}],"about":[{"href":"https:\/\/efg-hammerbruecke.de\/wordpress\/index.php?rest_route=\/wp\/v2\/types\/page"}],"author":[{"embeddable":true,"href":"https:\/\/efg-hammerbruecke.de\/wordpress\/index.php?rest_route=\/wp\/v2\/users\/3"}],"replies":[{"embeddable":true,"href":"https:\/\/efg-hammerbruecke.de\/wordpress\/index.php?rest_route=%2Fwp%2Fv2%2Fcomments&post=2"}],"version-history":[{"count":101,"href":"https:\/\/efg-hammerbruecke.de\/wordpress\/index.php?rest_route=\/wp\/v2\/pages\/2\/revisions"}],"predecessor-version":[{"id":1753,"href":"https:\/\/efg-hammerbruecke.de\/wordpress\/index.php?rest_route=\/wp\/v2\/pages\/2\/revisions\/1753"}],"wp:attachment":[{"href":"https:\/\/efg-hammerbruecke.de\/wordpress\/index.php?rest_route=%2Fwp%2Fv2%2Fmedia&parent=2"}],"curies":[{"name":"wp","href":"https:\/\/api.w.org\/{rel}","templated":true}]}}