{"id":180,"date":"2019-05-18T19:58:11","date_gmt":"2019-05-18T19:58:11","guid":{"rendered":"http:\/\/efg-hammerbruecke.de\/?page_id=180"},"modified":"2019-11-17T12:57:36","modified_gmt":"2019-11-17T12:57:36","slug":"unglaubliches-am-ostersonntag","status":"publish","type":"page","link":"https:\/\/efg-hammerbruecke.de\/wordpress\/?page_id=180","title":{"rendered":"2019-04 Unglaubliches am Ostersonntag"},"content":{"rendered":"<p><strong>\u00dcBER UNGLAUBLICHES AM OSTERSONNTAG!<\/strong><\/p>\n<p>Jeden Sonntag bekennen Christen der ganzen Welt die Auferstehung von Jesus Christus!<\/p>\n<p>F\u00fcr diesen 1. Wochentag hat sich selbst im tiefsten sowjetischen Atheismus des vergangenen Jahrhunderts der Name \u201eAuferstehung\u201c (\u0432\u043e\u0441\u043a\u0440\u0435\u0441\u0435\u043d\u044c\u0435) gegen\u00fcber dem r\u00f6misch\/ katholischen \u201eSonntag\u201c hartn\u00e4ckig gehalten.<\/p>\n<p>&nbsp;<\/p>\n<p>Medizinischer Befund:<\/p>\n<p>Die Auferstehung aus den Toten widerspricht allerdings jeder biologischen Beobachtung! Was tot ist, ist tot!<\/p>\n<p>&nbsp;<\/p>\n<p>Reinkarnation:<\/p>\n<p>Unbeeindruckt davon tr\u00f6sten sich heute in Deutschland mehr Menschen mit einer geistlichen oder auch k\u00f6rperlichen Wiederherstellung ihrer Identit\u00e4t in anderen Lebensformen. Dabei muss man (z.B. als Schmetterling) nicht mehr an Himmel, H\u00f6lle oder Gericht glauben.<\/p>\n<p>&nbsp;<\/p>\n<p>Nationalhymne:<\/p>\n<p>\u00dcberraschend begegnet uns auch der Gedanke an eine Auferstehung, rhetorisch und unerwartet z.B. in: \u201eAuferstanden aus Ruinen\u201c, der Nationalhymne der ehemaligen DDR (1949, Johannes R. Becher). In der ersten Fassung lesen wir dort sogar mit \u201esakraler\u201c \u00dcberh\u00f6hung von: \u00a0\u201eDeutschland, HEILIG Vaterland\u201c, verbunden mit der ersehnten Hoffnung auf eine Auferstehung des neuen, vereinten Deutschlands nach dem 2. Weltkrieg in eine friedliche, entmilitarisierte Zukunft. Diese Hoffnung wurde jedoch nach schon wenigen Jahren begraben.<\/p>\n<p>&nbsp;<\/p>\n<p>Juristische Aufarbeitung:<\/p>\n<p>Der US-Film: \u201eAuferstehung\u201c, von dem studierten Juristen und Regisseur Kevin Reynolds (M\u00e4rz 2016), besch\u00e4ftigt sich mit den historischen und belegbaren Fakten zur Auferstehung von Jesus Christus. Der Mittelpunkt ist hier die Hinrichtung am Kreuz und die von \u201eAmtswegen\u201c bewachte Grablegung. Die Puzzleteile zur Aufkl\u00e4rung dieses mysteri\u00f6sen Falles setzen sich dort nach und nach zu einem Bild zusammen, das selbst den verbreiteten kritischen Unglauben des Milit\u00e4rtribun Claudius in Frage stellt.<\/p>\n<p>&nbsp;<\/p>\n<p>Biblische Grundlage:<\/p>\n<p>Bereits in den ersten geschichtlichen Dokumenten zu diesem Ereignis lesen wir in der Bibel (Apg.1, 22), wo von 120 Personen nur gerichtsf\u00e4hige Zeugen der realen Auferstehung ausgew\u00e4hlt wurden, die umfassend Kenntnis aller Ereignisse hatten. Das blieb damals auf der ber\u00fchmtesten Plattform philosophischer Diskussionen in Athen nicht ohne Widerspruch. Die Argumente reduzierten sich schnell auf bei\u00dfenden Spott und Zynismus, ungeachtet der apostolischen Zeugen und der \u00fcber 500 lebendigen Menschen, die das best\u00e4tigen konnten. (1. Kor.15,6)<\/p>\n<p>&nbsp;<\/p>\n<p>Aktuelle Stellungnahme:<\/p>\n<p>F\u00fcr uns Christen ist heute die Auferstehung besonders dort glaubw\u00fcrdig, wo die Beziehung zu Jesus Christus nicht mehr tot, sondern wieder \u201elebendig\u201c geworden ist. Das ermutigt nicht nur am Grab und nicht nur sonntags zu einer Auferstehungshoffnung!<\/p>\n<p>Worte von Jesus Christus zu einer Frau, in einer hoffnungslosen Situation: \u201eIch bin die Auferstehung und das Leben; wer an mich glaubt wird leben, auch wenn er gestorben ist; \u2026 Glaubst du das?\u201c<\/p>\n<p>(die Bibel in Joh.11,25)<\/p>\n<p><em>(\u00a9 <a href=\"mailto:Johannes@Pucklitzsch.net\">Johannes Pucklitzsch<\/a>)<\/em><\/p>\n<p>&nbsp;<\/p>\n","protected":false},"excerpt":{"rendered":"<p>\u00dcBER UNGLAUBLICHES AM OSTERSONNTAG! Jeden Sonntag bekennen Christen der ganzen Welt die Auferstehung von Jesus Christus! F\u00fcr diesen 1. Wochentag hat sich selbst im tiefsten sowjetischen Atheismus des vergangenen Jahrhunderts der Name \u201eAuferstehung\u201c (\u0432\u043e\u0441\u043a\u0440\u0435\u0441\u0435\u043d\u044c\u0435) gegen\u00fcber dem r\u00f6misch\/ katholischen \u201eSonntag\u201c hartn\u00e4ckig gehalten. &nbsp; Medizinischer Befund: Die Auferstehung aus den Toten widerspricht allerdings jeder biologischen Beobachtung! Was &hellip; <a href=\"https:\/\/efg-hammerbruecke.de\/wordpress\/?page_id=180\" class=\"more-link\"><span class=\"screen-reader-text\">&#8222;2019-04 Unglaubliches am Ostersonntag&#8220; <\/span>weiterlesen<\/a><\/p>\n","protected":false},"author":3,"featured_media":0,"parent":118,"menu_order":2,"comment_status":"closed","ping_status":"closed","template":"","meta":{"footnotes":""},"class_list":["post-180","page","type-page","status-publish","hentry"],"_links":{"self":[{"href":"https:\/\/efg-hammerbruecke.de\/wordpress\/index.php?rest_route=\/wp\/v2\/pages\/180","targetHints":{"allow":["GET"]}}],"collection":[{"href":"https:\/\/efg-hammerbruecke.de\/wordpress\/index.php?rest_route=\/wp\/v2\/pages"}],"about":[{"href":"https:\/\/efg-hammerbruecke.de\/wordpress\/index.php?rest_route=\/wp\/v2\/types\/page"}],"author":[{"embeddable":true,"href":"https:\/\/efg-hammerbruecke.de\/wordpress\/index.php?rest_route=\/wp\/v2\/users\/3"}],"replies":[{"embeddable":true,"href":"https:\/\/efg-hammerbruecke.de\/wordpress\/index.php?rest_route=%2Fwp%2Fv2%2Fcomments&post=180"}],"version-history":[{"count":2,"href":"https:\/\/efg-hammerbruecke.de\/wordpress\/index.php?rest_route=\/wp\/v2\/pages\/180\/revisions"}],"predecessor-version":[{"id":240,"href":"https:\/\/efg-hammerbruecke.de\/wordpress\/index.php?rest_route=\/wp\/v2\/pages\/180\/revisions\/240"}],"up":[{"embeddable":true,"href":"https:\/\/efg-hammerbruecke.de\/wordpress\/index.php?rest_route=\/wp\/v2\/pages\/118"}],"wp:attachment":[{"href":"https:\/\/efg-hammerbruecke.de\/wordpress\/index.php?rest_route=%2Fwp%2Fv2%2Fmedia&parent=180"}],"curies":[{"name":"wp","href":"https:\/\/api.w.org\/{rel}","templated":true}]}}