{"id":118,"date":"2018-03-30T12:11:45","date_gmt":"2018-03-30T12:11:45","guid":{"rendered":"http:\/\/efg-hammerbruecke.de\/?page_id=118"},"modified":"2026-03-05T15:25:11","modified_gmt":"2026-03-05T15:25:11","slug":"nachgedacht","status":"publish","type":"page","link":"https:\/\/efg-hammerbruecke.de\/wordpress\/?page_id=118","title":{"rendered":"Nachgedacht"},"content":{"rendered":"<p><a href=\"https:\/\/efg-hammerbruecke.de\/wordpress\/?page_id=1757\">2026-02 Fasten<\/a><\/p>\n<p><a href=\"https:\/\/efg-hammerbruecke.de\/wordpress\/?page_id=684\">2025-12 Maulwurfhaufen<\/a><\/p>\n<p><a href=\"https:\/\/efg-hammerbruecke.de\/wordpress\/?page_id=664\">2025-07 Kriegsgefahr<\/a><\/p>\n<p><a href=\"https:\/\/efg-hammerbruecke.de\/wordpress\/?page_id=640\">2025-02 Allianzgebetswoche 2025<\/a><\/p>\n<p><a href=\"https:\/\/efg-hammerbruecke.de\/wordpress\/?page_id=628\">2025-01 OpenDoors-Einladung<\/a><\/p>\n<p><a href=\"https:\/\/efg-hammerbruecke.de\/wordpress\/?page_id=625\">2024-12 Licht<\/a><\/p>\n<p><a href=\"https:\/\/efg-hammerbruecke.de\/wordpress\/?page_id=621\">2024-11 BEOBACHTUNG IM NOVEMBER<\/a><\/p>\n<p><a href=\"https:\/\/efg-hammerbruecke.de\/wordpress\/?page_id=613\">2024-09 Sommerfest der EFG Hammerbr\u00fccke<\/a><\/p>\n<p><a href=\"https:\/\/efg-hammerbruecke.de\/wordpress\/?page_id=609\">2024-08 Nach Hause kommen (Teil 2)<\/a><\/p>\n<p><a href=\"https:\/\/efg-hammerbruecke.de\/wordpress\/?page_id=606\">2024-07 Nach Hause kommen (Teil 1)<\/a><\/p>\n<p><a href=\"https:\/\/efg-hammerbruecke.de\/wordpress\/?page_id=600\">2024-05 KI: K\u00fcnstliche Intelligenz (Teil 2)<\/a><\/p>\n<p><a href=\"https:\/\/efg-hammerbruecke.de\/wordpress\/?page_id=595\">2024-04 KI: K\u00fcnstliche Intelligenz (Teil 1)<\/a><\/p>\n<p><a href=\"https:\/\/efg-hammerbruecke.de\/wordpress\/?page_id=530\">2024-02 Einige Gedanken \u00fcber RECHTS ODER LINKS in der Bibel<\/a><\/p>\n<p><a href=\"https:\/\/efg-hammerbruecke.de\/wordpress\/?page_id=510\">2024-01 Hochwasser \u2013 Regenbogen \u2013 Strafe Gottes<\/a><\/p>\n<p><a href=\"https:\/\/efg-hammerbruecke.de\/wordpress\/?page_id=507\">2023-12 Advent, Weihnachten und das 1. Geschenk<\/a><\/p>\n<p><a href=\"https:\/\/efg-hammerbruecke.de\/wordpress\/?page_id=504\">2023-11 Zeit \u2013 Stress \u2013 Ruhe<\/a><\/p>\n<p><a href=\"https:\/\/efg-hammerbruecke.de\/wordpress\/?page_id=501\">2023-10 Bin ich gut genug?<\/a><\/p>\n<p><a href=\"https:\/\/efg-hammerbruecke.de\/wordpress\/?page_id=497\">2023-08 60 Plus \u2013 Unsere Seniorennachmittage<\/a><\/p>\n<p><a href=\"https:\/\/efg-hammerbruecke.de\/wordpress\/?page_id=491\">2023-07 Kinder sind ein Geschenk<\/a><\/p>\n<p><a href=\"https:\/\/efg-hammerbruecke.de\/wordpress\/?page_id=476\">2023-06 Worauf wir uns verlassen k\u00f6nnen<\/a><\/p>\n<p><a href=\"https:\/\/efg-hammerbruecke.de\/wordpress\/?page_id=488\">2023-04 Der die ganze Welt ver\u00e4nderte<\/a><\/p>\n<p><a href=\"https:\/\/efg-hammerbruecke.de\/wordpress\/?page_id=485\">2023-03 Fr\u00fchling \u2013 Gartensession Start! \ud83d\ude42<\/a><\/p>\n<p><a href=\"https:\/\/efg-hammerbruecke.de\/wordpress\/?page_id=482\">2023-02 \u201eFreude\u201c \u2013 Allianzgebetswoche<\/a><\/p>\n<p><a href=\"https:\/\/efg-hammerbruecke.de\/wordpress\/?page_id=479\">2023-01 Gott sieht dich \u2013 Jahreslosung 2023<\/a><\/p>\n<p><a href=\"https:\/\/efg-hammerbruecke.de\/wordpress\/?page_id=469\">2022-12 KLEINER FAKTENCHECK ZUR ZEITENWENDE<\/a><\/p>\n<p><a href=\"https:\/\/efg-hammerbruecke.de\/wordpress\/?page_id=466\">2022-10 In der Wahlkabine, auf hoher See \u2026 und vor Gott sind alle Menschen gleich \u2013 und allein.<\/a><\/p>\n<p><a href=\"https:\/\/efg-hammerbruecke.de\/wordpress\/?page_id=463\">2022-09 Du bist gewollt!<\/a><\/p>\n<p><a href=\"https:\/\/efg-hammerbruecke.de\/wordpress\/?page_id=460\">2022-08 Schulanfang \u2013 Schulrecht \u2013 Schulpflicht<\/a><\/p>\n<p><a href=\"https:\/\/efg-hammerbruecke.de\/wordpress\/?page_id=453\">2022-05 Ukrainehilfe<\/a><\/p>\n<p><a href=\"https:\/\/efg-hammerbruecke.de\/wordpress\/?page_id=448\">2022-04 \u201eDenn sie wissen nicht, was sie tun! \u2026\u201c<\/a><\/p>\n<p><a href=\"https:\/\/efg-hammerbruecke.de\/wordpress\/?page_id=426\">2022-03 Israel \u2013 Johannes Gerloff<\/a><\/p>\n<p><a href=\"https:\/\/efg-hammerbruecke.de\/wordpress\/?page_id=417\">2022-01 Sonntagsruhe<\/a><\/p>\n<p><a href=\"https:\/\/efg-hammerbruecke.de\/wordpress\/?page_id=408\">2021-09 WASSERKRAFT<\/a><\/p>\n<p><a href=\"https:\/\/efg-hammerbruecke.de\/wordpress\/?page_id=399\">2021-08 APOKALYPSE<\/a><\/p>\n<p><a href=\"https:\/\/efg-hammerbruecke.de\/wordpress\/?page_id=395\">2021-07 BETEN und DENKEN<\/a><\/p>\n<p><a href=\"https:\/\/efg-hammerbruecke.de\/wordpress\/?page_id=390\">2021-05 Ein Fels, der Halt gibt!<\/a><\/p>\n<p><a href=\"https:\/\/efg-hammerbruecke.de\/wordpress\/?page_id=384\">2021-04 WENN DER HIMMEL VON DER EHRE GOTTES ERZ\u00c4HLT<\/a><\/p>\n<p><a href=\"https:\/\/efg-hammerbruecke.de\/wordpress\/?page_id=378\">2021-01 ST. ROCHUS UND ST.SEBASTIAN HELFEN NICHT!<\/a><\/p>\n<p><a href=\"https:\/\/efg-hammerbruecke.de\/wordpress\/?page_id=371\">2020-12 DAS FEST OHNE FEIER<\/a><\/p>\n<p><a href=\"https:\/\/efg-hammerbruecke.de\/wordpress\/?page_id=365\">2020-11 \u201eNUN WIRD ES ZEIT! \u2026\u201c<\/a><\/p>\n<p><a href=\"https:\/\/efg-hammerbruecke.de\/wordpress\/?page_id=359\">2020-10 \u201eF\u00fcr ihn gilt die Bibel als uneingeschr\u00e4nkt wahr!\u201c<\/a><\/p>\n<p><a href=\"https:\/\/efg-hammerbruecke.de\/wordpress\/?page_id=353\">2020-09 \u201eSuperfromm\u201c in Muldenhammer!<\/a><\/p>\n<p><a href=\"https:\/\/efg-hammerbruecke.de\/wordpress\/?page_id=340\">2020-08 NUN WIRD GEBAUT!<\/a><\/p>\n<p><a href=\"https:\/\/efg-hammerbruecke.de\/wordpress\/?page_id=332\">2020-07 \u201eEin Esel ist doch kein Zebra!\u201c<\/a><\/p>\n<p><a href=\"https:\/\/efg-hammerbruecke.de\/wordpress\/?page_id=326\">2020-05 \u201eDie Maskenrepublik\u201c<\/a><\/p>\n<p><a href=\"https:\/\/efg-hammerbruecke.de\/wordpress\/?page_id=308\">2020-04 Was sind das nur f\u00fcr Zeiten ?<\/a><\/p>\n<p><a href=\"https:\/\/efg-hammerbruecke.de\/wordpress\/?page_id=293\">2020-03 Corona und Quarant\u00e4ne<\/a><\/p>\n<p><a href=\"https:\/\/efg-hammerbruecke.de\/wordpress\/?page_id=273\">2020-02 Ein Martin Luther aus Hammerbr\u00fccke?<\/a><\/p>\n<p><a href=\"https:\/\/efg-hammerbruecke.de\/wordpress\/?page_id=276\">2020-01 Wer hat da geknallt?<\/a><\/p>\n<p><a href=\"https:\/\/efg-hammerbruecke.de\/wordpress\/?page_id=270\">2019-12 Gro\u00dfe Rettungsaktion<\/a><\/p>\n<p><a href=\"https:\/\/efg-hammerbruecke.de\/wordpress\/?page_id=256\">2019-11 \u201eGender\u201c ist nicht die L\u00f6sung, sondern das Problem!<\/a><\/p>\n<p><a href=\"https:\/\/efg-hammerbruecke.de\/wordpress\/?page_id=253\">2019-10 EIN LETZTER SCHRITT!<\/a><\/p>\n<p><a href=\"https:\/\/efg-hammerbruecke.de\/wordpress\/?page_id=233\">2019-09 Herbst &amp; Frieden<\/a><\/p>\n<p><a href=\"https:\/\/efg-hammerbruecke.de\/wordpress\/?page_id=245\">2019-08 Zukunftsangst<\/a><\/p>\n<p><a href=\"https:\/\/efg-hammerbruecke.de\/wordpress\/?page_id=218\">2019-07 Impulse f\u00fcr Realisten<\/a><\/p>\n<p><a href=\"https:\/\/efg-hammerbruecke.de\/wordpress\/?page_id=210\">2019-06 Ein \u201eChefkoch\u201c bei Senioren<\/a><\/p>\n<p><a href=\"https:\/\/efg-hammerbruecke.de\/wordpress\/?page_id=203\">2019-05 Wei\u00dfe Fahne<\/a><\/p>\n<p><a href=\"https:\/\/efg-hammerbruecke.de\/wordpress\/?page_id=180\">2019-04 Unglaubliches am Ostersonntag<\/a><\/p>\n<p><a href=\"https:\/\/efg-hammerbruecke.de\/wordpress\/?page_id=186\">2019-02 Schlittenhunderennen<\/a><\/p>\n","protected":false},"excerpt":{"rendered":"<p>2026-02 Fasten 2025-12 Maulwurfhaufen 2025-07 Kriegsgefahr 2025-02 Allianzgebetswoche 2025 2025-01 OpenDoors-Einladung 2024-12 Licht 2024-11 BEOBACHTUNG IM NOVEMBER 2024-09 Sommerfest der EFG Hammerbr\u00fccke 2024-08 Nach Hause kommen (Teil 2) 2024-07 Nach Hause kommen (Teil 1) 2024-05 KI: K\u00fcnstliche Intelligenz (Teil 2) 2024-04 KI: K\u00fcnstliche Intelligenz (Teil 1) 2024-02 Einige Gedanken \u00fcber RECHTS ODER LINKS in der &hellip; <a href=\"https:\/\/efg-hammerbruecke.de\/wordpress\/?page_id=118\" class=\"more-link\"><span class=\"screen-reader-text\">&#8222;Nachgedacht&#8220; <\/span>weiterlesen<\/a><\/p>\n","protected":false},"author":3,"featured_media":0,"parent":0,"menu_order":3,"comment_status":"closed","ping_status":"closed","template":"","meta":{"footnotes":""},"class_list":["post-118","page","type-page","status-publish","hentry"],"_links":{"self":[{"href":"https:\/\/efg-hammerbruecke.de\/wordpress\/index.php?rest_route=\/wp\/v2\/pages\/118","targetHints":{"allow":["GET"]}}],"collection":[{"href":"https:\/\/efg-hammerbruecke.de\/wordpress\/index.php?rest_route=\/wp\/v2\/pages"}],"about":[{"href":"https:\/\/efg-hammerbruecke.de\/wordpress\/index.php?rest_route=\/wp\/v2\/types\/page"}],"author":[{"embeddable":true,"href":"https:\/\/efg-hammerbruecke.de\/wordpress\/index.php?rest_route=\/wp\/v2\/users\/3"}],"replies":[{"embeddable":true,"href":"https:\/\/efg-hammerbruecke.de\/wordpress\/index.php?rest_route=%2Fwp%2Fv2%2Fcomments&post=118"}],"version-history":[{"count":27,"href":"https:\/\/efg-hammerbruecke.de\/wordpress\/index.php?rest_route=\/wp\/v2\/pages\/118\/revisions"}],"predecessor-version":[{"id":1760,"href":"https:\/\/efg-hammerbruecke.de\/wordpress\/index.php?rest_route=\/wp\/v2\/pages\/118\/revisions\/1760"}],"wp:attachment":[{"href":"https:\/\/efg-hammerbruecke.de\/wordpress\/index.php?rest_route=%2Fwp%2Fv2%2Fmedia&parent=118"}],"curies":[{"name":"wp","href":"https:\/\/api.w.org\/{rel}","templated":true}]}}